{"id":12832,"date":"2025-02-13T14:24:23","date_gmt":"2025-02-13T14:24:23","guid":{"rendered":"https:\/\/edimeinter.com\/libreria\/?post_type=product&#038;p=12832"},"modified":"2025-03-04T20:55:33","modified_gmt":"2025-03-04T20:55:33","slug":"ventilacion-mecanica-libro-del-comite-de-neumonologia-critica-de-la-sati-3a","status":"publish","type":"product","link":"https:\/\/edimeinter.com\/libreria\/product\/ventilacion-mecanica-libro-del-comite-de-neumonologia-critica-de-la-sati-3a\/","title":{"rendered":"Ventilaci\u00f3n Mec\u00e1nica \u2013 Libro del Comit\u00e9 de Neumonolog\u00eda Cr\u00edtica de la SATI. 3\u00aa"},"content":{"rendered":"\t\t<div data-elementor-type=\"wp-post\" data-elementor-id=\"12832\" class=\"elementor elementor-12832\">\n\t\t\t\t<div class=\"elementor-element elementor-element-2612b12 e-flex e-con-boxed e-con e-parent\" data-id=\"2612b12\" data-element_type=\"container\" data-e-type=\"container\">\n\t\t\t\t\t<div class=\"e-con-inner\">\n\t\t\n\t\t<div class=\"elementor-element elementor-element-498707ae elementor-widget elementor-widget-text-editor\" data-id=\"498707ae\" data-element_type=\"widget\" data-e-type=\"widget\" data-widget_type=\"text-editor.default\">\n\t\t\t\t<div class=\"elementor-widget-container\">\n\t\t\t\t\t\t\t\t\t<div class=\"accordionContent pulir\"><div class=\"accordionContent pulir\"><p>La evoluci\u00f3n de la ventilaci\u00f3n mec\u00e1nica requiere de actualizaci\u00f3n permanente para los profesionales que se desempe\u00f1an en el \u00e1mbito de la Terapia Intensiva. Tanto para la incorporaci\u00f3n de nuevas estrategias y tecnolog\u00edas, como para revisar temas que se van ajustando a la situaci\u00f3n actual de los conocimientos en el paciente cr\u00edtico.<\/p><p>Esto impuls\u00f3 a la realizaci\u00f3n de la 3ra edici\u00f3n del libro de Ventilaci\u00f3n Mec\u00e1nica del Comit\u00e9 de Neumonolog\u00eda Cr\u00edtica (CNC) de la Sociedad Argentina de Terapia Intensiva, incorporando aspectos importantes de monitorizaci\u00f3n, equipamiento y de seguridad del paciente. Participan, adem\u00e1s de los miembros del CNC, referentes extranjeros con m\u00faltiples publicaciones cient\u00edficas en ventilaci\u00f3n mec\u00e1nica que enriquecen los contenidos de esta obra.<\/p><\/div><div class=\"accordionContent pulir\">\u00a0<\/div><div class=\"accordionContent pulir\">Mas all\u00e1 de los avances tecnol\u00f3gicos y del conocimiento, la ventilaci\u00f3n mec\u00e1nica sigue arraigada en los principios fisiol\u00f3gicos y fisiopatol\u00f3gicos; y estos gu\u00edan la pr\u00e1ctica cl\u00ednica. Con un s\u00f3lido conocimiento de los conceptos fisiol\u00f3gicos que rigen la respiraci\u00f3n, un profesional podr\u00e1 establecer una ventilaci\u00f3n con una comprensi\u00f3n profunda de la fisiolog\u00eda con mejores argumentos para realizar ajustes en el ventilador para acompa\u00f1ar la din\u00e1mica de los cambios en los pacientes cr\u00edticos acorde a sus necesidades y evoluci\u00f3n.<\/div><div class=\"accordionContent pulir\">\u00a0<\/div><div class=\"accordionContent pulir\">Esta obra es de ayuda para todos los profesionales que desarrollan su tarea en terapia intensiva, y anhelamos permita una mejor atenci\u00f3n de los pacientes cr\u00edticos.<\/div><\/div>\t\t\t\t\t\t\t\t<\/div>\n\t\t\t\t<\/div>\n\t\t\t\t\t<\/div>\n\t\t\t\t<\/div>\n\t\t\t\t<\/div>\n\t\t","protected":false},"excerpt":{"rendered":"<p><strong>Autores:<\/strong>\u00a0SATI (Sociedad Argentina de Terapia Intensiva), Guillermo R. Chiappero, Fernando R\u00edos, Mariano Setten<br \/>\n<strong>ISBN:<\/strong>\u00a09789500695626<br \/>\n<strong>Editorial:<\/strong>\u00a0Panamericana<br \/>\n<strong>Edici\u00f3n:<\/strong>\u00a03\u00aa<br \/>\n<strong>Especialidad<\/strong>: Cuidados Intensivos<br \/>\n<strong>P\u00e1ginas:\u00a0<\/strong>444<br \/>\n\u00a9 2018<\/p>\n","protected":false},"featured_media":12834,"comment_status":"open","ping_status":"open","template":"","meta":{"_joinchat":[]},"product_cat":[179],"product_tag":[180,70],"class_list":{"0":"post-12832","1":"product","2":"type-product","3":"status-publish","4":"has-post-thumbnail","6":"product_cat-cuidados-intensivos","7":"product_tag-cuidados-intensivos","8":"product_tag-panamericana","10":"first","11":"outofstock","12":"featured","13":"taxable","14":"shipping-taxable","15":"purchasable","16":"product-type-simple"},"_links":{"self":[{"href":"https:\/\/edimeinter.com\/libreria\/wp-json\/wp\/v2\/product\/12832","targetHints":{"allow":["GET"]}}],"collection":[{"href":"https:\/\/edimeinter.com\/libreria\/wp-json\/wp\/v2\/product"}],"about":[{"href":"https:\/\/edimeinter.com\/libreria\/wp-json\/wp\/v2\/types\/product"}],"replies":[{"embeddable":true,"href":"https:\/\/edimeinter.com\/libreria\/wp-json\/wp\/v2\/comments?post=12832"}],"version-history":[{"count":1,"href":"https:\/\/edimeinter.com\/libreria\/wp-json\/wp\/v2\/product\/12832\/revisions"}],"predecessor-version":[{"id":15475,"href":"https:\/\/edimeinter.com\/libreria\/wp-json\/wp\/v2\/product\/12832\/revisions\/15475"}],"wp:featuredmedia":[{"embeddable":true,"href":"https:\/\/edimeinter.com\/libreria\/wp-json\/wp\/v2\/media\/12834"}],"wp:attachment":[{"href":"https:\/\/edimeinter.com\/libreria\/wp-json\/wp\/v2\/media?parent=12832"}],"wp:term":[{"taxonomy":"product_cat","embeddable":true,"href":"https:\/\/edimeinter.com\/libreria\/wp-json\/wp\/v2\/product_cat?post=12832"},{"taxonomy":"product_tag","embeddable":true,"href":"https:\/\/edimeinter.com\/libreria\/wp-json\/wp\/v2\/product_tag?post=12832"}],"curies":[{"name":"wp","href":"https:\/\/api.w.org\/{rel}","templated":true}]}}