{"id":12888,"date":"2025-02-13T18:49:02","date_gmt":"2025-02-13T18:49:02","guid":{"rendered":"https:\/\/edimeinter.com\/libreria\/?post_type=product&#038;p=12888"},"modified":"2026-02-19T21:43:39","modified_gmt":"2026-02-19T21:43:39","slug":"velazquez-farmacologia-basica-y-clinica-19a-edicion","status":"publish","type":"product","link":"https:\/\/edimeinter.com\/libreria\/product\/velazquez-farmacologia-basica-y-clinica-19a-edicion\/","title":{"rendered":"Velazquez. Farmacolog\u00eda B\u00e1sica y Cl\u00ednica. 19\u00aa Edici\u00f3n"},"content":{"rendered":"\t\t<div data-elementor-type=\"wp-post\" data-elementor-id=\"12888\" class=\"elementor elementor-12888\">\n\t\t\t\t<div class=\"elementor-element elementor-element-2612b12 e-flex e-con-boxed e-con e-parent\" data-id=\"2612b12\" data-element_type=\"container\" data-e-type=\"container\">\n\t\t\t\t\t<div class=\"e-con-inner\">\n\t\t\n\t\t<div class=\"elementor-element elementor-element-498707ae elementor-widget elementor-widget-text-editor\" data-id=\"498707ae\" data-element_type=\"widget\" data-e-type=\"widget\" data-widget_type=\"text-editor.default\">\n\t\t\t\t<div class=\"elementor-widget-container\">\n\t\t\t\t\t\t\t\t\t<div class=\"accordionContent pulir\"><div class=\"accordionContent pulir\"><p>Manteniendo la vocaci\u00f3n de ciencia biom\u00e9dica fundamental y su aplicaci\u00f3n a las ciencias de la salud, Vel\u00e1zquez. Farmacolog\u00eda b\u00e1sica y cl\u00ednica, 19a ed. es, desde hace m\u00e1s de 80 a\u00f1os, un libro de texto imprescindible de la farmacolog\u00eda humana en espa\u00f1ol.<\/p><p>Vel\u00e1zquez. Farmacolog\u00eda b\u00e1sica y cl\u00ednica, 19a ed. est\u00e1 dirigido a estudiantes de grado de disciplinas biom\u00e9dicas y como libro de consulta, a profesionales de ciencias de la salud.<\/p><\/div><\/div>\t\t\t\t\t\t\t\t<\/div>\n\t\t\t\t<\/div>\n\t\t\t\t\t<\/div>\n\t\t\t\t<\/div>\n\t\t\t\t<\/div>\n\t\t","protected":false},"excerpt":{"rendered":"<p><strong>Autores:<\/strong>\u00a0Pedro Lorenzo Fern\u00e1ndez, Alfonso Moreno Gonz\u00e1lez, Juan Carlos Leza Cerro, Ignacio Lizasoain Hern\u00e1ndez, Mar\u00eda \u00c1ngeles Moro S\u00e1nchez, Antonio Portol\u00e9s P\u00e9rez<br \/>\n<strong>ISBN:<\/strong>\u00a09786078546077<br \/>\n<strong>Editorial:<\/strong>\u00a0Panamericana<br \/>\n<strong>Edici\u00f3n:<\/strong>\u00a019\u00aa<br \/>\n<strong>Especialidad<\/strong>: Farmacolog\u00eda<br \/>\n<strong>P\u00e1ginas:\u00a0<\/strong>1282<br \/>\n\u00a9 2018<\/p>\n","protected":false},"featured_media":12889,"comment_status":"open","ping_status":"closed","template":"","meta":{"_joinchat":[]},"product_cat":[152],"product_tag":[153,70],"class_list":{"0":"post-12888","1":"product","2":"type-product","3":"status-publish","4":"has-post-thumbnail","6":"product_cat-farmacologia","7":"product_tag-farmacologia","8":"product_tag-panamericana","10":"first","11":"outofstock","12":"featured","13":"taxable","14":"shipping-taxable","15":"purchasable","16":"product-type-simple"},"_links":{"self":[{"href":"https:\/\/edimeinter.com\/libreria\/wp-json\/wp\/v2\/product\/12888","targetHints":{"allow":["GET"]}}],"collection":[{"href":"https:\/\/edimeinter.com\/libreria\/wp-json\/wp\/v2\/product"}],"about":[{"href":"https:\/\/edimeinter.com\/libreria\/wp-json\/wp\/v2\/types\/product"}],"replies":[{"embeddable":true,"href":"https:\/\/edimeinter.com\/libreria\/wp-json\/wp\/v2\/comments?post=12888"}],"version-history":[{"count":1,"href":"https:\/\/edimeinter.com\/libreria\/wp-json\/wp\/v2\/product\/12888\/revisions"}],"predecessor-version":[{"id":15479,"href":"https:\/\/edimeinter.com\/libreria\/wp-json\/wp\/v2\/product\/12888\/revisions\/15479"}],"wp:featuredmedia":[{"embeddable":true,"href":"https:\/\/edimeinter.com\/libreria\/wp-json\/wp\/v2\/media\/12889"}],"wp:attachment":[{"href":"https:\/\/edimeinter.com\/libreria\/wp-json\/wp\/v2\/media?parent=12888"}],"wp:term":[{"taxonomy":"product_cat","embeddable":true,"href":"https:\/\/edimeinter.com\/libreria\/wp-json\/wp\/v2\/product_cat?post=12888"},{"taxonomy":"product_tag","embeddable":true,"href":"https:\/\/edimeinter.com\/libreria\/wp-json\/wp\/v2\/product_tag?post=12888"}],"curies":[{"name":"wp","href":"https:\/\/api.w.org\/{rel}","templated":true}]}}