{"id":12907,"date":"2025-02-13T19:25:19","date_gmt":"2025-02-13T19:25:19","guid":{"rendered":"https:\/\/edimeinter.com\/libreria\/?post_type=product&#038;p=12907"},"modified":"2025-03-04T21:16:45","modified_gmt":"2025-03-04T21:16:45","slug":"neonatologia-practica-5a-edicion","status":"publish","type":"product","link":"https:\/\/edimeinter.com\/libreria\/product\/neonatologia-practica-5a-edicion\/","title":{"rendered":"Neonatolog\u00eda pr\u00e1ctica. 5\u00aa Edici\u00f3n"},"content":{"rendered":"\t\t<div data-elementor-type=\"wp-post\" data-elementor-id=\"12907\" class=\"elementor elementor-12907\">\n\t\t\t\t<div class=\"elementor-element elementor-element-2612b12 e-flex e-con-boxed e-con e-parent\" data-id=\"2612b12\" data-element_type=\"container\" data-e-type=\"container\">\n\t\t\t\t\t<div class=\"e-con-inner\">\n\t\t\n\t\t<div class=\"elementor-element elementor-element-498707ae elementor-widget elementor-widget-text-editor\" data-id=\"498707ae\" data-element_type=\"widget\" data-e-type=\"widget\" data-widget_type=\"text-editor.default\">\n\t\t\t\t<div class=\"elementor-widget-container\">\n\t\t\t\t\t\t\t\t\t<div class=\"accordionContent pulir\"><div class=\"accordionContent pulir\"><p>La 5\u00aa edici\u00f3n de Neonatolog\u00eda pr\u00e1ctica ha requerido una actualizaci\u00f3n extensa, pues la interpretaci\u00f3n de los conocimientos m\u00e9dicos ha cambiado mucho durante las \u00faltimas d\u00e9cadas debido a los avances en los m\u00e9todos de la medicina basada en la evidencia, especialmente, con las revisiones sistem\u00e1ticas y los metan\u00e1lisis. El trabajo del Dr. Jos\u00e9 Mar\u00eda Ceriani Cernadas y colaboradores abarca conceptos que emanan de esas revisiones, las cuales han derivado en una evoluci\u00f3n r\u00e1pida de los conocimientos en neonatolog\u00eda.<\/p><\/div><\/div>\t\t\t\t\t\t\t\t<\/div>\n\t\t\t\t<\/div>\n\t\t\t\t\t<\/div>\n\t\t\t\t<\/div>\n\t\t\t\t<\/div>\n\t\t","protected":false},"excerpt":{"rendered":"<p><strong>Autores:<\/strong>\u00a0Jos\u00e9 Mar\u00eda Ceriani Cernadas, Gonzalo Mariani, Ernesto A. Lupo, Alejandro Jenik<br \/>\n<strong>ISBN:<\/strong>\u00a09789500695558<br \/>\n<strong>Editorial:<\/strong>\u00a0Panamericana<br \/>\n<strong>Edici\u00f3n:<\/strong>\u00a05\u00aa<br \/>\n<strong>Especialidad<\/strong>: Pediatr\u00eda y Neonatolog\u00eda<br \/>\n<strong>P\u00e1ginas:\u00a0<\/strong>952<br \/>\n\u00a9 2018<\/p>\n","protected":false},"featured_media":12908,"comment_status":"open","ping_status":"open","template":"","meta":{"_joinchat":[]},"product_cat":[130],"product_tag":[70,131],"class_list":{"0":"post-12907","1":"product","2":"type-product","3":"status-publish","4":"has-post-thumbnail","6":"product_cat-pediatria-y-neonatologia","7":"product_tag-panamericana","8":"product_tag-pediatria-y-neonatologia","10":"first","11":"instock","12":"featured","13":"taxable","14":"shipping-taxable","15":"purchasable","16":"product-type-simple"},"_links":{"self":[{"href":"https:\/\/edimeinter.com\/libreria\/wp-json\/wp\/v2\/product\/12907","targetHints":{"allow":["GET"]}}],"collection":[{"href":"https:\/\/edimeinter.com\/libreria\/wp-json\/wp\/v2\/product"}],"about":[{"href":"https:\/\/edimeinter.com\/libreria\/wp-json\/wp\/v2\/types\/product"}],"replies":[{"embeddable":true,"href":"https:\/\/edimeinter.com\/libreria\/wp-json\/wp\/v2\/comments?post=12907"}],"version-history":[{"count":1,"href":"https:\/\/edimeinter.com\/libreria\/wp-json\/wp\/v2\/product\/12907\/revisions"}],"predecessor-version":[{"id":15481,"href":"https:\/\/edimeinter.com\/libreria\/wp-json\/wp\/v2\/product\/12907\/revisions\/15481"}],"wp:featuredmedia":[{"embeddable":true,"href":"https:\/\/edimeinter.com\/libreria\/wp-json\/wp\/v2\/media\/12908"}],"wp:attachment":[{"href":"https:\/\/edimeinter.com\/libreria\/wp-json\/wp\/v2\/media?parent=12907"}],"wp:term":[{"taxonomy":"product_cat","embeddable":true,"href":"https:\/\/edimeinter.com\/libreria\/wp-json\/wp\/v2\/product_cat?post=12907"},{"taxonomy":"product_tag","embeddable":true,"href":"https:\/\/edimeinter.com\/libreria\/wp-json\/wp\/v2\/product_tag?post=12907"}],"curies":[{"name":"wp","href":"https:\/\/api.w.org\/{rel}","templated":true}]}}