{"id":12928,"date":"2025-02-13T21:10:31","date_gmt":"2025-02-13T21:10:31","guid":{"rendered":"https:\/\/edimeinter.com\/libreria\/?post_type=product&#038;p=12928"},"modified":"2025-03-04T21:51:31","modified_gmt":"2025-03-04T21:51:31","slug":"dermatopatologia-esencial-para-dermatologos-y-patologos-1a-edicion","status":"publish","type":"product","link":"https:\/\/edimeinter.com\/libreria\/product\/dermatopatologia-esencial-para-dermatologos-y-patologos-1a-edicion\/","title":{"rendered":"Dermatopatolog\u00eda esencial para dermat\u00f3logos y pat\u00f3logos. 1\u00aa Edici\u00f3n"},"content":{"rendered":"\t\t<div data-elementor-type=\"wp-post\" data-elementor-id=\"12928\" class=\"elementor elementor-12928\">\n\t\t\t\t<div class=\"elementor-element elementor-element-2612b12 e-flex e-con-boxed e-con e-parent\" data-id=\"2612b12\" data-element_type=\"container\" data-e-type=\"container\">\n\t\t\t\t\t<div class=\"e-con-inner\">\n\t\t\n\t\t<div class=\"elementor-element elementor-element-498707ae elementor-widget elementor-widget-text-editor\" data-id=\"498707ae\" data-element_type=\"widget\" data-e-type=\"widget\" data-widget_type=\"text-editor.default\">\n\t\t\t\t<div class=\"elementor-widget-container\">\n\t\t\t\t\t\t\t\t\t<div class=\"accordionContent pulir\"><div class=\"accordionContent pulir\"><p>Dermatopatolog\u00eda esencial para dermat\u00f3logos y pat\u00f3logos es una obra pr\u00e1ctica, concisa y de lectura amigable, con im\u00e1genes cl\u00ednicas e histol\u00f3gicas de alta calidad representativas de todas las neoplasias cut\u00e1neas y su diagn\u00f3stico diferencial.<br \/>En cada tema se desarrollan: epidemiolog\u00eda, fisiopatolog\u00eda, formas cl\u00ednicas, histopatolog\u00eda, t\u00e9cnicas complementarias, diagn\u00f3sticos diferenciales y una lista de puntos fundamentales para recordar. El libro cuenta con m\u00e1s de 700 fotograf\u00edas que ilustran de manera did\u00e1ctica y clara la correlaci\u00f3n cl\u00ednico-patol\u00f3gica de las entidades que se tratan.<\/p><\/div><\/div>\t\t\t\t\t\t\t\t<\/div>\n\t\t\t\t<\/div>\n\t\t\t\t\t<\/div>\n\t\t\t\t<\/div>\n\t\t\t\t<\/div>\n\t\t","protected":false},"excerpt":{"rendered":"<p><strong>Autores:<\/strong>\u00a0Sang\u00fceza, Martin Sang\u00fceza, Omar.<br \/>\n<strong>ISBN:<\/strong>\u00a09789874922496<br \/>\n<strong>Editorial:<\/strong>\u00a0Ediciones Journal<br \/>\n<strong>Edici\u00f3n:<\/strong>\u00a01\u00aa<br \/>\n<strong>Especialidad<\/strong>: Dermatolog\u00eda<br \/>\n<strong>P\u00e1ginas<\/strong>: 289<br \/>\n\u00a9 2020<\/p>\n","protected":false},"featured_media":12929,"comment_status":"open","ping_status":"open","template":"","meta":{"_joinchat":[]},"product_cat":[108],"product_tag":[109,110],"class_list":{"0":"post-12928","1":"product","2":"type-product","3":"status-publish","4":"has-post-thumbnail","6":"product_cat-dermatologia","7":"product_tag-dermatologia","8":"product_tag-ediciones-journal","10":"first","11":"instock","12":"featured","13":"taxable","14":"shipping-taxable","15":"purchasable","16":"product-type-simple"},"_links":{"self":[{"href":"https:\/\/edimeinter.com\/libreria\/wp-json\/wp\/v2\/product\/12928","targetHints":{"allow":["GET"]}}],"collection":[{"href":"https:\/\/edimeinter.com\/libreria\/wp-json\/wp\/v2\/product"}],"about":[{"href":"https:\/\/edimeinter.com\/libreria\/wp-json\/wp\/v2\/types\/product"}],"replies":[{"embeddable":true,"href":"https:\/\/edimeinter.com\/libreria\/wp-json\/wp\/v2\/comments?post=12928"}],"version-history":[{"count":1,"href":"https:\/\/edimeinter.com\/libreria\/wp-json\/wp\/v2\/product\/12928\/revisions"}],"predecessor-version":[{"id":15484,"href":"https:\/\/edimeinter.com\/libreria\/wp-json\/wp\/v2\/product\/12928\/revisions\/15484"}],"wp:featuredmedia":[{"embeddable":true,"href":"https:\/\/edimeinter.com\/libreria\/wp-json\/wp\/v2\/media\/12929"}],"wp:attachment":[{"href":"https:\/\/edimeinter.com\/libreria\/wp-json\/wp\/v2\/media?parent=12928"}],"wp:term":[{"taxonomy":"product_cat","embeddable":true,"href":"https:\/\/edimeinter.com\/libreria\/wp-json\/wp\/v2\/product_cat?post=12928"},{"taxonomy":"product_tag","embeddable":true,"href":"https:\/\/edimeinter.com\/libreria\/wp-json\/wp\/v2\/product_tag?post=12928"}],"curies":[{"name":"wp","href":"https:\/\/api.w.org\/{rel}","templated":true}]}}