{"id":12940,"date":"2025-02-13T21:26:26","date_gmt":"2025-02-13T21:26:26","guid":{"rendered":"https:\/\/edimeinter.com\/libreria\/?post_type=product&#038;p=12940"},"modified":"2025-03-04T21:54:26","modified_gmt":"2025-03-04T21:54:26","slug":"dermatologia-pediatrica-3a-edicion","status":"publish","type":"product","link":"https:\/\/edimeinter.com\/libreria\/product\/dermatologia-pediatrica-3a-edicion\/","title":{"rendered":"Dermatolog\u00eda Pedi\u00e1trica. 3\u00aa Edici\u00f3n"},"content":{"rendered":"\t\t<div data-elementor-type=\"wp-post\" data-elementor-id=\"12940\" class=\"elementor elementor-12940\">\n\t\t\t\t<div class=\"elementor-element elementor-element-2612b12 e-flex e-con-boxed e-con e-parent\" data-id=\"2612b12\" data-element_type=\"container\" data-e-type=\"container\">\n\t\t\t\t\t<div class=\"e-con-inner\">\n\t\t\n\t\t<div class=\"elementor-element elementor-element-498707ae elementor-widget elementor-widget-text-editor\" data-id=\"498707ae\" data-element_type=\"widget\" data-e-type=\"widget\" data-widget_type=\"text-editor.default\">\n\t\t\t\t<div class=\"elementor-widget-container\">\n\t\t\t\t\t\t\t\t\t<div class=\"accordionContent pulir\"><div class=\"accordionContent pulir\"><p>Dermatolog\u00eda pedi\u00e1trica (tercera edici\u00f3n) aborda un amplio espectro de temas de la especialidad: desde la embriolog\u00eda de la piel, las diferentes dermatosis de la edad pedi\u00e1trica y las bases terap\u00e9uticas, hasta la relaci\u00f3n m\u00e9dico-paciente. La exposici\u00f3n te\u00f3rica clara y concisa se acompa\u00f1a de un excelente aporte iconogr\u00e1fico, de gran ayuda en el proceso de aprendizaje.<\/p><\/div><\/div>\t\t\t\t\t\t\t\t<\/div>\n\t\t\t\t<\/div>\n\t\t\t\t\t<\/div>\n\t\t\t\t<\/div>\n\t\t\t\t<\/div>\n\t\t","protected":false},"excerpt":{"rendered":"<p><strong>Autores:<\/strong>\u00a0Larralde, Margarita Abad, Mar\u00eda E., Luna, Paula, Boggio Rossowski, Paula Andrea Ferrari, Bruno.<br \/>\n<strong>ISBN:<\/strong>\u00a09789874922847<br \/>\n<strong>Editorial:<\/strong>\u00a0Ediciones Journal<br \/>\n<strong>Edici\u00f3n:<\/strong>\u00a03\u00aa<br \/>\n<strong>Especialidad<\/strong>: Dermatolog\u00eda<br \/>\n<strong>P\u00e1ginas<\/strong>: 650<br \/>\n\u00a9 2021<\/p>\n","protected":false},"featured_media":12941,"comment_status":"open","ping_status":"open","template":"","meta":{"_joinchat":[]},"product_cat":[108],"product_tag":[109,110],"class_list":{"0":"post-12940","1":"product","2":"type-product","3":"status-publish","4":"has-post-thumbnail","6":"product_cat-dermatologia","7":"product_tag-dermatologia","8":"product_tag-ediciones-journal","10":"first","11":"instock","12":"featured","13":"taxable","14":"shipping-taxable","15":"purchasable","16":"product-type-simple"},"_links":{"self":[{"href":"https:\/\/edimeinter.com\/libreria\/wp-json\/wp\/v2\/product\/12940","targetHints":{"allow":["GET"]}}],"collection":[{"href":"https:\/\/edimeinter.com\/libreria\/wp-json\/wp\/v2\/product"}],"about":[{"href":"https:\/\/edimeinter.com\/libreria\/wp-json\/wp\/v2\/types\/product"}],"replies":[{"embeddable":true,"href":"https:\/\/edimeinter.com\/libreria\/wp-json\/wp\/v2\/comments?post=12940"}],"version-history":[{"count":1,"href":"https:\/\/edimeinter.com\/libreria\/wp-json\/wp\/v2\/product\/12940\/revisions"}],"predecessor-version":[{"id":15486,"href":"https:\/\/edimeinter.com\/libreria\/wp-json\/wp\/v2\/product\/12940\/revisions\/15486"}],"wp:featuredmedia":[{"embeddable":true,"href":"https:\/\/edimeinter.com\/libreria\/wp-json\/wp\/v2\/media\/12941"}],"wp:attachment":[{"href":"https:\/\/edimeinter.com\/libreria\/wp-json\/wp\/v2\/media?parent=12940"}],"wp:term":[{"taxonomy":"product_cat","embeddable":true,"href":"https:\/\/edimeinter.com\/libreria\/wp-json\/wp\/v2\/product_cat?post=12940"},{"taxonomy":"product_tag","embeddable":true,"href":"https:\/\/edimeinter.com\/libreria\/wp-json\/wp\/v2\/product_tag?post=12940"}],"curies":[{"name":"wp","href":"https:\/\/api.w.org\/{rel}","templated":true}]}}