{"id":12958,"date":"2025-02-13T21:38:23","date_gmt":"2025-02-13T21:38:23","guid":{"rendered":"https:\/\/edimeinter.com\/libreria\/?post_type=product&#038;p=12958"},"modified":"2025-03-06T20:51:24","modified_gmt":"2025-03-06T20:51:24","slug":"atlas-color-de-dermatoscopia-1a-edicion","status":"publish","type":"product","link":"https:\/\/edimeinter.com\/libreria\/product\/atlas-color-de-dermatoscopia-1a-edicion\/","title":{"rendered":"Atlas color de Dermatoscopia. 1\u00aa Edici\u00f3n"},"content":{"rendered":"\t\t<div data-elementor-type=\"wp-post\" data-elementor-id=\"12958\" class=\"elementor elementor-12958\">\n\t\t\t\t<div class=\"elementor-element elementor-element-2612b12 e-flex e-con-boxed e-con e-parent\" data-id=\"2612b12\" data-element_type=\"container\" data-e-type=\"container\">\n\t\t\t\t\t<div class=\"e-con-inner\">\n\t\t\n\t\t<div class=\"elementor-element elementor-element-498707ae elementor-widget elementor-widget-text-editor\" data-id=\"498707ae\" data-element_type=\"widget\" data-e-type=\"widget\" data-widget_type=\"text-editor.default\">\n\t\t\t\t<div class=\"elementor-widget-container\">\n\t\t\t\t\t\t\t\t\t<div class=\"accordionContent pulir\"><div class=\"accordionContent pulir\"><p>Atlas color de Dermatoscopia abarca el creciente campo de la dermatoscopia. El Dr. Horacio Cabo, junto con un grupo de expertos de renombre mundial, ofrecen al lector su gran experiencia en esta t\u00e9cnica. A medida que la utilizaci\u00f3n de la dermatoscopia se expande tambi\u00e9n se ampl\u00edan sus aplicaciones, mucho m\u00e1s all\u00e1 del diagn\u00f3stico diferencial de lesiones melanoc\u00edticas. El reconocimiento de patrones vasculares asociados a melanomas no pigmentados (amelanoc\u00edticos), la importancia de algoritmos diagn\u00f3sticos, la revisi\u00f3n del an\u00e1lisis de los patrones y la t\u00e9cnica de Caos y Pistas, hacen \u00e9nfasis en el hecho de que la dermatoscopia es una t\u00e9cnica diagn\u00f3stica en r\u00e1pida evoluci\u00f3n. Por lo tanto, para lograr especificidad y sensibilidad elevadas, el m\u00e9todo requiere de conocimiento y habilidades pr\u00e1cticas. El atlas es de consulta r\u00e1pida y sencilla. La informaci\u00f3n se presenta de manera simple y se sintetiza en diagramas, que hacen \u00e9nfasis en lo que el profesional debe buscar en la consulta. Las tablas ordenan de manera clara y did\u00e1ctica los signos caracter\u00edsticos de cada entidad individual.<\/p><\/div><\/div>\t\t\t\t\t\t\t\t<\/div>\n\t\t\t\t<\/div>\n\t\t\t\t\t<\/div>\n\t\t\t\t<\/div>\n\t\t\t\t<\/div>\n\t\t","protected":false},"excerpt":{"rendered":"<p><strong>Autores:<\/strong>\u00a0Cabo, Horacio.<br \/>\n<strong>ISBN:<\/strong>\u00a09789874922410<br \/>\n<strong>Editorial:<\/strong>\u00a0Ediciones Journal<br \/>\n<strong>Edici\u00f3n:<\/strong>\u00a01\u00aa<br \/>\n<strong>Especialidad<\/strong>: Dermatolog\u00eda<br \/>\n<strong>P\u00e1ginas<\/strong>: 353<br \/>\n\u00a9 2020<\/p>\n","protected":false},"featured_media":12959,"comment_status":"open","ping_status":"open","template":"","meta":{"_joinchat":[]},"product_cat":[108],"product_tag":[109,110],"class_list":{"0":"post-12958","1":"product","2":"type-product","3":"status-publish","4":"has-post-thumbnail","6":"product_cat-dermatologia","7":"product_tag-dermatologia","8":"product_tag-ediciones-journal","10":"first","11":"outofstock","12":"featured","13":"taxable","14":"shipping-taxable","15":"purchasable","16":"product-type-simple"},"_links":{"self":[{"href":"https:\/\/edimeinter.com\/libreria\/wp-json\/wp\/v2\/product\/12958","targetHints":{"allow":["GET"]}}],"collection":[{"href":"https:\/\/edimeinter.com\/libreria\/wp-json\/wp\/v2\/product"}],"about":[{"href":"https:\/\/edimeinter.com\/libreria\/wp-json\/wp\/v2\/types\/product"}],"replies":[{"embeddable":true,"href":"https:\/\/edimeinter.com\/libreria\/wp-json\/wp\/v2\/comments?post=12958"}],"version-history":[{"count":1,"href":"https:\/\/edimeinter.com\/libreria\/wp-json\/wp\/v2\/product\/12958\/revisions"}],"predecessor-version":[{"id":15489,"href":"https:\/\/edimeinter.com\/libreria\/wp-json\/wp\/v2\/product\/12958\/revisions\/15489"}],"wp:featuredmedia":[{"embeddable":true,"href":"https:\/\/edimeinter.com\/libreria\/wp-json\/wp\/v2\/media\/12959"}],"wp:attachment":[{"href":"https:\/\/edimeinter.com\/libreria\/wp-json\/wp\/v2\/media?parent=12958"}],"wp:term":[{"taxonomy":"product_cat","embeddable":true,"href":"https:\/\/edimeinter.com\/libreria\/wp-json\/wp\/v2\/product_cat?post=12958"},{"taxonomy":"product_tag","embeddable":true,"href":"https:\/\/edimeinter.com\/libreria\/wp-json\/wp\/v2\/product_tag?post=12958"}],"curies":[{"name":"wp","href":"https:\/\/api.w.org\/{rel}","templated":true}]}}