{"id":12964,"date":"2025-02-13T21:45:17","date_gmt":"2025-02-13T21:45:17","guid":{"rendered":"https:\/\/edimeinter.com\/libreria\/?post_type=product&#038;p=12964"},"modified":"2025-03-04T21:59:19","modified_gmt":"2025-03-04T21:59:19","slug":"dermatoscopia-casos-clinicos-1a-edicion","status":"publish","type":"product","link":"https:\/\/edimeinter.com\/libreria\/product\/dermatoscopia-casos-clinicos-1a-edicion\/","title":{"rendered":"Dermatoscopia: Casos cl\u00ednicos. 1\u00aa Edici\u00f3n"},"content":{"rendered":"\t\t<div data-elementor-type=\"wp-post\" data-elementor-id=\"12964\" class=\"elementor elementor-12964\">\n\t\t\t\t<div class=\"elementor-element elementor-element-2612b12 e-flex e-con-boxed e-con e-parent\" data-id=\"2612b12\" data-element_type=\"container\" data-e-type=\"container\">\n\t\t\t\t\t<div class=\"e-con-inner\">\n\t\t\n\t\t<div class=\"elementor-element elementor-element-498707ae elementor-widget elementor-widget-text-editor\" data-id=\"498707ae\" data-element_type=\"widget\" data-e-type=\"widget\" data-widget_type=\"text-editor.default\">\n\t\t\t\t<div class=\"elementor-widget-container\">\n\t\t\t\t\t\t\t\t\t<div class=\"accordionContent pulir\"><div class=\"accordionContent pulir\"><p>Dermatoscopia: Casos cl\u00ednicos 2 promueve el aprendizaje a trav\u00e9s del estudio de casos cl\u00ednicos, en los que el alumno enfrenta desaf\u00edos diagn\u00f3sticos similares a los que pueden presentarse en su accionar m\u00e9dico diario, y aprende a resolverlos.<\/p><\/div><\/div>\t\t\t\t\t\t\t\t<\/div>\n\t\t\t\t<\/div>\n\t\t\t\t\t<\/div>\n\t\t\t\t<\/div>\n\t\t\t\t<\/div>\n\t\t","protected":false},"excerpt":{"rendered":"<p><strong>Autores:<\/strong>\u00a0Cabo, Horacio Cohen Sabban, Emilia Gonz\u00e1lez, Virginia M. Mar\u00edn, Mar\u00eda Bel\u00e9n Peralta, Rosario Rodr\u00edguez Saa, Sonia.<br \/>\n<strong>ISBN:<\/strong>\u00a09789874922946<br \/>\n<strong>Editorial:<\/strong>\u00a0Ediciones Journal<br \/>\n<strong>Edici\u00f3n:<\/strong>\u00a01\u00aa<br \/>\n<strong>Especialidad<\/strong>: Dermatolog\u00eda<br \/>\n<strong>P\u00e1ginas<\/strong>: 348<br \/>\n\u00a9 2021<\/p>\n","protected":false},"featured_media":12965,"comment_status":"open","ping_status":"open","template":"","meta":{"_joinchat":[]},"product_cat":[108],"product_tag":[109,110],"class_list":{"0":"post-12964","1":"product","2":"type-product","3":"status-publish","4":"has-post-thumbnail","6":"product_cat-dermatologia","7":"product_tag-dermatologia","8":"product_tag-ediciones-journal","10":"first","11":"instock","12":"featured","13":"taxable","14":"shipping-taxable","15":"purchasable","16":"product-type-simple"},"_links":{"self":[{"href":"https:\/\/edimeinter.com\/libreria\/wp-json\/wp\/v2\/product\/12964","targetHints":{"allow":["GET"]}}],"collection":[{"href":"https:\/\/edimeinter.com\/libreria\/wp-json\/wp\/v2\/product"}],"about":[{"href":"https:\/\/edimeinter.com\/libreria\/wp-json\/wp\/v2\/types\/product"}],"replies":[{"embeddable":true,"href":"https:\/\/edimeinter.com\/libreria\/wp-json\/wp\/v2\/comments?post=12964"}],"version-history":[{"count":1,"href":"https:\/\/edimeinter.com\/libreria\/wp-json\/wp\/v2\/product\/12964\/revisions"}],"predecessor-version":[{"id":15490,"href":"https:\/\/edimeinter.com\/libreria\/wp-json\/wp\/v2\/product\/12964\/revisions\/15490"}],"wp:featuredmedia":[{"embeddable":true,"href":"https:\/\/edimeinter.com\/libreria\/wp-json\/wp\/v2\/media\/12965"}],"wp:attachment":[{"href":"https:\/\/edimeinter.com\/libreria\/wp-json\/wp\/v2\/media?parent=12964"}],"wp:term":[{"taxonomy":"product_cat","embeddable":true,"href":"https:\/\/edimeinter.com\/libreria\/wp-json\/wp\/v2\/product_cat?post=12964"},{"taxonomy":"product_tag","embeddable":true,"href":"https:\/\/edimeinter.com\/libreria\/wp-json\/wp\/v2\/product_tag?post=12964"}],"curies":[{"name":"wp","href":"https:\/\/api.w.org\/{rel}","templated":true}]}}