{"id":13006,"date":"2025-02-13T22:22:38","date_gmt":"2025-02-13T22:22:38","guid":{"rendered":"https:\/\/edimeinter.com\/libreria\/?post_type=product&#038;p=13006"},"modified":"2025-03-04T22:06:15","modified_gmt":"2025-03-04T22:06:15","slug":"neurografia-por-rm-1a-edicion","status":"publish","type":"product","link":"https:\/\/edimeinter.com\/libreria\/product\/neurografia-por-rm-1a-edicion\/","title":{"rendered":"Neurograf\u00eda por RM. 1\u00aa Edici\u00f3n"},"content":{"rendered":"\t\t<div data-elementor-type=\"wp-post\" data-elementor-id=\"13006\" class=\"elementor elementor-13006\">\n\t\t\t\t<div class=\"elementor-element elementor-element-2612b12 e-flex e-con-boxed e-con e-parent\" data-id=\"2612b12\" data-element_type=\"container\" data-e-type=\"container\">\n\t\t\t\t\t<div class=\"e-con-inner\">\n\t\t\n\t\t<div class=\"elementor-element elementor-element-498707ae elementor-widget elementor-widget-text-editor\" data-id=\"498707ae\" data-element_type=\"widget\" data-e-type=\"widget\" data-widget_type=\"text-editor.default\">\n\t\t\t\t<div class=\"elementor-widget-container\">\n\t\t\t\t\t\t\t\t\t<div class=\"accordionContent pulir\"><div class=\"accordionContent pulir\"><p>La resonancia magn\u00e9tica es una t\u00e9cnica de imagen que pareciera no haber alcanzado a\u00fan su l\u00edmite y la neurograf\u00eda por RM es uno de sus m\u00e1s importantes avances en los \u00faltimos a\u00f1os. Se la considera una herramienta diagn\u00f3stica complementaria y no invasiva para evaluar la patolog\u00eda de nervios y plexos, que permite la visualizaci\u00f3n directa de las estructuras nerviosas brindando una mayor exactitud diagn\u00f3stica respecto a otros m\u00e9todos de estudio.<\/p><p>El libro es un tratado completo sobre neurograf\u00eda por RM, ilustrado bellamente con m\u00e1s de 500 im\u00e1genes. Presenta los temas de forma clara, concisa y f\u00e1cil de entender. Los primeros cap\u00edtulos est\u00e1n organizados por nervios espec\u00edficos y desarrollan la anatom\u00eda b\u00e1sica y su fisiolog\u00eda, las evaluaciones cl\u00ednicas, los protocolos de imagen y la patolog\u00eda por regiones anat\u00f3micas. Los cap\u00edtulos que siguen se focalizan en los nervios craneales y en el desarrollo exhaustivo de la patolog\u00eda tumoral en nervios y plexos, que incluye un apartado sobre neurofibromatosis. Para el cierre, se destina un cap\u00edtulo al tratamiento quir\u00fargico de muchas de las condiciones discutidas.<\/p><\/div><\/div>\t\t\t\t\t\t\t\t<\/div>\n\t\t\t\t<\/div>\n\t\t\t\t\t<\/div>\n\t\t\t\t<\/div>\n\t\t\t\t<\/div>\n\t\t","protected":false},"excerpt":{"rendered":"<p><strong>Autores:<\/strong>\u00a0Cejas, Claudia.<br \/>\n<strong>ISBN:<\/strong>\u00a09789874922403<br \/>\n<strong>Editorial:<\/strong>\u00a0Ediciones Journal<br \/>\n<strong>Edici\u00f3n:<\/strong>\u00a01\u00aa<br \/>\n<strong>Especialidad<\/strong>: Diagn\u00f3stico por Im\u00e1genes<br \/>\n<strong>P\u00e1ginas<\/strong>: 232<br \/>\n\u00a9 2020<\/p>\n","protected":false},"featured_media":13007,"comment_status":"open","ping_status":"open","template":"","meta":{"_joinchat":[]},"product_cat":[80],"product_tag":[81,110],"class_list":{"0":"post-13006","1":"product","2":"type-product","3":"status-publish","4":"has-post-thumbnail","6":"product_cat-diagnostico-por-imagenes","7":"product_tag-diagnostico-por-imagenes","8":"product_tag-ediciones-journal","10":"first","11":"instock","12":"featured","13":"taxable","14":"shipping-taxable","15":"purchasable","16":"product-type-simple"},"_links":{"self":[{"href":"https:\/\/edimeinter.com\/libreria\/wp-json\/wp\/v2\/product\/13006","targetHints":{"allow":["GET"]}}],"collection":[{"href":"https:\/\/edimeinter.com\/libreria\/wp-json\/wp\/v2\/product"}],"about":[{"href":"https:\/\/edimeinter.com\/libreria\/wp-json\/wp\/v2\/types\/product"}],"replies":[{"embeddable":true,"href":"https:\/\/edimeinter.com\/libreria\/wp-json\/wp\/v2\/comments?post=13006"}],"version-history":[{"count":1,"href":"https:\/\/edimeinter.com\/libreria\/wp-json\/wp\/v2\/product\/13006\/revisions"}],"predecessor-version":[{"id":15496,"href":"https:\/\/edimeinter.com\/libreria\/wp-json\/wp\/v2\/product\/13006\/revisions\/15496"}],"wp:featuredmedia":[{"embeddable":true,"href":"https:\/\/edimeinter.com\/libreria\/wp-json\/wp\/v2\/media\/13007"}],"wp:attachment":[{"href":"https:\/\/edimeinter.com\/libreria\/wp-json\/wp\/v2\/media?parent=13006"}],"wp:term":[{"taxonomy":"product_cat","embeddable":true,"href":"https:\/\/edimeinter.com\/libreria\/wp-json\/wp\/v2\/product_cat?post=13006"},{"taxonomy":"product_tag","embeddable":true,"href":"https:\/\/edimeinter.com\/libreria\/wp-json\/wp\/v2\/product_tag?post=13006"}],"curies":[{"name":"wp","href":"https:\/\/api.w.org\/{rel}","templated":true}]}}