{"id":13043,"date":"2025-02-17T18:31:36","date_gmt":"2025-02-17T18:31:36","guid":{"rendered":"https:\/\/edimeinter.com\/libreria\/?post_type=product&#038;p=13043"},"modified":"2025-11-20T19:32:17","modified_gmt":"2025-11-20T19:32:17","slug":"manual-seidel-de-exploracion-fisica-10a-edicion-2023","status":"publish","type":"product","link":"https:\/\/edimeinter.com\/libreria\/product\/manual-seidel-de-exploracion-fisica-10a-edicion-2023\/","title":{"rendered":"Manual Seidel de exploraci\u00f3n f\u00edsica. 10\u00aa Edici\u00f3n"},"content":{"rendered":"\t\t<div data-elementor-type=\"wp-post\" data-elementor-id=\"13043\" class=\"elementor elementor-13043\">\n\t\t\t\t<div class=\"elementor-element elementor-element-2612b12 e-flex e-con-boxed e-con e-parent\" data-id=\"2612b12\" data-element_type=\"container\" data-e-type=\"container\">\n\t\t\t\t\t<div class=\"e-con-inner\">\n\t\t\n\t\t<div class=\"elementor-element elementor-element-498707ae elementor-widget elementor-widget-text-editor\" data-id=\"498707ae\" data-element_type=\"widget\" data-e-type=\"widget\" data-widget_type=\"text-editor.default\">\n\t\t\t\t<div class=\"elementor-widget-container\">\n\t\t\t\t\t\t\t\t\t<p>Obra de referencia en exploraci\u00f3n f\u00edsica y semiolog\u00eda que se convierte en un manual indispensable para la ampliaci\u00f3n de conocimientos sobre la realizaci\u00f3n de entrevistas centradas en el paciente, as\u00ed como de una adecuada exploraci\u00f3n f\u00edsica. El contenido de la obra se ha actualizado de manera exhaustiva en esta edici\u00f3n y todos los cap\u00edtulos siguen una estructura homog\u00e9nea, lo que hace que el contenido se estructure en base a los siguientes par\u00e1metros: Anatom\u00eda y fisiolog\u00eda, revisi\u00f3n de la historia cl\u00ednica, examen y hallazgos y anormalidades. El mensaje principal del libro es que el paciente es siempre el elemento central para garantizar una exploraci\u00f3n cl\u00ednica adecuada. Por ello, buena parte del contenido de la obra est\u00e1 dirigido a mejorar la relaci\u00f3n m\u00e9dico-paciente desde diferentes puntos: confianza con el paciente, recogida y an\u00e1lisis de la informaci\u00f3n aportada, razonamiento cl\u00ednico, etc.<\/p>\t\t\t\t\t\t\t\t<\/div>\n\t\t\t\t<\/div>\n\t\t\t\t\t<\/div>\n\t\t\t\t<\/div>\n\t\t\t\t<\/div>\n\t\t","protected":false},"excerpt":{"rendered":"<p><strong>Autores:<\/strong>\u00a0Jane W. Ball &amp; Joyce E. Dains &amp; John A. Flynn &amp; Barry S. Solomon &amp; Rosalyn W. Stewart<br \/>\n<strong>ISBN:<\/strong>\u00a09788413824000<br \/>\n<strong>Editorial:<\/strong>\u00a0Elsevier<br \/>\n<strong>Edici\u00f3n:<\/strong>\u00a010\u00aa<br \/>\n<strong>Especialidad<\/strong>: Semiolog\u00eda<br \/>\n<strong>P\u00e1ginas<\/strong>:\u00a0712<br \/>\n\u00a9 2023<\/p>\n","protected":false},"featured_media":13044,"comment_status":"open","ping_status":"closed","template":"","meta":{"_joinchat":[]},"product_cat":[158],"product_tag":[85,159],"class_list":{"0":"post-13043","1":"product","2":"type-product","3":"status-publish","4":"has-post-thumbnail","6":"product_cat-semiologia","7":"product_tag-elsevier","8":"product_tag-semiologia","10":"first","11":"outofstock","12":"featured","13":"taxable","14":"shipping-taxable","15":"purchasable","16":"product-type-simple"},"_links":{"self":[{"href":"https:\/\/edimeinter.com\/libreria\/wp-json\/wp\/v2\/product\/13043","targetHints":{"allow":["GET"]}}],"collection":[{"href":"https:\/\/edimeinter.com\/libreria\/wp-json\/wp\/v2\/product"}],"about":[{"href":"https:\/\/edimeinter.com\/libreria\/wp-json\/wp\/v2\/types\/product"}],"replies":[{"embeddable":true,"href":"https:\/\/edimeinter.com\/libreria\/wp-json\/wp\/v2\/comments?post=13043"}],"version-history":[{"count":1,"href":"https:\/\/edimeinter.com\/libreria\/wp-json\/wp\/v2\/product\/13043\/revisions"}],"predecessor-version":[{"id":15359,"href":"https:\/\/edimeinter.com\/libreria\/wp-json\/wp\/v2\/product\/13043\/revisions\/15359"}],"wp:featuredmedia":[{"embeddable":true,"href":"https:\/\/edimeinter.com\/libreria\/wp-json\/wp\/v2\/media\/13044"}],"wp:attachment":[{"href":"https:\/\/edimeinter.com\/libreria\/wp-json\/wp\/v2\/media?parent=13043"}],"wp:term":[{"taxonomy":"product_cat","embeddable":true,"href":"https:\/\/edimeinter.com\/libreria\/wp-json\/wp\/v2\/product_cat?post=13043"},{"taxonomy":"product_tag","embeddable":true,"href":"https:\/\/edimeinter.com\/libreria\/wp-json\/wp\/v2\/product_tag?post=13043"}],"curies":[{"name":"wp","href":"https:\/\/api.w.org\/{rel}","templated":true}]}}