{"id":13056,"date":"2025-02-17T18:42:04","date_gmt":"2025-02-17T18:42:04","guid":{"rendered":"https:\/\/edimeinter.com\/libreria\/?post_type=product&#038;p=13056"},"modified":"2025-03-04T16:44:56","modified_gmt":"2025-03-04T16:44:56","slug":"newman-y-carranza-periodontologia-clinica-esencial-1a-edicion","status":"publish","type":"product","link":"https:\/\/edimeinter.com\/libreria\/product\/newman-y-carranza-periodontologia-clinica-esencial-1a-edicion\/","title":{"rendered":"Newman y Carranza. Periodontolog\u00eda cl\u00ednica esencial. 1\u00aa Edici\u00f3n"},"content":{"rendered":"\t\t<div data-elementor-type=\"wp-post\" data-elementor-id=\"13056\" class=\"elementor elementor-13056\">\n\t\t\t\t<div class=\"elementor-element elementor-element-2612b12 e-flex e-con-boxed e-con e-parent\" data-id=\"2612b12\" data-element_type=\"container\" data-e-type=\"container\">\n\t\t\t\t\t<div class=\"e-con-inner\">\n\t\t\n\t\t<div class=\"elementor-element elementor-element-498707ae elementor-widget elementor-widget-text-editor\" data-id=\"498707ae\" data-element_type=\"widget\" data-e-type=\"widget\" data-widget_type=\"text-editor.default\">\n\t\t\t\t<div class=\"elementor-widget-container\">\n\t\t\t\t\t\t\t\t\t<p>Obra derivada de la obra de referencia en la especialidad \u00abNewman and Carranza\u2019s Clinical Periodontology 13th ed\u00bb considerada el \u00abgold standard\u00bb en periodoncia.<\/p><p>Se organiza en un total de 48 cap\u00edtulos, con un claro enfoque cl\u00ednico, magn\u00edficamente ilustrados que ofrecen la cantidad de informaci\u00f3n justa que necesita el estudiante para superar la asignatura<\/p><p>A destacar su abordaje basado en la resoluci\u00f3n de casos cl\u00ednicos<\/p><p>Acceso online\u00a0a la totalidad del e-book a trav\u00e9s de la plataforma de e-book+ (contenido en ingl\u00e9s).<\/p>\t\t\t\t\t\t\t\t<\/div>\n\t\t\t\t<\/div>\n\t\t\t\t\t<\/div>\n\t\t\t\t<\/div>\n\t\t\t\t<\/div>\n\t\t","protected":false},"excerpt":{"rendered":"<p><strong>Autores:<\/strong>\u00a0Michael G. Newman &amp; Irina F Dragan &amp; Satheesh Elangovan &amp; Archana K. Karan<br \/>\n<strong>ISBN:<\/strong>\u00a09788413823843<br \/>\n<strong>Editorial:<\/strong>\u00a0Elsevier<br \/>\n<strong>Edici\u00f3n:<\/strong>\u00a01\u00aa<br \/>\n<strong>Especialidad<\/strong>: Odontolog\u00eda y Ortodoncia<br \/>\n<strong>P\u00e1ginas<\/strong>: 344<br \/>\n\u00a9 2023<\/p>\n","protected":false},"featured_media":13057,"comment_status":"open","ping_status":"open","template":"","meta":{"_joinchat":[]},"product_cat":[140],"product_tag":[85,141],"class_list":{"0":"post-13056","1":"product","2":"type-product","3":"status-publish","4":"has-post-thumbnail","6":"product_cat-odontologia-y-ortodoncia","7":"product_tag-elsevier","8":"product_tag-odontologia-y-ortodoncia","10":"first","11":"instock","12":"featured","13":"taxable","14":"shipping-taxable","15":"purchasable","16":"product-type-simple"},"_links":{"self":[{"href":"https:\/\/edimeinter.com\/libreria\/wp-json\/wp\/v2\/product\/13056","targetHints":{"allow":["GET"]}}],"collection":[{"href":"https:\/\/edimeinter.com\/libreria\/wp-json\/wp\/v2\/product"}],"about":[{"href":"https:\/\/edimeinter.com\/libreria\/wp-json\/wp\/v2\/types\/product"}],"replies":[{"embeddable":true,"href":"https:\/\/edimeinter.com\/libreria\/wp-json\/wp\/v2\/comments?post=13056"}],"version-history":[{"count":1,"href":"https:\/\/edimeinter.com\/libreria\/wp-json\/wp\/v2\/product\/13056\/revisions"}],"predecessor-version":[{"id":15357,"href":"https:\/\/edimeinter.com\/libreria\/wp-json\/wp\/v2\/product\/13056\/revisions\/15357"}],"wp:featuredmedia":[{"embeddable":true,"href":"https:\/\/edimeinter.com\/libreria\/wp-json\/wp\/v2\/media\/13057"}],"wp:attachment":[{"href":"https:\/\/edimeinter.com\/libreria\/wp-json\/wp\/v2\/media?parent=13056"}],"wp:term":[{"taxonomy":"product_cat","embeddable":true,"href":"https:\/\/edimeinter.com\/libreria\/wp-json\/wp\/v2\/product_cat?post=13056"},{"taxonomy":"product_tag","embeddable":true,"href":"https:\/\/edimeinter.com\/libreria\/wp-json\/wp\/v2\/product_tag?post=13056"}],"curies":[{"name":"wp","href":"https:\/\/api.w.org\/{rel}","templated":true}]}}