{"id":13062,"date":"2025-02-17T18:45:17","date_gmt":"2025-02-17T18:45:17","guid":{"rendered":"https:\/\/edimeinter.com\/libreria\/?post_type=product&#038;p=13062"},"modified":"2026-02-23T22:18:07","modified_gmt":"2026-02-23T22:18:07","slug":"gerodontologia-clinica-2a-edicion","status":"publish","type":"product","link":"https:\/\/edimeinter.com\/libreria\/product\/gerodontologia-clinica-2a-edicion\/","title":{"rendered":"Gerodontolog\u00eda Cl\u00ednica. 2\u00aa Edici\u00f3n"},"content":{"rendered":"\t\t<div data-elementor-type=\"wp-post\" data-elementor-id=\"13062\" class=\"elementor elementor-13062\">\n\t\t\t\t<div class=\"elementor-element elementor-element-2612b12 e-flex e-con-boxed e-con e-parent\" data-id=\"2612b12\" data-element_type=\"container\" data-e-type=\"container\">\n\t\t\t\t\t<div class=\"e-con-inner\">\n\t\t\n\t\t<div class=\"elementor-element elementor-element-498707ae elementor-widget elementor-widget-text-editor\" data-id=\"498707ae\" data-element_type=\"widget\" data-e-type=\"widget\" data-widget_type=\"text-editor.default\">\n\t\t\t\t<div class=\"elementor-widget-container\">\n\t\t\t\t\t\t\t\t\t<p>Manual dirigido tanto a profesionales de la Odontolog\u00eda como\u00a0de la Medicina con el objeteivo principal de cubrir las necesidades, \u00a0tanto de formaci\u00f3n como de actualizaci\u00f3n cl\u00ednica, de todos los profesionales involucrados en la salud bucodental de pacientes a\u00f1osos teniendo en cuenta sus caracter\u00edsticas particulares como grupo poblacional.<\/p><p>Todos los cap\u00edtulos incluyen tablas, figuras y cuadros que ofrecen informaci\u00f3n de gran utilidad para el lector.<\/p><p>Notable participaci\u00f3n de un amplio grupo de colaboradores procedentes de distintas \u00e1reas de especializaci\u00f3n y vinculados en muchos casos al \u00e1mbito universitario.<\/p><p>La obra se estructura en tres amplios bloques de contenido que aborda desde los aspectos m\u00e1s gen\u00e9ricos e introductorios de esta diciplina hasta cuestionesespec\u00edficas a tener en cuenta en pacientes de este gupo de edad, como por ejemplo\u00a0los aspectos biol\u00f3gicos del envejecimiento, \u00a0la alimentaci\u00f3n o las necesidades especiales que requieren determinados pacientes, como es el caso de aquellos que padecen patolog\u00edas como el Parkinson o el Alzheimer, entre otras.<\/p><p>Manal de inter\u00e9s tambi\u00e9n para estudiantes en universidades en las que se incluye a asignatura de Gerodontolgo\u00eda en su dise\u00f1o curricular.<\/p>\t\t\t\t\t\t\t\t<\/div>\n\t\t\t\t<\/div>\n\t\t\t\t\t<\/div>\n\t\t\t\t<\/div>\n\t\t\t\t<\/div>\n\t\t","protected":false},"excerpt":{"rendered":"<p><strong>Autores:<\/strong>\u00a0Jos\u00e9 Mar\u00eda Mart\u00ednez Gonz\u00e1lez &amp; Andr\u00e9s Blanco Carri\u00f3n &amp; Jos\u00e9 L\u00f3pez L\u00f3pez &amp; Manuel Ribera &amp; Eugenio Velasco Ortega<br \/>\n<strong>ISBN:<\/strong>\u00a09788413822723<br \/>\n<strong>Editorial:<\/strong>\u00a0Elsevier<br \/>\n<strong>Edici\u00f3n:<\/strong>\u00a02\u00aa<br \/>\n<strong>Especialidad<\/strong>: Odontolog\u00eda y Ortodoncia<br \/>\n<strong>P\u00e1ginas<\/strong>: 368<br \/>\n\u00a9 2023<\/p>\n","protected":false},"featured_media":13063,"comment_status":"open","ping_status":"closed","template":"","meta":{"_joinchat":[]},"product_cat":[140],"product_tag":[85,141],"class_list":{"0":"post-13062","1":"product","2":"type-product","3":"status-publish","4":"has-post-thumbnail","6":"product_cat-odontologia-y-ortodoncia","7":"product_tag-elsevier","8":"product_tag-odontologia-y-ortodoncia","10":"first","11":"instock","12":"featured","13":"taxable","14":"shipping-taxable","15":"purchasable","16":"product-type-simple"},"_links":{"self":[{"href":"https:\/\/edimeinter.com\/libreria\/wp-json\/wp\/v2\/product\/13062","targetHints":{"allow":["GET"]}}],"collection":[{"href":"https:\/\/edimeinter.com\/libreria\/wp-json\/wp\/v2\/product"}],"about":[{"href":"https:\/\/edimeinter.com\/libreria\/wp-json\/wp\/v2\/types\/product"}],"replies":[{"embeddable":true,"href":"https:\/\/edimeinter.com\/libreria\/wp-json\/wp\/v2\/comments?post=13062"}],"version-history":[{"count":1,"href":"https:\/\/edimeinter.com\/libreria\/wp-json\/wp\/v2\/product\/13062\/revisions"}],"predecessor-version":[{"id":15356,"href":"https:\/\/edimeinter.com\/libreria\/wp-json\/wp\/v2\/product\/13062\/revisions\/15356"}],"wp:featuredmedia":[{"embeddable":true,"href":"https:\/\/edimeinter.com\/libreria\/wp-json\/wp\/v2\/media\/13063"}],"wp:attachment":[{"href":"https:\/\/edimeinter.com\/libreria\/wp-json\/wp\/v2\/media?parent=13062"}],"wp:term":[{"taxonomy":"product_cat","embeddable":true,"href":"https:\/\/edimeinter.com\/libreria\/wp-json\/wp\/v2\/product_cat?post=13062"},{"taxonomy":"product_tag","embeddable":true,"href":"https:\/\/edimeinter.com\/libreria\/wp-json\/wp\/v2\/product_tag?post=13062"}],"curies":[{"name":"wp","href":"https:\/\/api.w.org\/{rel}","templated":true}]}}