{"id":13069,"date":"2025-02-17T18:50:35","date_gmt":"2025-02-17T18:50:35","guid":{"rendered":"https:\/\/edimeinter.com\/libreria\/?post_type=product&#038;p=13069"},"modified":"2025-03-04T16:43:36","modified_gmt":"2025-03-04T16:43:36","slug":"netter-medicina-del-deporte-3a-edicion","status":"publish","type":"product","link":"https:\/\/edimeinter.com\/libreria\/product\/netter-medicina-del-deporte-3a-edicion\/","title":{"rendered":"Netter. Medicina del deporte. 3\u00aa Edici\u00f3n"},"content":{"rendered":"\t\t<div data-elementor-type=\"wp-post\" data-elementor-id=\"13069\" class=\"elementor elementor-13069\">\n\t\t\t\t<div class=\"elementor-element elementor-element-2612b12 e-flex e-con-boxed e-con e-parent\" data-id=\"2612b12\" data-element_type=\"container\" data-e-type=\"container\">\n\t\t\t\t\t<div class=\"e-con-inner\">\n\t\t\n\t\t<div class=\"elementor-element elementor-element-498707ae elementor-widget elementor-widget-text-editor\" data-id=\"498707ae\" data-element_type=\"widget\" data-e-type=\"widget\" data-widget_type=\"text-editor.default\">\n\t\t\t\t<div class=\"elementor-widget-container\">\n\t\t\t\t\t\t\t\t\t<p>Nuevo miembro de la familia \u00abNetter\u00bb en la que en esta ocasi\u00f3n se abordan todos aquellos conceptos propios de las ciencias b\u00e1sicas y que tienen un papel relevante en el proceso de la actividad f\u00edsica .<\/p><p>La obra considera la Medicina del Deporte de una forma integrada teniendo en cuenta la prevenci\u00f3n, el correcto diagn\u00f3stico y tratamiento de cualquier lesi\u00f3n o patolog\u00eda y el cuidado posterior.<\/p><p>Tiene un claro enfoque inclusivo al tratar las condiciones f\u00edsicas tanto masculinas como femeninas y al tener en cuenta las condiciones del atleta s\u00e9nior y de todos aquellos que sufren alguna discapacidad<\/p><p>Incluye acceso al e-book en ingl\u00e9s a trav\u00e9s de la plataforma e-book+.<\/p>\t\t\t\t\t\t\t\t<\/div>\n\t\t\t\t<\/div>\n\t\t\t\t\t<\/div>\n\t\t\t\t<\/div>\n\t\t\t\t<\/div>\n\t\t","protected":false},"excerpt":{"rendered":"<p><strong>Autores:<\/strong>\u00a0Christopher Madden &amp; Margot Putukian &amp; Eric McCarty &amp; Craig Young<br \/>\n<strong>ISBN:<\/strong>\u00a09788413824024<br \/>\n<strong>Editorial:<\/strong>\u00a0Elsevier<br \/>\n<strong>Edici\u00f3n:<\/strong>\u00a03\u00aa<br \/>\n<strong>Especialidad<\/strong>: Fisioterapia<br \/>\n<strong>P\u00e1ginas<\/strong>: 572<br \/>\n\u00a9 2023<\/p>\n","protected":false},"featured_media":13070,"comment_status":"open","ping_status":"open","template":"","meta":{"_joinchat":[]},"product_cat":[111],"product_tag":[85,112],"class_list":{"0":"post-13069","1":"product","2":"type-product","3":"status-publish","4":"has-post-thumbnail","6":"product_cat-fisioterapia","7":"product_tag-elsevier","8":"product_tag-fisioterapia","10":"first","11":"instock","12":"featured","13":"taxable","14":"shipping-taxable","15":"purchasable","16":"product-type-simple"},"_links":{"self":[{"href":"https:\/\/edimeinter.com\/libreria\/wp-json\/wp\/v2\/product\/13069","targetHints":{"allow":["GET"]}}],"collection":[{"href":"https:\/\/edimeinter.com\/libreria\/wp-json\/wp\/v2\/product"}],"about":[{"href":"https:\/\/edimeinter.com\/libreria\/wp-json\/wp\/v2\/types\/product"}],"replies":[{"embeddable":true,"href":"https:\/\/edimeinter.com\/libreria\/wp-json\/wp\/v2\/comments?post=13069"}],"version-history":[{"count":1,"href":"https:\/\/edimeinter.com\/libreria\/wp-json\/wp\/v2\/product\/13069\/revisions"}],"predecessor-version":[{"id":15355,"href":"https:\/\/edimeinter.com\/libreria\/wp-json\/wp\/v2\/product\/13069\/revisions\/15355"}],"wp:featuredmedia":[{"embeddable":true,"href":"https:\/\/edimeinter.com\/libreria\/wp-json\/wp\/v2\/media\/13070"}],"wp:attachment":[{"href":"https:\/\/edimeinter.com\/libreria\/wp-json\/wp\/v2\/media?parent=13069"}],"wp:term":[{"taxonomy":"product_cat","embeddable":true,"href":"https:\/\/edimeinter.com\/libreria\/wp-json\/wp\/v2\/product_cat?post=13069"},{"taxonomy":"product_tag","embeddable":true,"href":"https:\/\/edimeinter.com\/libreria\/wp-json\/wp\/v2\/product_tag?post=13069"}],"curies":[{"name":"wp","href":"https:\/\/api.w.org\/{rel}","templated":true}]}}