{"id":13076,"date":"2025-02-17T19:02:40","date_gmt":"2025-02-17T19:02:40","guid":{"rendered":"https:\/\/edimeinter.com\/libreria\/?post_type=product&#038;p=13076"},"modified":"2025-10-27T22:45:54","modified_gmt":"2025-10-27T22:45:54","slug":"agentes-fisicos-en-rehabilitacion-6a-edicion","status":"publish","type":"product","link":"https:\/\/edimeinter.com\/libreria\/product\/agentes-fisicos-en-rehabilitacion-6a-edicion\/","title":{"rendered":"Agentes f\u00edsicos en rehabilitaci\u00f3n. 6\u00aa Edici\u00f3n"},"content":{"rendered":"\t\t<div data-elementor-type=\"wp-post\" data-elementor-id=\"13076\" class=\"elementor elementor-13076\">\n\t\t\t\t<div class=\"elementor-element elementor-element-2612b12 e-flex e-con-boxed e-con e-parent\" data-id=\"2612b12\" data-element_type=\"container\" data-e-type=\"container\">\n\t\t\t\t\t<div class=\"e-con-inner\">\n\t\t\n\t\t<div class=\"elementor-element elementor-element-498707ae elementor-widget elementor-widget-text-editor\" data-id=\"498707ae\" data-element_type=\"widget\" data-e-type=\"widget\" data-widget_type=\"text-editor.default\">\n\t\t\t\t<div class=\"elementor-widget-container\">\n\t\t\t\t\t\t\t\t\t<p>Agentes f\u00edsicos en rehabilitaci\u00f3n, 6.\u00aa edici\u00f3n proporciona informaci\u00f3n basada en la evidencia para el uso seguro y eficaz de agentes como el calor y el fr\u00edo, el l\u00e1ser y la luz, los ultrasonidos, la electroterapia, las ondas de choque, la hidroterapia, la tracci\u00f3n y la compresi\u00f3n. Facilita la toma de decisiones cl\u00ednicas con explicaciones claras de la teor\u00eda cient\u00edfica y la fisiolog\u00eda subyacente a cada agente, y tambi\u00e9n describe la investigaci\u00f3n actual y los fundamentos de las recomendaciones de tratamiento.<\/p>\t\t\t\t\t\t\t\t<\/div>\n\t\t\t\t<\/div>\n\t\t\t\t\t<\/div>\n\t\t\t\t<\/div>\n\t\t\t\t<\/div>\n\t\t","protected":false},"excerpt":{"rendered":"<p><strong>Autores:<\/strong>\u00a0Michelle H. Cameron &amp; Michelle H. Cameron<br \/>\n<strong>ISBN:<\/strong>\u00a09788413824208<br \/>\n<strong>Editorial:<\/strong>\u00a0Elsevier<br \/>\n<strong>Edici\u00f3n:<\/strong>\u00a06\u00aa<br \/>\n<strong>Especialidad<\/strong>: Fisioterapia<br \/>\n<strong>P\u00e1ginas<\/strong>: 504<br \/>\n\u00a9 2023<\/p>\n","protected":false},"featured_media":13077,"comment_status":"open","ping_status":"closed","template":"","meta":{"_joinchat":[]},"product_cat":[111],"product_tag":[85,112],"class_list":{"0":"post-13076","1":"product","2":"type-product","3":"status-publish","4":"has-post-thumbnail","6":"product_cat-fisioterapia","7":"product_tag-elsevier","8":"product_tag-fisioterapia","10":"first","11":"outofstock","12":"featured","13":"taxable","14":"shipping-taxable","15":"purchasable","16":"product-type-simple"},"_links":{"self":[{"href":"https:\/\/edimeinter.com\/libreria\/wp-json\/wp\/v2\/product\/13076","targetHints":{"allow":["GET"]}}],"collection":[{"href":"https:\/\/edimeinter.com\/libreria\/wp-json\/wp\/v2\/product"}],"about":[{"href":"https:\/\/edimeinter.com\/libreria\/wp-json\/wp\/v2\/types\/product"}],"replies":[{"embeddable":true,"href":"https:\/\/edimeinter.com\/libreria\/wp-json\/wp\/v2\/comments?post=13076"}],"version-history":[{"count":2,"href":"https:\/\/edimeinter.com\/libreria\/wp-json\/wp\/v2\/product\/13076\/revisions"}],"predecessor-version":[{"id":15354,"href":"https:\/\/edimeinter.com\/libreria\/wp-json\/wp\/v2\/product\/13076\/revisions\/15354"}],"wp:featuredmedia":[{"embeddable":true,"href":"https:\/\/edimeinter.com\/libreria\/wp-json\/wp\/v2\/media\/13077"}],"wp:attachment":[{"href":"https:\/\/edimeinter.com\/libreria\/wp-json\/wp\/v2\/media?parent=13076"}],"wp:term":[{"taxonomy":"product_cat","embeddable":true,"href":"https:\/\/edimeinter.com\/libreria\/wp-json\/wp\/v2\/product_cat?post=13076"},{"taxonomy":"product_tag","embeddable":true,"href":"https:\/\/edimeinter.com\/libreria\/wp-json\/wp\/v2\/product_tag?post=13076"}],"curies":[{"name":"wp","href":"https:\/\/api.w.org\/{rel}","templated":true}]}}