{"id":13088,"date":"2025-02-17T19:12:34","date_gmt":"2025-02-17T19:12:34","guid":{"rendered":"https:\/\/edimeinter.com\/libreria\/?post_type=product&#038;p=13088"},"modified":"2025-03-04T16:41:58","modified_gmt":"2025-03-04T16:41:58","slug":"stoelting-tratado-de-anestesia-y-enfermedad-coexistente-3-vol-1a-edicion","status":"publish","type":"product","link":"https:\/\/edimeinter.com\/libreria\/product\/stoelting-tratado-de-anestesia-y-enfermedad-coexistente-3-vol-1a-edicion\/","title":{"rendered":"Stoelting. Tratado de anestesia y enfermedad coexistente 3 Vol. 8\u00aa Edici\u00f3n"},"content":{"rendered":"\t\t<div data-elementor-type=\"wp-post\" data-elementor-id=\"13088\" class=\"elementor elementor-13088\">\n\t\t\t\t<div class=\"elementor-element elementor-element-2612b12 e-flex e-con-boxed e-con e-parent\" data-id=\"2612b12\" data-element_type=\"container\" data-e-type=\"container\">\n\t\t\t\t\t<div class=\"e-con-inner\">\n\t\t\n\t\t<div class=\"elementor-element elementor-element-498707ae elementor-widget elementor-widget-text-editor\" data-id=\"498707ae\" data-element_type=\"widget\" data-e-type=\"widget\" data-widget_type=\"text-editor.default\">\n\t\t\t\t<div class=\"elementor-widget-container\">\n\t\t\t\t\t\t\t\t\t<p><i>Stoelting. Tratado de anestesia y enfermedad coexistente<\/i>, 8.\u00aa ed., constituye una herramienta imprescindible para todos aquellos que se dedican a la pr\u00e1ctica de la anestesia, con independencia de su nivel de formaci\u00f3n y experiencia, pues proporciona una cobertura concisa pero integral de la fisiopatolog\u00eda de las enfermedades m\u00e1s frecuentes y de su abordaje m\u00e9dico en relaci\u00f3n con la pr\u00e1ctica de la anestesia. La doctora Roberta L. Hines, eminente autoridad en la materia, y la nueva codirectora, la doctora Stephanie B. Jones, lideran un extraordinario equipo de autores que ofrecen una orientaci\u00f3n clara y detallada para abordar o evitar satisfactoriamente potenciales complicaciones asociadas a alteraciones preexistentes.<\/p>\t\t\t\t\t\t\t\t<\/div>\n\t\t\t\t<\/div>\n\t\t\t\t\t<\/div>\n\t\t\t\t<\/div>\n\t\t\t\t<\/div>\n\t\t","protected":false},"excerpt":{"rendered":"<p><strong>Autores:<\/strong>\u00a0Roberta L. Hines &amp; Stephanie B. Jones<br \/>\n<strong>ISBN:<\/strong>\u00a09788413824970<br \/>\n<strong>Editorial:<\/strong>\u00a0Elsevier<br \/>\n<strong>Edici\u00f3n:<\/strong> 8\u00aa<br \/>\n<strong>Especialidad<\/strong>: Anestesia y Reanimaci\u00f3n<br \/>\n<strong>P\u00e1ginas<\/strong>: 750<br \/>\n\u00a9 2023<\/p>\n","protected":false},"featured_media":13089,"comment_status":"open","ping_status":"open","template":"","meta":{"_joinchat":[]},"product_cat":[86],"product_tag":[87,85],"class_list":{"0":"post-13088","1":"product","2":"type-product","3":"status-publish","4":"has-post-thumbnail","6":"product_cat-anestesiologia-y-reanimacion","7":"product_tag-anestesiologia-y-reanimacion","8":"product_tag-elsevier","10":"first","11":"instock","12":"featured","13":"taxable","14":"shipping-taxable","15":"purchasable","16":"product-type-simple"},"_links":{"self":[{"href":"https:\/\/edimeinter.com\/libreria\/wp-json\/wp\/v2\/product\/13088","targetHints":{"allow":["GET"]}}],"collection":[{"href":"https:\/\/edimeinter.com\/libreria\/wp-json\/wp\/v2\/product"}],"about":[{"href":"https:\/\/edimeinter.com\/libreria\/wp-json\/wp\/v2\/types\/product"}],"replies":[{"embeddable":true,"href":"https:\/\/edimeinter.com\/libreria\/wp-json\/wp\/v2\/comments?post=13088"}],"version-history":[{"count":1,"href":"https:\/\/edimeinter.com\/libreria\/wp-json\/wp\/v2\/product\/13088\/revisions"}],"predecessor-version":[{"id":15351,"href":"https:\/\/edimeinter.com\/libreria\/wp-json\/wp\/v2\/product\/13088\/revisions\/15351"}],"wp:featuredmedia":[{"embeddable":true,"href":"https:\/\/edimeinter.com\/libreria\/wp-json\/wp\/v2\/media\/13089"}],"wp:attachment":[{"href":"https:\/\/edimeinter.com\/libreria\/wp-json\/wp\/v2\/media?parent=13088"}],"wp:term":[{"taxonomy":"product_cat","embeddable":true,"href":"https:\/\/edimeinter.com\/libreria\/wp-json\/wp\/v2\/product_cat?post=13088"},{"taxonomy":"product_tag","embeddable":true,"href":"https:\/\/edimeinter.com\/libreria\/wp-json\/wp\/v2\/product_tag?post=13088"}],"curies":[{"name":"wp","href":"https:\/\/api.w.org\/{rel}","templated":true}]}}