{"id":13096,"date":"2025-02-17T19:22:16","date_gmt":"2025-02-17T19:22:16","guid":{"rendered":"https:\/\/edimeinter.com\/libreria\/?post_type=product&#038;p=13096"},"modified":"2025-08-05T17:32:21","modified_gmt":"2025-08-05T17:32:21","slug":"mosby-guia-de-pruebas-diagnosticas-y-de-laboratorio-15a-edicion","status":"publish","type":"product","link":"https:\/\/edimeinter.com\/libreria\/product\/mosby-guia-de-pruebas-diagnosticas-y-de-laboratorio-15a-edicion\/","title":{"rendered":"Mosby\u00ae. Gu\u00eda de pruebas diagn\u00f3sticas y de laboratorio. 15\u00aa Edici\u00f3n"},"content":{"rendered":"\t\t<div data-elementor-type=\"wp-post\" data-elementor-id=\"13096\" class=\"elementor elementor-13096\">\n\t\t\t\t<div class=\"elementor-element elementor-element-2612b12 e-flex e-con-boxed e-con e-parent\" data-id=\"2612b12\" data-element_type=\"container\" data-e-type=\"container\">\n\t\t\t\t\t<div class=\"e-con-inner\">\n\t\t\n\t\t<div class=\"elementor-element elementor-element-498707ae elementor-widget elementor-widget-text-editor\" data-id=\"498707ae\" data-element_type=\"widget\" data-e-type=\"widget\" data-widget_type=\"text-editor.default\">\n\t\t\t\t<div class=\"elementor-widget-container\">\n\t\t\t\t\t\t\t\t\t<p>En su decimoquinta edici\u00f3n, Mosby\u00ae. Gu\u00eda de pruebas diagn\u00f3sticas y de laboratorio es la obra de referencia en su campo. Conocida por su contenido preciso y actualizado, recoge toda la informaci\u00f3n necesaria en un formato pr\u00e1ctico y de r\u00e1pido acceso y se ha convertido en la fuente de informaci\u00f3n integral y actualizada para todas las pruebas de laboratorio y la informaci\u00f3n diagn\u00f3stica.<\/p><p>La presente edici\u00f3n incluye nueve entradas de pruebas nuevas. Asimismo, el contenido refleja las \u00faltimas investigaciones sobre la utilidad diagn\u00f3stica de los resultados, la precisi\u00f3n de las pruebas, y el cuidado y la educaci\u00f3n del paciente en cada prueba.<\/p><p>Las pruebas est\u00e1n organizadas alfab\u00e9ticamente para permitir una b\u00fasqueda r\u00e1pida, sin necesidad de determinar primero su categor\u00eda o el sistema corporal correspondiente. Cada prueba comienza en una p\u00e1gina nueva, lo que facilita su b\u00fasqueda y se enumeran por sistema corporal y por tipo de prueba en los ap\u00e9ndices. Los intervalos de referencia habituales, y la informaci\u00f3n sobre las pruebas sangu\u00edneas y urinarias de rutina tambi\u00e9n se recogen en los ap\u00e9ndices.<\/p><p>Los resultados normales y anormales para adultos, ancianos y pacientes pedi\u00e1tricos se incluyen cuando resulta pertinente y los posibles valores cr\u00edticos se destacan para alertar de las situaciones que requieren una intervenci\u00f3n inmediata.<\/p>\t\t\t\t\t\t\t\t<\/div>\n\t\t\t\t<\/div>\n\t\t\t\t\t<\/div>\n\t\t\t\t<\/div>\n\t\t\t\t<\/div>\n\t\t","protected":false},"excerpt":{"rendered":"<p><strong>Autores:<\/strong>\u00a0Kathleen Deska Pagana &amp; Timothy J. Pagana &amp; Theresa Noel Pagana<br \/>\n<strong>ISBN:<\/strong>\u00a09788413822082<br \/>\n<strong>Editorial:<\/strong>\u00a0Elsevier<br \/>\n<strong>Edici\u00f3n:<\/strong>\u00a015\u00aa<br \/>\n<strong>Especialidad<\/strong>: Laboratorio Cl\u00ednico<br \/>\n<strong>P\u00e1ginas<\/strong>: 1088<br \/>\n\u00a9 2023<\/p>\n","protected":false},"featured_media":13097,"comment_status":"open","ping_status":"closed","template":"","meta":{"_joinchat":[]},"product_cat":[136],"product_tag":[85,137],"class_list":{"0":"post-13096","1":"product","2":"type-product","3":"status-publish","4":"has-post-thumbnail","6":"product_cat-laboratorio-clinico","7":"product_tag-elsevier","8":"product_tag-laboratorio-clinico","10":"first","11":"instock","12":"featured","13":"taxable","14":"shipping-taxable","15":"purchasable","16":"product-type-simple"},"_links":{"self":[{"href":"https:\/\/edimeinter.com\/libreria\/wp-json\/wp\/v2\/product\/13096","targetHints":{"allow":["GET"]}}],"collection":[{"href":"https:\/\/edimeinter.com\/libreria\/wp-json\/wp\/v2\/product"}],"about":[{"href":"https:\/\/edimeinter.com\/libreria\/wp-json\/wp\/v2\/types\/product"}],"replies":[{"embeddable":true,"href":"https:\/\/edimeinter.com\/libreria\/wp-json\/wp\/v2\/comments?post=13096"}],"version-history":[{"count":1,"href":"https:\/\/edimeinter.com\/libreria\/wp-json\/wp\/v2\/product\/13096\/revisions"}],"predecessor-version":[{"id":15350,"href":"https:\/\/edimeinter.com\/libreria\/wp-json\/wp\/v2\/product\/13096\/revisions\/15350"}],"wp:featuredmedia":[{"embeddable":true,"href":"https:\/\/edimeinter.com\/libreria\/wp-json\/wp\/v2\/media\/13097"}],"wp:attachment":[{"href":"https:\/\/edimeinter.com\/libreria\/wp-json\/wp\/v2\/media?parent=13096"}],"wp:term":[{"taxonomy":"product_cat","embeddable":true,"href":"https:\/\/edimeinter.com\/libreria\/wp-json\/wp\/v2\/product_cat?post=13096"},{"taxonomy":"product_tag","embeddable":true,"href":"https:\/\/edimeinter.com\/libreria\/wp-json\/wp\/v2\/product_tag?post=13096"}],"curies":[{"name":"wp","href":"https:\/\/api.w.org\/{rel}","templated":true}]}}