{"id":13108,"date":"2025-02-17T19:30:51","date_gmt":"2025-02-17T19:30:51","guid":{"rendered":"https:\/\/edimeinter.com\/libreria\/?post_type=product&#038;p=13108"},"modified":"2025-03-04T16:39:57","modified_gmt":"2025-03-04T16:39:57","slug":"kanski-manual-de-oftalmologia-clinica-4a-edicion","status":"publish","type":"product","link":"https:\/\/edimeinter.com\/libreria\/product\/kanski-manual-de-oftalmologia-clinica-4a-edicion\/","title":{"rendered":"Kanski. Manual de oftalmolog\u00eda cl\u00ednica. 4\u00aa Edici\u00f3n"},"content":{"rendered":"\t\t<div data-elementor-type=\"wp-post\" data-elementor-id=\"13108\" class=\"elementor elementor-13108\">\n\t\t\t\t<div class=\"elementor-element elementor-element-2612b12 e-flex e-con-boxed e-con e-parent\" data-id=\"2612b12\" data-element_type=\"container\" data-e-type=\"container\">\n\t\t\t\t\t<div class=\"e-con-inner\">\n\t\t\n\t\t<div class=\"elementor-element elementor-element-498707ae elementor-widget elementor-widget-text-editor\" data-id=\"498707ae\" data-element_type=\"widget\" data-e-type=\"widget\" data-widget_type=\"text-editor.default\">\n\t\t\t\t<div class=\"elementor-widget-container\">\n\t\t\t\t\t\t\t\t\t<p>Este manual sintetiza la informaci\u00f3n fundamental de\u00a0Kanski. Oftalmolog\u00eda cl\u00ednica.<\/p><p>Incluye 900 ilustraciones\u00a0y fotograf\u00edas cl\u00ednicas de gran calidad.<\/p><p>Supone una referencia perfecta en la consulta, as\u00ed como una eficaz gu\u00eda de estudio para preparar ex\u00e1menes.<\/p><p>Cubre la informaci\u00f3n necesaria para diagnosticar y tratar de forma eficaz una amplia variedad de trastornos oftalmol\u00f3gicos.<\/p><p>Ofrece informaci\u00f3n actualizada sobre los \u00faltimos avances en el tratamiento del glaucoma, el uso de f\u00e1rmacos biol\u00f3gicos para el tratamiento de la uve\u00edtis, los avances gen\u00e9ticos en las distrofias retinianas hereditarias y\u00a0otros.<\/p><p>Incluye un nuevo cap\u00edtulo sobre las t\u00e9cnicas de exploraci\u00f3n, as\u00ed como amplias actualizaciones del conocimiento clave.<\/p><p>Contiene cientos de im\u00e1genes de gran calidad: pruebas de imagen diagn\u00f3sticas; fotograf\u00edas quir\u00fargicas y cl\u00ednicas que ilustran los signos y s\u00edntomas, as\u00ed como las t\u00e9cnicas quir\u00fargicas, e ilustraciones m\u00e9dicas que reflejan los aspectos anat\u00f3micos m\u00e1s importantes.<\/p>\t\t\t\t\t\t\t\t<\/div>\n\t\t\t\t<\/div>\n\t\t\t\t\t<\/div>\n\t\t\t\t<\/div>\n\t\t\t\t<\/div>\n\t\t","protected":false},"excerpt":{"rendered":"<p><strong>Autores:<\/strong>\u00a0John F. Salmon<br \/>\n<strong>ISBN:<\/strong>\u00a09788413824635<br \/>\n<strong>Editorial:<\/strong>\u00a0Elsevier<br \/>\n<strong>Edici\u00f3n:<\/strong>\u00a04\u00aa<br \/>\n<strong>Especialidad<\/strong>: Oftalmolog\u00eda y Optometr\u00eda<br \/>\n<strong>P\u00e1ginas<\/strong>: 472<br \/>\n\u00a9 2023<\/p>\n","protected":false},"featured_media":13109,"comment_status":"open","ping_status":"open","template":"","meta":{"_joinchat":[]},"product_cat":[95],"product_tag":[85,96],"class_list":{"0":"post-13108","1":"product","2":"type-product","3":"status-publish","4":"has-post-thumbnail","6":"product_cat-oftalmologia-y-optometria","7":"product_tag-elsevier","8":"product_tag-oftalmologia-y-optometria","10":"first","11":"instock","12":"featured","13":"taxable","14":"shipping-taxable","15":"purchasable","16":"product-type-simple"},"_links":{"self":[{"href":"https:\/\/edimeinter.com\/libreria\/wp-json\/wp\/v2\/product\/13108","targetHints":{"allow":["GET"]}}],"collection":[{"href":"https:\/\/edimeinter.com\/libreria\/wp-json\/wp\/v2\/product"}],"about":[{"href":"https:\/\/edimeinter.com\/libreria\/wp-json\/wp\/v2\/types\/product"}],"replies":[{"embeddable":true,"href":"https:\/\/edimeinter.com\/libreria\/wp-json\/wp\/v2\/comments?post=13108"}],"version-history":[{"count":1,"href":"https:\/\/edimeinter.com\/libreria\/wp-json\/wp\/v2\/product\/13108\/revisions"}],"predecessor-version":[{"id":15346,"href":"https:\/\/edimeinter.com\/libreria\/wp-json\/wp\/v2\/product\/13108\/revisions\/15346"}],"wp:featuredmedia":[{"embeddable":true,"href":"https:\/\/edimeinter.com\/libreria\/wp-json\/wp\/v2\/media\/13109"}],"wp:attachment":[{"href":"https:\/\/edimeinter.com\/libreria\/wp-json\/wp\/v2\/media?parent=13108"}],"wp:term":[{"taxonomy":"product_cat","embeddable":true,"href":"https:\/\/edimeinter.com\/libreria\/wp-json\/wp\/v2\/product_cat?post=13108"},{"taxonomy":"product_tag","embeddable":true,"href":"https:\/\/edimeinter.com\/libreria\/wp-json\/wp\/v2\/product_tag?post=13108"}],"curies":[{"name":"wp","href":"https:\/\/api.w.org\/{rel}","templated":true}]}}