{"id":13114,"date":"2025-02-17T19:34:50","date_gmt":"2025-02-17T19:34:50","guid":{"rendered":"https:\/\/edimeinter.com\/libreria\/?post_type=product&#038;p=13114"},"modified":"2025-03-04T16:39:25","modified_gmt":"2025-03-04T16:39:25","slug":"oftalmologia-secretos-5a-edicion","status":"publish","type":"product","link":"https:\/\/edimeinter.com\/libreria\/product\/oftalmologia-secretos-5a-edicion\/","title":{"rendered":"Oftalmolog\u00eda. Secretos. 5\u00aa Edici\u00f3n"},"content":{"rendered":"\t\t<div data-elementor-type=\"wp-post\" data-elementor-id=\"13114\" class=\"elementor elementor-13114\">\n\t\t\t\t<div class=\"elementor-element elementor-element-2612b12 e-flex e-con-boxed e-con e-parent\" data-id=\"2612b12\" data-element_type=\"container\" data-e-type=\"container\">\n\t\t\t\t\t<div class=\"e-con-inner\">\n\t\t\n\t\t<div class=\"elementor-element elementor-element-498707ae elementor-widget elementor-widget-text-editor\" data-id=\"498707ae\" data-element_type=\"widget\" data-e-type=\"widget\" data-widget_type=\"text-editor.default\">\n\t\t\t\t<div class=\"elementor-widget-container\">\n\t\t\t\t\t\t\t\t\t<p>Durante m\u00e1s de treinta a\u00f1os, la serie Secretos ha proporcionado a estudiantes y m\u00e9dicos residentes de todas las \u00e1reas de la asistencia sanitaria recursos concisos, dirigidos y atractivos para realizar consultas r\u00e1pidas y repasar el contenido antes de un examen.<\/p><p>Oftalmolog\u00eda. Secretos, 5.\u00aa edici\u00f3n, ofrece una cobertura pr\u00e1ctica y actualizada de todos los aspectos de esta cambiante disciplina, empleando el popular formato de preguntas y respuestas de la serie, que tambi\u00e9n incluye cuadros y tablas, consejos y reglas mnemot\u00e9cnicas; todo ello con un estilo de f\u00e1cil lectura para que consultar y repasar la informaci\u00f3n sea \u00e1gil, sencillo y ameno.<\/p><p>El formato de la serie\u00a0permite al lector aprovechar su tiempo al m\u00e1ximo gracias a un enfoque conciso, accesible, atractivo y muy eficaz. Aborda todos los temas de esta extensa especialidad, desde los fundamentos cient\u00edficos hasta los problemas del envejecimiento del ojo.<\/p><p>Completamente revisado y actualizado, incluidos los protocolos y las gu\u00edas de actuaci\u00f3n, que, siempre en continua evoluci\u00f3n, dictan la mejor asistencia. Incluye ademas\u00a0im\u00e1genes cl\u00ednicas de gran relevancia.<\/p><p>Los 100 secretos m\u00e1s importantes y los cuadros de puntos clave permiten revisar con rapidez los secretos que deben conocerse para lograr el \u00e9xito en la pr\u00e1ctica profesional y los ex\u00e1menes.\u00a0Las listas de informaci\u00f3n, los recursos mnemot\u00e9cnicos y los consejos pr\u00e1cticos de expertos en la materia proporcionan una accesible visi\u00f3n general del contenido m\u00e1s relevante.<\/p>\t\t\t\t\t\t\t\t<\/div>\n\t\t\t\t<\/div>\n\t\t\t\t\t<\/div>\n\t\t\t\t<\/div>\n\t\t\t\t<\/div>\n\t\t","protected":false},"excerpt":{"rendered":"<p><strong>Autores:<\/strong>\u00a0Janice Gault<br \/>\n<strong>ISBN:<\/strong>\u00a09788413824017<br \/>\n<strong>Editorial:<\/strong>\u00a0Elsevier<br \/>\n<strong>Edici\u00f3n:<\/strong>\u00a05\u00aa<br \/>\n<strong>Especialidad<\/strong>: Oftalmolog\u00eda y Optometr\u00eda<br \/>\n<strong>P\u00e1ginas<\/strong>: 448<br \/>\n\u00a9 2023<\/p>\n","protected":false},"featured_media":13115,"comment_status":"open","ping_status":"open","template":"","meta":{"_joinchat":[]},"product_cat":[95],"product_tag":[85,96],"class_list":{"0":"post-13114","1":"product","2":"type-product","3":"status-publish","4":"has-post-thumbnail","6":"product_cat-oftalmologia-y-optometria","7":"product_tag-elsevier","8":"product_tag-oftalmologia-y-optometria","10":"first","11":"instock","12":"featured","13":"taxable","14":"shipping-taxable","15":"purchasable","16":"product-type-simple"},"_links":{"self":[{"href":"https:\/\/edimeinter.com\/libreria\/wp-json\/wp\/v2\/product\/13114","targetHints":{"allow":["GET"]}}],"collection":[{"href":"https:\/\/edimeinter.com\/libreria\/wp-json\/wp\/v2\/product"}],"about":[{"href":"https:\/\/edimeinter.com\/libreria\/wp-json\/wp\/v2\/types\/product"}],"replies":[{"embeddable":true,"href":"https:\/\/edimeinter.com\/libreria\/wp-json\/wp\/v2\/comments?post=13114"}],"version-history":[{"count":1,"href":"https:\/\/edimeinter.com\/libreria\/wp-json\/wp\/v2\/product\/13114\/revisions"}],"predecessor-version":[{"id":15345,"href":"https:\/\/edimeinter.com\/libreria\/wp-json\/wp\/v2\/product\/13114\/revisions\/15345"}],"wp:featuredmedia":[{"embeddable":true,"href":"https:\/\/edimeinter.com\/libreria\/wp-json\/wp\/v2\/media\/13115"}],"wp:attachment":[{"href":"https:\/\/edimeinter.com\/libreria\/wp-json\/wp\/v2\/media?parent=13114"}],"wp:term":[{"taxonomy":"product_cat","embeddable":true,"href":"https:\/\/edimeinter.com\/libreria\/wp-json\/wp\/v2\/product_cat?post=13114"},{"taxonomy":"product_tag","embeddable":true,"href":"https:\/\/edimeinter.com\/libreria\/wp-json\/wp\/v2\/product_tag?post=13114"}],"curies":[{"name":"wp","href":"https:\/\/api.w.org\/{rel}","templated":true}]}}