{"id":13120,"date":"2025-02-17T20:12:59","date_gmt":"2025-02-17T20:12:59","guid":{"rendered":"https:\/\/edimeinter.com\/libreria\/?post_type=product&#038;p=13120"},"modified":"2025-03-04T16:38:51","modified_gmt":"2025-03-04T16:38:51","slug":"enfermedades-infecciosas-1a-edicion","status":"publish","type":"product","link":"https:\/\/edimeinter.com\/libreria\/product\/enfermedades-infecciosas-1a-edicion\/","title":{"rendered":"Enfermedades infecciosas. 1\u00aa Edici\u00f3n"},"content":{"rendered":"\t\t<div data-elementor-type=\"wp-post\" data-elementor-id=\"13120\" class=\"elementor elementor-13120\">\n\t\t\t\t<div class=\"elementor-element elementor-element-2612b12 e-flex e-con-boxed e-con e-parent\" data-id=\"2612b12\" data-element_type=\"container\" data-e-type=\"container\">\n\t\t\t\t\t<div class=\"e-con-inner\">\n\t\t\n\t\t<div class=\"elementor-element elementor-element-498707ae elementor-widget elementor-widget-text-editor\" data-id=\"498707ae\" data-element_type=\"widget\" data-e-type=\"widget\" data-widget_type=\"text-editor.default\">\n\t\t\t\t<div class=\"elementor-widget-container\">\n\t\t\t\t\t\t\t\t\t<p>El manual de\u00a0<i><em>Enfermedades infecciosas,<\/em><\/i>\u00a0de Medicalum, re\u00fane todos los conocimientos necesarios para que estudiantes de Medicina, residentes y especialistas de \u00e1reas afines dominen las principales patolog\u00edas de origen infeccioso, en un contexto tanto cl\u00ednico como acad\u00e9mico. Desarrolla un enfoque de aprendizaje din\u00e1mico basado en la evaluaci\u00f3n formativa y la autoevaluaci\u00f3n.<\/p><p>La obra se estructura en 4 partes y a trav\u00e9s de sus 38 cap\u00edtulos aborda, de forma completa, concisa y actualizada, la fisiopatolog\u00eda y el abordaje diagn\u00f3stico y terap\u00e9utico de las enfermedades infecciosas que todo m\u00e9dico debe conocer y saber resolver, incluyendo la COVID-19 y la viruela de los monos\u00a0<i><em>(monkeypox).<\/em><\/i><\/p><p>Todo el contenido est\u00e1 orientado a la actividad cl\u00ednica diaria e incluye informaci\u00f3n detallada y sintetizada para facilita el estudio. Asimismo, cuenta con m\u00e1s de 120 figuras originales y 190 preguntas de autoevaluaci\u00f3n.<\/p><p>En esta obra ha participado un equipo de m\u00e1s de 80 autores de Espa\u00f1a y Latinoam\u00e9rica, todos ellos con una reconocida trayectoria profesional, una intensa y dilatada experiencia cl\u00ednica, y una indiscutible motivaci\u00f3n docente.<\/p>\t\t\t\t\t\t\t\t<\/div>\n\t\t\t\t<\/div>\n\t\t\t\t\t<\/div>\n\t\t\t\t<\/div>\n\t\t\t\t<\/div>\n\t\t","protected":false},"excerpt":{"rendered":"<p><strong>Autores:<\/strong>\u00a0Elisa Garc\u00eda V\u00e1zquez &amp; Juan Manuel Qui\u00f1onero Rubio &amp; Pedro Antonio Cascales Campos<br \/>\n<strong>ISBN:<\/strong>\u00a09788413821290<br \/>\n<strong>Editorial:<\/strong>\u00a0Elsevier<br \/>\n<strong>Edici\u00f3n:<\/strong>\u00a01\u00aa<br \/>\n<strong>Especialidad<\/strong>: Enfermedades Infecciosas<br \/>\n<strong>P\u00e1ginas<\/strong>: 534<br \/>\n\u00a9 2023<\/p>\n","protected":false},"featured_media":13121,"comment_status":"open","ping_status":"open","template":"","meta":{"_joinchat":[]},"product_cat":[228],"product_tag":[85,229],"class_list":{"0":"post-13120","1":"product","2":"type-product","3":"status-publish","4":"has-post-thumbnail","6":"product_cat-enfermedades-infecciosas","7":"product_tag-elsevier","8":"product_tag-enfermedades-infecciosas","10":"first","11":"instock","12":"featured","13":"taxable","14":"shipping-taxable","15":"purchasable","16":"product-type-simple"},"_links":{"self":[{"href":"https:\/\/edimeinter.com\/libreria\/wp-json\/wp\/v2\/product\/13120","targetHints":{"allow":["GET"]}}],"collection":[{"href":"https:\/\/edimeinter.com\/libreria\/wp-json\/wp\/v2\/product"}],"about":[{"href":"https:\/\/edimeinter.com\/libreria\/wp-json\/wp\/v2\/types\/product"}],"replies":[{"embeddable":true,"href":"https:\/\/edimeinter.com\/libreria\/wp-json\/wp\/v2\/comments?post=13120"}],"version-history":[{"count":1,"href":"https:\/\/edimeinter.com\/libreria\/wp-json\/wp\/v2\/product\/13120\/revisions"}],"predecessor-version":[{"id":15344,"href":"https:\/\/edimeinter.com\/libreria\/wp-json\/wp\/v2\/product\/13120\/revisions\/15344"}],"wp:featuredmedia":[{"embeddable":true,"href":"https:\/\/edimeinter.com\/libreria\/wp-json\/wp\/v2\/media\/13121"}],"wp:attachment":[{"href":"https:\/\/edimeinter.com\/libreria\/wp-json\/wp\/v2\/media?parent=13120"}],"wp:term":[{"taxonomy":"product_cat","embeddable":true,"href":"https:\/\/edimeinter.com\/libreria\/wp-json\/wp\/v2\/product_cat?post=13120"},{"taxonomy":"product_tag","embeddable":true,"href":"https:\/\/edimeinter.com\/libreria\/wp-json\/wp\/v2\/product_tag?post=13120"}],"curies":[{"name":"wp","href":"https:\/\/api.w.org\/{rel}","templated":true}]}}