{"id":13126,"date":"2025-02-17T20:16:49","date_gmt":"2025-02-17T20:16:49","guid":{"rendered":"https:\/\/edimeinter.com\/libreria\/?post_type=product&#038;p=13126"},"modified":"2025-03-04T16:38:15","modified_gmt":"2025-03-04T16:38:15","slug":"manual-para-preparar-pruebas-ecoe-de-enfermeria-2a-edicion","status":"publish","type":"product","link":"https:\/\/edimeinter.com\/libreria\/product\/manual-para-preparar-pruebas-ecoe-de-enfermeria-2a-edicion\/","title":{"rendered":"Manual para preparar pruebas ECOE de enfermer\u00eda. 2\u00aa Edici\u00f3n"},"content":{"rendered":"\t\t<div data-elementor-type=\"wp-post\" data-elementor-id=\"13126\" class=\"elementor elementor-13126\">\n\t\t\t\t<div class=\"elementor-element elementor-element-2612b12 e-flex e-con-boxed e-con e-parent\" data-id=\"2612b12\" data-element_type=\"container\" data-e-type=\"container\">\n\t\t\t\t\t<div class=\"e-con-inner\">\n\t\t\n\t\t<div class=\"elementor-element elementor-element-498707ae elementor-widget elementor-widget-text-editor\" data-id=\"498707ae\" data-element_type=\"widget\" data-e-type=\"widget\" data-widget_type=\"text-editor.default\">\n\t\t\t\t<div class=\"elementor-widget-container\">\n\t\t\t\t\t\t\t\t\t<p>Manual para preparar pruebas ECOE de Enfermer\u00eda da las claves para preparar y realizar una prueba ECOE (Examen de Competencias Objetivo y Estructurado). Esta prueba eval\u00faa la adquisici\u00f3n de las competencias y habilidades necesarias para ser enfermera.<br \/>La obra presenta un gran n\u00famero de situaciones cl\u00ednicas y del ejercicio profesional enfermero, con detalladas r\u00fabricas de evaluaci\u00f3n y explicaciones de los recursos necesarios para reproducirlas durante una ECOE.<br \/>Presenta desde casos de patolog\u00edas frecuentes hasta casos cl\u00ednicos sindr\u00f3micos y evolutivos, para realizar la prueba ECOE en escala de complejidad creciente, seg\u00fan el curso que se eval\u00faa, va acompa\u00f1ada de 41 v\u00eddeos que ejemplifican los casos, e incluye un cap\u00edtulo final de evaluaci\u00f3n de la satisfacci\u00f3n con la prueba ECOE.<\/p><p>La obra va dirigida a profesores y estudiantes de Ciencias de la Salud, especialmente del grado de Enfermer\u00eda.<br \/>Contiene cap\u00edtulos que desarrollan las claves conceptuales para resolver cada caso.<br \/>Todos los autores son docentes con amplia trayectoria en el grado de Enfermer\u00eda y, en su mayor\u00eda, ejercen en la pr\u00e1ctica cl\u00ednica habitual o tienen dilatada experiencia en gesti\u00f3n universitaria. Son pioneros en adaptar la prueba ECOE para el grado de Enfermer\u00eda. Se suman, adem\u00e1s, t\u00e9cnicos especializados en gesti\u00f3n documental y simulaci\u00f3n cl\u00ednica.<\/p>\t\t\t\t\t\t\t\t<\/div>\n\t\t\t\t<\/div>\n\t\t\t\t\t<\/div>\n\t\t\t\t<\/div>\n\t\t\t\t<\/div>\n\t\t","protected":false},"excerpt":{"rendered":"<p><strong>Autores:<\/strong>\u00a0Isabel Almod\u00f3var Fern\u00e1ndez &amp; Paula S\u00e1nchez Thevenet &amp; Eugenia Moreno Collado<br \/>\n<strong>ISBN:<\/strong>\u00a09788413823065<br \/>\n<strong>Editorial:<\/strong>\u00a0Elsevier<br \/>\n<strong>Edici\u00f3n:<\/strong>\u00a02\u00aa<br \/>\n<strong>Especialidad<\/strong>: Enfermer\u00eda<br \/>\n<strong>P\u00e1ginas<\/strong>: 344<br \/>\n\u00a9 2023<\/p>\n","protected":false},"featured_media":13127,"comment_status":"open","ping_status":"open","template":"","meta":{"_joinchat":[]},"product_cat":[115],"product_tag":[85,82],"class_list":{"0":"post-13126","1":"product","2":"type-product","3":"status-publish","4":"has-post-thumbnail","6":"product_cat-enfermeria","7":"product_tag-elsevier","8":"product_tag-enfermeria","10":"first","11":"instock","12":"featured","13":"taxable","14":"shipping-taxable","15":"purchasable","16":"product-type-simple"},"_links":{"self":[{"href":"https:\/\/edimeinter.com\/libreria\/wp-json\/wp\/v2\/product\/13126","targetHints":{"allow":["GET"]}}],"collection":[{"href":"https:\/\/edimeinter.com\/libreria\/wp-json\/wp\/v2\/product"}],"about":[{"href":"https:\/\/edimeinter.com\/libreria\/wp-json\/wp\/v2\/types\/product"}],"replies":[{"embeddable":true,"href":"https:\/\/edimeinter.com\/libreria\/wp-json\/wp\/v2\/comments?post=13126"}],"version-history":[{"count":1,"href":"https:\/\/edimeinter.com\/libreria\/wp-json\/wp\/v2\/product\/13126\/revisions"}],"predecessor-version":[{"id":15343,"href":"https:\/\/edimeinter.com\/libreria\/wp-json\/wp\/v2\/product\/13126\/revisions\/15343"}],"wp:featuredmedia":[{"embeddable":true,"href":"https:\/\/edimeinter.com\/libreria\/wp-json\/wp\/v2\/media\/13127"}],"wp:attachment":[{"href":"https:\/\/edimeinter.com\/libreria\/wp-json\/wp\/v2\/media?parent=13126"}],"wp:term":[{"taxonomy":"product_cat","embeddable":true,"href":"https:\/\/edimeinter.com\/libreria\/wp-json\/wp\/v2\/product_cat?post=13126"},{"taxonomy":"product_tag","embeddable":true,"href":"https:\/\/edimeinter.com\/libreria\/wp-json\/wp\/v2\/product_tag?post=13126"}],"curies":[{"name":"wp","href":"https:\/\/api.w.org\/{rel}","templated":true}]}}