{"id":13138,"date":"2025-02-17T20:28:02","date_gmt":"2025-02-17T20:28:02","guid":{"rendered":"https:\/\/edimeinter.com\/libreria\/?post_type=product&#038;p=13138"},"modified":"2025-03-04T16:37:14","modified_gmt":"2025-03-04T16:37:14","slug":"historia-de-la-enfermeria-4a-edicion","status":"publish","type":"product","link":"https:\/\/edimeinter.com\/libreria\/product\/historia-de-la-enfermeria-4a-edicion\/","title":{"rendered":"Historia de la enfermer\u00eda. 4\u00aa Edici\u00f3n"},"content":{"rendered":"\t\t<div data-elementor-type=\"wp-post\" data-elementor-id=\"13138\" class=\"elementor elementor-13138\">\n\t\t\t\t<div class=\"elementor-element elementor-element-2612b12 e-flex e-con-boxed e-con e-parent\" data-id=\"2612b12\" data-element_type=\"container\" data-e-type=\"container\">\n\t\t\t\t\t<div class=\"e-con-inner\">\n\t\t\n\t\t<div class=\"elementor-element elementor-element-498707ae elementor-widget elementor-widget-text-editor\" data-id=\"498707ae\" data-element_type=\"widget\" data-e-type=\"widget\" data-widget_type=\"text-editor.default\">\n\t\t\t\t<div class=\"elementor-widget-container\">\n\t\t\t\t\t\t\t\t\t<p>Esta edici\u00f3n mantiene la l\u00ednea de trabajo de las anteriores, al considerar que la evoluci\u00f3n del cuidado enfermero est\u00e1 estrechamente ligada a la consideraci\u00f3n del concepto de salud-enfermedad que ha caracterizado cada momento hist\u00f3rico.<br \/>Los contenidos integrados en los cinco cap\u00edtulos del libro constituyen un perfecto engranaje de la diversidad tem\u00e1tica y espacial: desde la prehistoria, las culturas cl\u00e1sicas, la Edad Media, Moderna, Contempor\u00e1nea, hasta los nuevos retos del presente (prestando especial atenci\u00f3n al impacto de la pandemia de COVID-19). Por otro lado, la diversidad geogr\u00e1fica y cultural constituye otra gran dificultad que las autoras han afrontado con una solvencia propia solo de investigadores avezados. Logran este enfoque sist\u00e9mico mediante el planteamiento en todos los cap\u00edtulos de aspectos clave en la conceptualizaci\u00f3n y la pr\u00e1ctica de los cuidados y la enfermer\u00eda en los diversos momentos hist\u00f3ricos.<br \/>Mar\u00eda Luisa Mart\u00ednez Mart\u00edn y Elena Chamorro Rebollo (profesora honoraria del Departamento de Enfermer\u00eda de la Universidad Aut\u00f3noma de Madrid y decana de la Facultad de Enfermer\u00eda y Fisioterapia Salus Infirmorum de la Universidad Pontificia de Salamanca, respectivamente), son las autoras de este estudio imprescindible para entender la naturaleza del cuidado (la enfermer\u00eda en la diversidad de sus manifestaciones) en las diferentes formas en las que se ha desarrollado en la historia: su motivaci\u00f3n, forma organizativa, t\u00e9cnicas, personas implicadas, caracter\u00edsticas est\u00e9ticas, \u00e9ticas, morales, antropol\u00f3gicas, culturales, religiosas, dom\u00e9sticas, ideol\u00f3gicas y, por supuesto, profesionales.<br \/>La interpretaci\u00f3n de la salud y la enfermedad, los cuidados, los m\u00e9todos y las t\u00e9cnicas empleados, las personas encargadas de dispensar los cuidados o las instituciones implicadas en su dispensa son cuestiones que se responden en todos los apartados de este libro, dot\u00e1ndolo de una gran carga did\u00e1ctica. Otro de los aspectos m\u00e1s destacables lo constituye su potencial pedag\u00f3gico. Todos los cap\u00edtulos integran sus respectivos \u00edndices y bibliograf\u00edas. Adem\u00e1s declaran, previamente al desarrollo del tema correspondiente, sus resultados de aprendizaje explicitando los conocimientos que debe adquirir el estudiante de forma anal\u00edtica y pormenorizada; seguidamente, las autoras dejan patente de forma concisa los conceptos clave que debe comprender y dominar el estudiante en cada uno de los cap\u00edtulos.<\/p>\t\t\t\t\t\t\t\t<\/div>\n\t\t\t\t<\/div>\n\t\t\t\t\t<\/div>\n\t\t\t\t<\/div>\n\t\t\t\t<\/div>\n\t\t","protected":false},"excerpt":{"rendered":"<p><strong>Autores:<\/strong>\u00a0Mar\u00eda Luisa Mart\u00ednez Mart\u00edn &amp; Elena Chamorro Rebollo<br \/>\n<strong>ISBN:<\/strong>\u00a09788413821177<br \/>\n<strong>Editorial:<\/strong>\u00a0Elsevier<br \/>\n<strong>Edici\u00f3n:<\/strong>\u00a04\u00aa<br \/>\n<strong>Especialidad<\/strong>: Enfermer\u00eda<br \/>\n<strong>P\u00e1ginas<\/strong>: 184<br \/>\n\u00a9 2023<\/p>\n","protected":false},"featured_media":13139,"comment_status":"open","ping_status":"open","template":"","meta":{"_joinchat":[]},"product_cat":[115],"product_tag":[85,82],"class_list":{"0":"post-13138","1":"product","2":"type-product","3":"status-publish","4":"has-post-thumbnail","6":"product_cat-enfermeria","7":"product_tag-elsevier","8":"product_tag-enfermeria","10":"first","11":"instock","12":"featured","13":"taxable","14":"shipping-taxable","15":"purchasable","16":"product-type-simple"},"_links":{"self":[{"href":"https:\/\/edimeinter.com\/libreria\/wp-json\/wp\/v2\/product\/13138","targetHints":{"allow":["GET"]}}],"collection":[{"href":"https:\/\/edimeinter.com\/libreria\/wp-json\/wp\/v2\/product"}],"about":[{"href":"https:\/\/edimeinter.com\/libreria\/wp-json\/wp\/v2\/types\/product"}],"replies":[{"embeddable":true,"href":"https:\/\/edimeinter.com\/libreria\/wp-json\/wp\/v2\/comments?post=13138"}],"version-history":[{"count":1,"href":"https:\/\/edimeinter.com\/libreria\/wp-json\/wp\/v2\/product\/13138\/revisions"}],"predecessor-version":[{"id":15341,"href":"https:\/\/edimeinter.com\/libreria\/wp-json\/wp\/v2\/product\/13138\/revisions\/15341"}],"wp:featuredmedia":[{"embeddable":true,"href":"https:\/\/edimeinter.com\/libreria\/wp-json\/wp\/v2\/media\/13139"}],"wp:attachment":[{"href":"https:\/\/edimeinter.com\/libreria\/wp-json\/wp\/v2\/media?parent=13138"}],"wp:term":[{"taxonomy":"product_cat","embeddable":true,"href":"https:\/\/edimeinter.com\/libreria\/wp-json\/wp\/v2\/product_cat?post=13138"},{"taxonomy":"product_tag","embeddable":true,"href":"https:\/\/edimeinter.com\/libreria\/wp-json\/wp\/v2\/product_tag?post=13138"}],"curies":[{"name":"wp","href":"https:\/\/api.w.org\/{rel}","templated":true}]}}