{"id":13144,"date":"2025-02-17T20:31:03","date_gmt":"2025-02-17T20:31:03","guid":{"rendered":"https:\/\/edimeinter.com\/libreria\/?post_type=product&#038;p=13144"},"modified":"2025-03-04T16:36:44","modified_gmt":"2025-03-04T16:36:44","slug":"psicologia-para-enfermeria-y-ciencias-de-la-salud-1a-edicion","status":"publish","type":"product","link":"https:\/\/edimeinter.com\/libreria\/product\/psicologia-para-enfermeria-y-ciencias-de-la-salud-1a-edicion\/","title":{"rendered":"Psicolog\u00eda para Enfermer\u00eda y Ciencias de la Salud. 1\u00aa Edici\u00f3n"},"content":{"rendered":"\t\t<div data-elementor-type=\"wp-post\" data-elementor-id=\"13144\" class=\"elementor elementor-13144\">\n\t\t\t\t<div class=\"elementor-element elementor-element-2612b12 e-flex e-con-boxed e-con e-parent\" data-id=\"2612b12\" data-element_type=\"container\" data-e-type=\"container\">\n\t\t\t\t\t<div class=\"e-con-inner\">\n\t\t\n\t\t<div class=\"elementor-element elementor-element-498707ae elementor-widget elementor-widget-text-editor\" data-id=\"498707ae\" data-element_type=\"widget\" data-e-type=\"widget\" data-widget_type=\"text-editor.default\">\n\t\t\t\t<div class=\"elementor-widget-container\">\n\t\t\t\t\t\t\t\t\t<p>Texto riguroso, preciso, claro y did\u00e1ctico, en el que se recogen los \u00faltimos avances en el conocimiento cient\u00edfico vinculados con el comportamiento humano y que son relevantes para el ejercicio de la Enfermer\u00eda y otras Ciencias de la Salud.<\/p><p>Dirigido a estudiantes de los grados de Enfermer\u00eda, Odontolog\u00eda, Fisioterapia, Terapia Ocupacional y Logopedia, la obra se compone de dos grandes bloques: \u00abFundamentos b\u00e1sicos de psicolog\u00eda\u00bb, que presenta los contenidos generales esenciales, y \u00abPsicolog\u00eda de salud\u00bb, de car\u00e1cter aplicado.<\/p><p>Re\u00fane en un \u00fanico texto los contenidos en Psicolog\u00eda que se imparten en diferentes asignaturas, y que son necesarios para la formaci\u00f3n de estudiantes de distintos grados de Ciencias de la Salud. Est\u00e1 adaptado al Espacio Europeo de Educaci\u00f3n Superior, y recoge los \u00faltimos avances cient\u00edficos en el estudio del comportamiento humano.<\/p><p>Tiene un marcado car\u00e1cter multidisciplinar, y est\u00e1 elaborado por profesores e investigadores nacionales e internacionales de los \u00e1mbitos de la Psicolog\u00eda, la Enfermer\u00eda y la Biolog\u00eda, todos ellos expertos en sus campos de conocimiento.<\/p><p>Presta una especial atenci\u00f3n al desarrollo avanzado de las habilidades de comunicaci\u00f3n y a la relaci\u00f3n entre el profesional sanitario y el paciente. Presenta, adem\u00e1s, contenidos psicol\u00f3gicos basados en la evidencia cient\u00edfica y fundamentados en la humanizaci\u00f3n del paciente.<\/p>\t\t\t\t\t\t\t\t<\/div>\n\t\t\t\t<\/div>\n\t\t\t\t\t<\/div>\n\t\t\t\t<\/div>\n\t\t\t\t<\/div>\n\t\t","protected":false},"excerpt":{"rendered":"<p><strong>Autores:<\/strong>\u00a0Dar\u00edo D\u00edaz M\u00e9ndez &amp; Jos\u00e9 Miguel Latorre Postigo &amp; C\u00e9sar Leal Costa &amp; Sandra Saldivia B\u00f3rquez<br \/>\n<strong>ISBN:<\/strong>\u00a09788413821818<br \/>\n<strong>Editorial:<\/strong>\u00a0Elsevier<br \/>\n<strong>Edici\u00f3n:<\/strong>\u00a01\u00aa<br \/>\n<strong>Especialidad<\/strong>: Enfermer\u00eda<br \/>\n<strong>P\u00e1ginas<\/strong>: 464<br \/>\n\u00a9 2023<\/p>\n","protected":false},"featured_media":13145,"comment_status":"open","ping_status":"open","template":"","meta":{"_joinchat":[]},"product_cat":[115],"product_tag":[85,82],"class_list":{"0":"post-13144","1":"product","2":"type-product","3":"status-publish","4":"has-post-thumbnail","6":"product_cat-enfermeria","7":"product_tag-elsevier","8":"product_tag-enfermeria","10":"first","11":"instock","12":"featured","13":"taxable","14":"shipping-taxable","15":"purchasable","16":"product-type-simple"},"_links":{"self":[{"href":"https:\/\/edimeinter.com\/libreria\/wp-json\/wp\/v2\/product\/13144","targetHints":{"allow":["GET"]}}],"collection":[{"href":"https:\/\/edimeinter.com\/libreria\/wp-json\/wp\/v2\/product"}],"about":[{"href":"https:\/\/edimeinter.com\/libreria\/wp-json\/wp\/v2\/types\/product"}],"replies":[{"embeddable":true,"href":"https:\/\/edimeinter.com\/libreria\/wp-json\/wp\/v2\/comments?post=13144"}],"version-history":[{"count":1,"href":"https:\/\/edimeinter.com\/libreria\/wp-json\/wp\/v2\/product\/13144\/revisions"}],"predecessor-version":[{"id":15340,"href":"https:\/\/edimeinter.com\/libreria\/wp-json\/wp\/v2\/product\/13144\/revisions\/15340"}],"wp:featuredmedia":[{"embeddable":true,"href":"https:\/\/edimeinter.com\/libreria\/wp-json\/wp\/v2\/media\/13145"}],"wp:attachment":[{"href":"https:\/\/edimeinter.com\/libreria\/wp-json\/wp\/v2\/media?parent=13144"}],"wp:term":[{"taxonomy":"product_cat","embeddable":true,"href":"https:\/\/edimeinter.com\/libreria\/wp-json\/wp\/v2\/product_cat?post=13144"},{"taxonomy":"product_tag","embeddable":true,"href":"https:\/\/edimeinter.com\/libreria\/wp-json\/wp\/v2\/product_tag?post=13144"}],"curies":[{"name":"wp","href":"https:\/\/api.w.org\/{rel}","templated":true}]}}