{"id":13156,"date":"2025-02-17T20:36:42","date_gmt":"2025-02-17T20:36:42","guid":{"rendered":"https:\/\/edimeinter.com\/libreria\/?post_type=product&#038;p=13156"},"modified":"2025-03-04T16:35:42","modified_gmt":"2025-03-04T16:35:42","slug":"enfermeria-clinica-avanzada-2a-edicion","status":"publish","type":"product","link":"https:\/\/edimeinter.com\/libreria\/product\/enfermeria-clinica-avanzada-2a-edicion\/","title":{"rendered":"Enfermer\u00eda cl\u00ednica avanzada. 2\u00aa Edici\u00f3n"},"content":{"rendered":"\t\t<div data-elementor-type=\"wp-post\" data-elementor-id=\"13156\" class=\"elementor elementor-13156\">\n\t\t\t\t<div class=\"elementor-element elementor-element-2612b12 e-flex e-con-boxed e-con e-parent\" data-id=\"2612b12\" data-element_type=\"container\" data-e-type=\"container\">\n\t\t\t\t\t<div class=\"e-con-inner\">\n\t\t\n\t\t<div class=\"elementor-element elementor-element-498707ae elementor-widget elementor-widget-text-editor\" data-id=\"498707ae\" data-element_type=\"widget\" data-e-type=\"widget\" data-widget_type=\"text-editor.default\">\n\t\t\t\t<div class=\"elementor-widget-container\">\n\t\t\t\t\t\t\t\t\t<p>Cuidados de Salud Avanzados es una colecci\u00f3n de monograf\u00edas dirigida a profesionales de la salud y estudiantes de grado, m\u00e1ster y doctorado dentro del \u00e1mbito de las ciencias de la salud.<br \/>En esta monograf\u00eda se abordan las principales enfermedades cr\u00f3nicas (EC), las recomendaciones al respecto basadas en la evidencia y en las gu\u00edas, y el papel que tienen las enfermeras de pr\u00e1ctica avanzada (EPA) en cada una de estas patolog\u00edas. La EPA basa su pr\u00e1ctica cl\u00ednica en la evidencia, y en el uso del m\u00e9todo cl\u00ednico y de t\u00e9cnicas de intervenci\u00f3n complejas mediante un enfoque hol\u00edstico de la salud.<br \/>Al finalizar su estudio los lectores habr\u00e1n adquirido las siguientes competencias: Ser\u00e1n capaces de describir las EC tratadas en la monograf\u00eda y la actuaci\u00f3n de las EPA, y podr\u00e1n resolver problemas relacionados con los procesos de pacientes cr\u00f3nicos y su dependencia, garantizando cuidados de calidad, as\u00ed como la dignidad, la seguridad, la intimidad y la autonom\u00eda de las personas con EC.<br \/>Todas las monograf\u00edas han sido dirigidas por profesionales de reconocido prestigio en su campo, que, a su vez, han constituido equipos de trabajo con expertos en cada \u00e1rea, permitiendo que la colecci\u00f3n sea una referencia de consulta y apoyo docente y profesional en el entorno de las ciencias de la salud y, en particular, en el \u00e1mbito de la enfermer\u00eda.<\/p>\t\t\t\t\t\t\t\t<\/div>\n\t\t\t\t<\/div>\n\t\t\t\t\t<\/div>\n\t\t\t\t<\/div>\n\t\t\t\t<\/div>\n\t\t","protected":false},"excerpt":{"rendered":"<div>\n<p><strong>Autores:<\/strong>\u00a0Loreto Maci\u00e1 Soler &amp; Pilar Isla Pera<br \/>\n<strong>ISBN:<\/strong>\u00a09788413821979<br \/>\n<strong>Editorial:<\/strong>\u00a0Elsevier<br \/>\n<strong>Edici\u00f3n:<\/strong>\u00a02\u00aa<br \/>\n<strong>Especialidad<\/strong>: Enfermer\u00eda<br \/>\n<strong>P\u00e1ginas<\/strong>: 200<br \/>\n\u00a9 2023<\/p>\n<\/div>\n","protected":false},"featured_media":13157,"comment_status":"open","ping_status":"open","template":"","meta":{"_joinchat":[]},"product_cat":[115],"product_tag":[85,82],"class_list":{"0":"post-13156","1":"product","2":"type-product","3":"status-publish","4":"has-post-thumbnail","6":"product_cat-enfermeria","7":"product_tag-elsevier","8":"product_tag-enfermeria","10":"first","11":"instock","12":"featured","13":"taxable","14":"shipping-taxable","15":"purchasable","16":"product-type-simple"},"_links":{"self":[{"href":"https:\/\/edimeinter.com\/libreria\/wp-json\/wp\/v2\/product\/13156","targetHints":{"allow":["GET"]}}],"collection":[{"href":"https:\/\/edimeinter.com\/libreria\/wp-json\/wp\/v2\/product"}],"about":[{"href":"https:\/\/edimeinter.com\/libreria\/wp-json\/wp\/v2\/types\/product"}],"replies":[{"embeddable":true,"href":"https:\/\/edimeinter.com\/libreria\/wp-json\/wp\/v2\/comments?post=13156"}],"version-history":[{"count":1,"href":"https:\/\/edimeinter.com\/libreria\/wp-json\/wp\/v2\/product\/13156\/revisions"}],"predecessor-version":[{"id":15338,"href":"https:\/\/edimeinter.com\/libreria\/wp-json\/wp\/v2\/product\/13156\/revisions\/15338"}],"wp:featuredmedia":[{"embeddable":true,"href":"https:\/\/edimeinter.com\/libreria\/wp-json\/wp\/v2\/media\/13157"}],"wp:attachment":[{"href":"https:\/\/edimeinter.com\/libreria\/wp-json\/wp\/v2\/media?parent=13156"}],"wp:term":[{"taxonomy":"product_cat","embeddable":true,"href":"https:\/\/edimeinter.com\/libreria\/wp-json\/wp\/v2\/product_cat?post=13156"},{"taxonomy":"product_tag","embeddable":true,"href":"https:\/\/edimeinter.com\/libreria\/wp-json\/wp\/v2\/product_tag?post=13156"}],"curies":[{"name":"wp","href":"https:\/\/api.w.org\/{rel}","templated":true}]}}