{"id":13162,"date":"2025-02-17T20:39:28","date_gmt":"2025-02-17T20:39:28","guid":{"rendered":"https:\/\/edimeinter.com\/libreria\/?post_type=product&#038;p=13162"},"modified":"2025-03-04T16:35:07","modified_gmt":"2025-03-04T16:35:07","slug":"la-trayectoria-hacia-el-liderazgo-1a-edicion","status":"publish","type":"product","link":"https:\/\/edimeinter.com\/libreria\/product\/la-trayectoria-hacia-el-liderazgo-1a-edicion\/","title":{"rendered":"La trayectoria hacia el liderazgo. 1\u00aa Edici\u00f3n"},"content":{"rendered":"\t\t<div data-elementor-type=\"wp-post\" data-elementor-id=\"13162\" class=\"elementor elementor-13162\">\n\t\t\t\t<div class=\"elementor-element elementor-element-2612b12 e-flex e-con-boxed e-con e-parent\" data-id=\"2612b12\" data-element_type=\"container\" data-e-type=\"container\">\n\t\t\t\t\t<div class=\"e-con-inner\">\n\t\t\n\t\t<div class=\"elementor-element elementor-element-498707ae elementor-widget elementor-widget-text-editor\" data-id=\"498707ae\" data-element_type=\"widget\" data-e-type=\"widget\" data-widget_type=\"text-editor.default\">\n\t\t\t\t<div class=\"elementor-widget-container\">\n\t\t\t\t\t\t\t\t\t<p>Dise\u00f1ado para ayudar a las enfermeras a sobresalir en cada etapa de su trayectoria de liderazgo, este pr\u00e1ctico texto se ha organizado en torno a una trayectoria de liderazgo en enfermer\u00eda y atenci\u00f3n sanitaria de tres \u00e1reas fundamentales: las estrategias, lo personal y el entorno. Las Estrategias cubren las acciones necesarias que se deben tomar para ser m\u00e1s influyente en cualquier entorno. Lo Personal se refiere a los conceptos que se deben desarrollar y perfeccionar para aumentar la influencia. El Entorno refuerza el modo en que se pueden ejercer las estrategias y los factores personales de este modelo de liderazgo mediante la evaluaci\u00f3n de las situaciones.<\/p>\t\t\t\t\t\t\t\t<\/div>\n\t\t\t\t<\/div>\n\t\t\t\t\t<\/div>\n\t\t\t\t<\/div>\n\t\t\t\t<\/div>\n\t\t","protected":false},"excerpt":{"rendered":"<p><strong>Autores:<\/strong>\u00a0Patricia S. Yoder-Wise &amp; Karren Kowalski &amp; Susan Sportsman<br \/>\n<strong>ISBN:<\/strong>\u00a09788413824260<br \/>\n<strong>Editorial:<\/strong>\u00a0Elsevier<br \/>\n<strong>Edici\u00f3n:<\/strong>\u00a01\u00aa<br \/>\n<strong>Especialidad<\/strong>: Administraci\u00f3n y Gesti\u00f3n<br \/>\n<strong>P\u00e1ginas<\/strong>: 272<br \/>\n\u00a9 2023<\/p>\n","protected":false},"featured_media":13163,"comment_status":"open","ping_status":"open","template":"","meta":{"_joinchat":[]},"product_cat":[230],"product_tag":[231,85],"class_list":{"0":"post-13162","1":"product","2":"type-product","3":"status-publish","4":"has-post-thumbnail","6":"product_cat-administracion-y-gestion","7":"product_tag-administracion-y-gestion","8":"product_tag-elsevier","10":"first","11":"instock","12":"featured","13":"taxable","14":"shipping-taxable","15":"purchasable","16":"product-type-simple"},"_links":{"self":[{"href":"https:\/\/edimeinter.com\/libreria\/wp-json\/wp\/v2\/product\/13162","targetHints":{"allow":["GET"]}}],"collection":[{"href":"https:\/\/edimeinter.com\/libreria\/wp-json\/wp\/v2\/product"}],"about":[{"href":"https:\/\/edimeinter.com\/libreria\/wp-json\/wp\/v2\/types\/product"}],"replies":[{"embeddable":true,"href":"https:\/\/edimeinter.com\/libreria\/wp-json\/wp\/v2\/comments?post=13162"}],"version-history":[{"count":1,"href":"https:\/\/edimeinter.com\/libreria\/wp-json\/wp\/v2\/product\/13162\/revisions"}],"predecessor-version":[{"id":15337,"href":"https:\/\/edimeinter.com\/libreria\/wp-json\/wp\/v2\/product\/13162\/revisions\/15337"}],"wp:featuredmedia":[{"embeddable":true,"href":"https:\/\/edimeinter.com\/libreria\/wp-json\/wp\/v2\/media\/13163"}],"wp:attachment":[{"href":"https:\/\/edimeinter.com\/libreria\/wp-json\/wp\/v2\/media?parent=13162"}],"wp:term":[{"taxonomy":"product_cat","embeddable":true,"href":"https:\/\/edimeinter.com\/libreria\/wp-json\/wp\/v2\/product_cat?post=13162"},{"taxonomy":"product_tag","embeddable":true,"href":"https:\/\/edimeinter.com\/libreria\/wp-json\/wp\/v2\/product_tag?post=13162"}],"curies":[{"name":"wp","href":"https:\/\/api.w.org\/{rel}","templated":true}]}}