{"id":13174,"date":"2025-02-17T20:55:07","date_gmt":"2025-02-17T20:55:07","guid":{"rendered":"https:\/\/edimeinter.com\/libreria\/?post_type=product&#038;p=13174"},"modified":"2025-03-04T16:33:39","modified_gmt":"2025-03-04T16:33:39","slug":"metodos-educativos-en-salud-2a-edicion","status":"publish","type":"product","link":"https:\/\/edimeinter.com\/libreria\/product\/metodos-educativos-en-salud-2a-edicion\/","title":{"rendered":"M\u00e9todos educativos en salud. 2\u00aa Edici\u00f3n"},"content":{"rendered":"\t\t<div data-elementor-type=\"wp-post\" data-elementor-id=\"13174\" class=\"elementor elementor-13174\">\n\t\t\t\t\n<div class=\"elementor-element elementor-element-2612b12 e-flex e-con-boxed e-con e-parent\" data-id=\"2612b12\" data-element_type=\"container\" data-e-type=\"container\">\n\t\t\t\t\t<div class=\"e-con-inner\">\n\t\t\n\t\t<div class=\"elementor-element elementor-element-498707ae elementor-widget elementor-widget-text-editor\" data-id=\"498707ae\" data-element_type=\"widget\" data-e-type=\"widget\" data-widget_type=\"text-editor.default\">\n\t\t\t\t<div class=\"elementor-widget-container\">\n\t\t\t\t\t\t\t\t\t<p>Esta segunda edici\u00f3n pretende seguir siendo una herramienta \u00fatil que ayude a los profesionales de la salud a programar de forma eficaz las intervenciones educativas con resultados satisfactorios para la poblaci\u00f3n.<\/p><p>Con este manual se pretende dotar de material de consulta tanto al \u00e1mbito profesional como al acad\u00e9mico, a la vez que presentar herramientas propias de la metodolog\u00eda educativa en salud, que a lo largo del tiempo han sido implementadas con \u00e9xito por expertos en educaci\u00f3n para la salud y que hasta este momento no estaban recogidas en ning\u00fan otro manual.<\/p><p>Se estructura en nueve cap\u00edtulos. Los cuatro primeros se dedican a la introducci\u00f3n de los aspectos te\u00f3ricos relacionados con la educaci\u00f3n para la salud. Los cap\u00edtulos 5 a 7 abordan las fases que estructuran la programaci\u00f3n en educaci\u00f3n para la salud. El cap\u00edtulo 8 se centra en la utilizaci\u00f3n de las tecnolog\u00edas y las diferentes herramientas digitales disponibles para realizar una educaci\u00f3n para la salud m\u00e1s eficiente y eficaz. Por \u00faltimo, en el cap\u00edtulo 9 se desarrollan las intervenciones en el medio escolar.<\/p><p>Los profesores y profesionales del campo de la salud que han participado en esta monograf\u00eda han aportado conocimiento y experiencia en contextos como la salud p\u00fablica, la gesti\u00f3n sanitaria, los departamentos universitarios de psicolog\u00eda o enfermer\u00eda y el \u00e1mbito asistencial. Todos ellos se hallan implicados en la aplicaci\u00f3n de estrategias educativas en el campo de la salud dirigidas a estudiantes, profesionales y usuarios, y en la realizaci\u00f3n, la coordinaci\u00f3n y la direcci\u00f3n de proyectos de educaci\u00f3n para la salud.<\/p>\t\t\t\t\t\t\t\t<\/div>\n\t\t\t\t<\/div>\n\t\t\t\t\t<\/div>\n\t\t\t\t<\/div>\n\t\t\t\t<\/div>\n\t\t","protected":false},"excerpt":{"rendered":"<p><strong>Autores:<\/strong>\u00a0Loreto Maci\u00e1 Soler &amp; Ana Mar\u00eda Palmar Santos<br \/>\n<strong>ISBN:<\/strong>\u00a09788413821986<br \/>\n<strong>Editorial:<\/strong>\u00a0Elsevier<br \/>\n<strong>Edici\u00f3n:<\/strong>\u00a02\u00aa<br \/>\n<strong>Especialidad<\/strong>: Administraci\u00f3n y Gesti\u00f3n<br \/>\n<strong>P\u00e1ginas<\/strong>: 232<br \/>\n\u00a9 2023<\/p>\n","protected":false},"featured_media":13175,"comment_status":"open","ping_status":"open","template":"","meta":{"_joinchat":[]},"product_cat":[230],"product_tag":[231,85],"class_list":{"0":"post-13174","1":"product","2":"type-product","3":"status-publish","4":"has-post-thumbnail","6":"product_cat-administracion-y-gestion","7":"product_tag-administracion-y-gestion","8":"product_tag-elsevier","10":"first","11":"instock","12":"featured","13":"taxable","14":"shipping-taxable","15":"purchasable","16":"product-type-simple"},"_links":{"self":[{"href":"https:\/\/edimeinter.com\/libreria\/wp-json\/wp\/v2\/product\/13174","targetHints":{"allow":["GET"]}}],"collection":[{"href":"https:\/\/edimeinter.com\/libreria\/wp-json\/wp\/v2\/product"}],"about":[{"href":"https:\/\/edimeinter.com\/libreria\/wp-json\/wp\/v2\/types\/product"}],"replies":[{"embeddable":true,"href":"https:\/\/edimeinter.com\/libreria\/wp-json\/wp\/v2\/comments?post=13174"}],"version-history":[{"count":1,"href":"https:\/\/edimeinter.com\/libreria\/wp-json\/wp\/v2\/product\/13174\/revisions"}],"predecessor-version":[{"id":15334,"href":"https:\/\/edimeinter.com\/libreria\/wp-json\/wp\/v2\/product\/13174\/revisions\/15334"}],"wp:featuredmedia":[{"embeddable":true,"href":"https:\/\/edimeinter.com\/libreria\/wp-json\/wp\/v2\/media\/13175"}],"wp:attachment":[{"href":"https:\/\/edimeinter.com\/libreria\/wp-json\/wp\/v2\/media?parent=13174"}],"wp:term":[{"taxonomy":"product_cat","embeddable":true,"href":"https:\/\/edimeinter.com\/libreria\/wp-json\/wp\/v2\/product_cat?post=13174"},{"taxonomy":"product_tag","embeddable":true,"href":"https:\/\/edimeinter.com\/libreria\/wp-json\/wp\/v2\/product_tag?post=13174"}],"curies":[{"name":"wp","href":"https:\/\/api.w.org\/{rel}","templated":true}]}}