{"id":13186,"date":"2025-02-17T21:19:48","date_gmt":"2025-02-17T21:19:48","guid":{"rendered":"https:\/\/edimeinter.com\/libreria\/?post_type=product&#038;p=13186"},"modified":"2025-03-04T16:31:39","modified_gmt":"2025-03-04T16:31:39","slug":"diagnostico-diferencial-en-medicina-interna-5a-edicion","status":"publish","type":"product","link":"https:\/\/edimeinter.com\/libreria\/product\/diagnostico-diferencial-en-medicina-interna-5a-edicion\/","title":{"rendered":"Diagn\u00f3stico diferencial en medicina interna. 5\u00aa Edici\u00f3n"},"content":{"rendered":"\t\t<div data-elementor-type=\"wp-post\" data-elementor-id=\"13186\" class=\"elementor elementor-13186\">\n\t\t\t\t<div class=\"elementor-element elementor-element-2612b12 e-flex e-con-boxed e-con e-parent\" data-id=\"2612b12\" data-element_type=\"container\" data-e-type=\"container\">\n\t\t\t\t\t<div class=\"e-con-inner\">\n\t\t\n\t\t<div class=\"elementor-element elementor-element-498707ae elementor-widget elementor-widget-text-editor\" data-id=\"498707ae\" data-element_type=\"widget\" data-e-type=\"widget\" data-widget_type=\"text-editor.default\">\n\t\t\t\t<div class=\"elementor-widget-container\">\n\t\t\t\t\t\t\t\t\t<p>Esta obra cumple m\u00e1s de veinticinco a\u00f1os ayudando a m\u00e9dicos internistas y generales, residentes y estudiantes de Medicina a cribar las alternativas m\u00e1s frecuentes para alcanzar diagn\u00f3sticos precisos.<\/p><p>La uniformidad en la estructura de los cap\u00edtulos ayuda a encontrar la informaci\u00f3n r\u00e1pidamente: Delimitaci\u00f3n del problema cl\u00ednico y su diagn\u00f3stico diferencial; algoritmo, o \u00e1rbol de decisi\u00f3n, en el que se aborda el problema cl\u00ednico para tomar decisiones gradualmente a partir de s\u00edntomas, signos, pruebas de laboratorio, etc.; informaci\u00f3n complementaria \u00fatil para la toma de decisiones, a la que se remite en los puntos relevantes del algoritmo, perlas diagn\u00f3sticas, que recogen peculiaridades relacionadas con el problema cl\u00ednico y bibliograf\u00eda, para desarrollar el estudio.<\/p>\t\t\t\t\t\t\t\t<\/div>\n\t\t\t\t<\/div>\n\t\t\t\t\t<\/div>\n\t\t\t\t<\/div>\n\t\t\t\t<\/div>\n\t\t","protected":false},"excerpt":{"rendered":"<p><strong>Autores:<\/strong>\u00a0F. Javier Laso Guzm\u00e1n<br \/>\n<strong>ISBN:<\/strong>\u00a09788413822075<br \/>\n<strong>Editorial:<\/strong>\u00a0Elsevier<br \/>\n<strong>Edici\u00f3n:<\/strong>\u00a05\u00aa<br \/>\n<strong>Especialidad<\/strong>: Medicina Interna<br \/>\n<strong>P\u00e1ginas<\/strong>: 528<br \/>\n\u00a9 2023<\/p>\n","protected":false},"featured_media":13187,"comment_status":"open","ping_status":"open","template":"","meta":{"_joinchat":[]},"product_cat":[150],"product_tag":[85,151],"class_list":{"0":"post-13186","1":"product","2":"type-product","3":"status-publish","4":"has-post-thumbnail","6":"product_cat-medicina-interna","7":"product_tag-elsevier","8":"product_tag-medicina-interna","10":"first","11":"instock","12":"featured","13":"taxable","14":"shipping-taxable","15":"purchasable","16":"product-type-simple"},"_links":{"self":[{"href":"https:\/\/edimeinter.com\/libreria\/wp-json\/wp\/v2\/product\/13186","targetHints":{"allow":["GET"]}}],"collection":[{"href":"https:\/\/edimeinter.com\/libreria\/wp-json\/wp\/v2\/product"}],"about":[{"href":"https:\/\/edimeinter.com\/libreria\/wp-json\/wp\/v2\/types\/product"}],"replies":[{"embeddable":true,"href":"https:\/\/edimeinter.com\/libreria\/wp-json\/wp\/v2\/comments?post=13186"}],"version-history":[{"count":2,"href":"https:\/\/edimeinter.com\/libreria\/wp-json\/wp\/v2\/product\/13186\/revisions"}],"predecessor-version":[{"id":15331,"href":"https:\/\/edimeinter.com\/libreria\/wp-json\/wp\/v2\/product\/13186\/revisions\/15331"}],"wp:featuredmedia":[{"embeddable":true,"href":"https:\/\/edimeinter.com\/libreria\/wp-json\/wp\/v2\/media\/13187"}],"wp:attachment":[{"href":"https:\/\/edimeinter.com\/libreria\/wp-json\/wp\/v2\/media?parent=13186"}],"wp:term":[{"taxonomy":"product_cat","embeddable":true,"href":"https:\/\/edimeinter.com\/libreria\/wp-json\/wp\/v2\/product_cat?post=13186"},{"taxonomy":"product_tag","embeddable":true,"href":"https:\/\/edimeinter.com\/libreria\/wp-json\/wp\/v2\/product_tag?post=13186"}],"curies":[{"name":"wp","href":"https:\/\/api.w.org\/{rel}","templated":true}]}}