{"id":13205,"date":"2025-02-19T17:15:41","date_gmt":"2025-02-19T17:15:41","guid":{"rendered":"https:\/\/edimeinter.com\/libreria\/?post_type=product&#038;p=13205"},"modified":"2026-02-12T17:59:06","modified_gmt":"2026-02-12T17:59:06","slug":"kumar-y-clark-medicina-clinica-esencial-2a-edicion","status":"publish","type":"product","link":"https:\/\/edimeinter.com\/libreria\/product\/kumar-y-clark-medicina-clinica-esencial-2a-edicion\/","title":{"rendered":"Kumar y Clark. Medicina cl\u00ednica esencial. 2\u00aa Edici\u00f3n"},"content":{"rendered":"\t\t<div data-elementor-type=\"wp-post\" data-elementor-id=\"13205\" class=\"elementor elementor-13205\">\n\t\t\t\t<div class=\"elementor-element elementor-element-2612b12 e-flex e-con-boxed e-con e-parent\" data-id=\"2612b12\" data-element_type=\"container\" data-e-type=\"container\">\n\t\t\t\t\t<div class=\"e-con-inner\">\n\t\t\n\t\t<div class=\"elementor-element elementor-element-498707ae elementor-widget elementor-widget-text-editor\" data-id=\"498707ae\" data-element_type=\"widget\" data-e-type=\"widget\" data-widget_type=\"text-editor.default\">\n\t\t\t\t<div class=\"elementor-widget-container\">\n\t\t\t\t\t\t\t\t\t<p>Nueva obra derivada del texto de refrencia \u00abKumar&amp;Klark. Clinical medicine\u00bb que se presenta en formato gu\u00eda de bolsillo (\u00abessentials\u00bb)\u00a0y que es el recurso imprescindible para todo aquel estudiante que se encuentre en la fase prcl\u00ednica de sus estudios de Medicina<\/p><p>Ofrece un abordaje por \u00f3rganos\/sistemas y recoge en un cap\u00edtulo aparte una serie de cuadros de Emergencias m\u00e9dicas en las que se ofrece informaci\u00f3n escueta y estructurada para poder ofrecer los conocimientos al estudiante para su actuaci\u00f3n en su futura pr\u00e1ctica m\u00e9dica.<\/p><p>Un punto importante respecto a otros libros de nuestro cat\u00e1logo es que en \u00e9l se incluyen conceptos de fisiopatolog\u00eda, se estudian lo s\u00edntomas, se plantea un diagn\u00f3stico, as\u00ed como un pron\u00f3stico y opciones de tratamiento.<\/p><p>Incluye acceso a SC.com en ingl\u00e9s en el que se encuentra disponible el e-book.<\/p>\t\t\t\t\t\t\t\t<\/div>\n\t\t\t\t<\/div>\n\t\t\t\t\t<\/div>\n\t\t\t\t<\/div>\n\t\t\t\t<\/div>\n\t\t","protected":false},"excerpt":{"rendered":"<p><strong>Autores:<\/strong>\u00a0Nicola Zammitt &amp; Euan Sandilands<br \/>\n<strong>ISBN:<\/strong>\u00a09788413822839<br \/>\n<strong>Editorial:<\/strong>\u00a0Elsevier<br \/>\n<strong>Edici\u00f3n:<\/strong>\u00a07\u00aa<br \/>\n<strong>Especialidad<\/strong>: Medicina Interna<br \/>\n<strong>P\u00e1ginas<\/strong>: 884<br \/>\n\u00a9 2023<\/p>\n","protected":false},"featured_media":13206,"comment_status":"open","ping_status":"closed","template":"","meta":{"_joinchat":[]},"product_cat":[150],"product_tag":[85,151],"class_list":{"0":"post-13205","1":"product","2":"type-product","3":"status-publish","4":"has-post-thumbnail","6":"product_cat-medicina-interna","7":"product_tag-elsevier","8":"product_tag-medicina-interna","10":"first","11":"instock","12":"featured","13":"taxable","14":"shipping-taxable","15":"purchasable","16":"product-type-simple"},"_links":{"self":[{"href":"https:\/\/edimeinter.com\/libreria\/wp-json\/wp\/v2\/product\/13205","targetHints":{"allow":["GET"]}}],"collection":[{"href":"https:\/\/edimeinter.com\/libreria\/wp-json\/wp\/v2\/product"}],"about":[{"href":"https:\/\/edimeinter.com\/libreria\/wp-json\/wp\/v2\/types\/product"}],"replies":[{"embeddable":true,"href":"https:\/\/edimeinter.com\/libreria\/wp-json\/wp\/v2\/comments?post=13205"}],"version-history":[{"count":1,"href":"https:\/\/edimeinter.com\/libreria\/wp-json\/wp\/v2\/product\/13205\/revisions"}],"predecessor-version":[{"id":15923,"href":"https:\/\/edimeinter.com\/libreria\/wp-json\/wp\/v2\/product\/13205\/revisions\/15923"}],"wp:featuredmedia":[{"embeddable":true,"href":"https:\/\/edimeinter.com\/libreria\/wp-json\/wp\/v2\/media\/13206"}],"wp:attachment":[{"href":"https:\/\/edimeinter.com\/libreria\/wp-json\/wp\/v2\/media?parent=13205"}],"wp:term":[{"taxonomy":"product_cat","embeddable":true,"href":"https:\/\/edimeinter.com\/libreria\/wp-json\/wp\/v2\/product_cat?post=13205"},{"taxonomy":"product_tag","embeddable":true,"href":"https:\/\/edimeinter.com\/libreria\/wp-json\/wp\/v2\/product_tag?post=13205"}],"curies":[{"name":"wp","href":"https:\/\/api.w.org\/{rel}","templated":true}]}}