{"id":13217,"date":"2025-02-19T17:23:54","date_gmt":"2025-02-19T17:23:54","guid":{"rendered":"https:\/\/edimeinter.com\/libreria\/?post_type=product&#038;p=13217"},"modified":"2025-03-10T22:53:45","modified_gmt":"2025-03-10T22:53:45","slug":"casos-clinicos-en-medicina-interna-1a-edicion","status":"publish","type":"product","link":"https:\/\/edimeinter.com\/libreria\/product\/casos-clinicos-en-medicina-interna-1a-edicion\/","title":{"rendered":"Casos cl\u00ednicos en Medicina interna. 1\u00aa Edici\u00f3n"},"content":{"rendered":"\t\t<div data-elementor-type=\"wp-post\" data-elementor-id=\"13217\" class=\"elementor elementor-13217\">\n\t\t\t\t<div class=\"elementor-element elementor-element-2612b12 e-flex e-con-boxed e-con e-parent\" data-id=\"2612b12\" data-element_type=\"container\" data-e-type=\"container\">\n\t\t\t\t\t<div class=\"e-con-inner\">\n\t\t\n\t\t<div class=\"elementor-element elementor-element-498707ae elementor-widget elementor-widget-text-editor\" data-id=\"498707ae\" data-element_type=\"widget\" data-e-type=\"widget\" data-widget_type=\"text-editor.default\">\n\t\t\t\t<div class=\"elementor-widget-container\">\n\t\t\t\t\t\t\t\t\t<p>Este nuevo y pr\u00e1ctico libro, dise\u00f1ado para complementar y ampliar los contenidos de los libros de texto de grado, permite a los estudiantes de Medicina aplicar a casos cl\u00ednicos los conocimientos te\u00f3ricos adquiridos en sus clases.<\/p><p>Ayuda a mejorar sus habilidades diagn\u00f3sticas a medida que les va guiando de forma sencilla y l\u00f3gica a trav\u00e9s de una serie de pasos para establecer un diagn\u00f3stico diferencial, sopesar la evidencia para perfeccionar una hip\u00f3tesis y elaborar un plan de tratamiento.<\/p><p>Incluye multitud de recursos did\u00e1cticos entre los que destacan m\u00e1s de 50 casos cl\u00ednicos, an\u00e1lisis de casos con un abordaje l\u00f3gico y cient\u00edfico para ayudar a los estudiantes a elaborar sus propios diagn\u00f3sticos, respuestas modelo para comprobar, resumen de conceptos fundamentales para el repaso antes de los ex\u00e1menes y lecturas recomendadas actualizadas, preguntas de respuesta corta y de opci\u00f3n m\u00faltiple y gr\u00e1ficos y tablas para profundizar en la comprensi\u00f3n y consolidar los conceptos esenciales.<\/p>\t\t\t\t\t\t\t\t<\/div>\n\t\t\t\t<\/div>\n\t\t\t\t\t<\/div>\n\t\t\t\t<\/div>\n\t\t\t\t<\/div>\n\t\t","protected":false},"excerpt":{"rendered":"<div>\n<p><strong>Autores:<\/strong>\u00a0Samy A. Azer<br \/>\n<strong>ISBN:<\/strong>\u00a09788413823898<br \/>\n<strong>Editorial:<\/strong>\u00a0Elsevier<br \/>\n<strong>Edici\u00f3n:<\/strong>\u00a01\u00aa<br \/>\n<strong>Especialidad<\/strong>: Medicina Interna<br \/>\n<strong>P\u00e1ginas<\/strong>: 480<br \/>\n\u00a9 2023<\/p>\n<\/div>\n","protected":false},"featured_media":13218,"comment_status":"open","ping_status":"open","template":"","meta":{"_joinchat":[]},"product_cat":[150],"product_tag":[85,151],"class_list":{"0":"post-13217","1":"product","2":"type-product","3":"status-publish","4":"has-post-thumbnail","6":"product_cat-medicina-interna","7":"product_tag-elsevier","8":"product_tag-medicina-interna","10":"first","11":"instock","12":"featured","13":"taxable","14":"shipping-taxable","15":"purchasable","16":"product-type-simple"},"_links":{"self":[{"href":"https:\/\/edimeinter.com\/libreria\/wp-json\/wp\/v2\/product\/13217","targetHints":{"allow":["GET"]}}],"collection":[{"href":"https:\/\/edimeinter.com\/libreria\/wp-json\/wp\/v2\/product"}],"about":[{"href":"https:\/\/edimeinter.com\/libreria\/wp-json\/wp\/v2\/types\/product"}],"replies":[{"embeddable":true,"href":"https:\/\/edimeinter.com\/libreria\/wp-json\/wp\/v2\/comments?post=13217"}],"version-history":[{"count":1,"href":"https:\/\/edimeinter.com\/libreria\/wp-json\/wp\/v2\/product\/13217\/revisions"}],"predecessor-version":[{"id":15925,"href":"https:\/\/edimeinter.com\/libreria\/wp-json\/wp\/v2\/product\/13217\/revisions\/15925"}],"wp:featuredmedia":[{"embeddable":true,"href":"https:\/\/edimeinter.com\/libreria\/wp-json\/wp\/v2\/media\/13218"}],"wp:attachment":[{"href":"https:\/\/edimeinter.com\/libreria\/wp-json\/wp\/v2\/media?parent=13217"}],"wp:term":[{"taxonomy":"product_cat","embeddable":true,"href":"https:\/\/edimeinter.com\/libreria\/wp-json\/wp\/v2\/product_cat?post=13217"},{"taxonomy":"product_tag","embeddable":true,"href":"https:\/\/edimeinter.com\/libreria\/wp-json\/wp\/v2\/product_tag?post=13217"}],"curies":[{"name":"wp","href":"https:\/\/api.w.org\/{rel}","templated":true}]}}