{"id":13229,"date":"2025-02-19T17:55:51","date_gmt":"2025-02-19T17:55:51","guid":{"rendered":"https:\/\/edimeinter.com\/libreria\/?post_type=product&#038;p=13229"},"modified":"2025-03-10T23:00:49","modified_gmt":"2025-03-10T23:00:49","slug":"neurologia-elemental-3a-edicion","status":"publish","type":"product","link":"https:\/\/edimeinter.com\/libreria\/product\/neurologia-elemental-3a-edicion\/","title":{"rendered":"Neurolog\u00eda elemental. 3\u00aa Edici\u00f3n"},"content":{"rendered":"\t\t<div data-elementor-type=\"wp-post\" data-elementor-id=\"13229\" class=\"elementor elementor-13229\">\n\t\t\t\t<div class=\"elementor-element elementor-element-2612b12 e-flex e-con-boxed e-con e-parent\" data-id=\"2612b12\" data-element_type=\"container\" data-e-type=\"container\">\n\t\t\t\t\t<div class=\"e-con-inner\">\n\t\t\n\t\t<div class=\"elementor-element elementor-element-498707ae elementor-widget elementor-widget-text-editor\" data-id=\"498707ae\" data-element_type=\"widget\" data-e-type=\"widget\" data-widget_type=\"text-editor.default\">\n\t\t\t\t<div class=\"elementor-widget-container\">\n\t\t\t\t\t\t\t\t\t<p>Esta tercera edici\u00f3n, Auspiciada por la Academia Mexicana de Neurolog\u00eda, supone la consolidaci\u00f3n de este texto como\u00a0referencia de la especialidad. Para ello se ha mantenido la\u00a0estructura clara y\u00a0se ha\u00a0actualizado\u00a0toda la informaci\u00f3n necesaria para que el estudiante domine\u00a0la exploraci\u00f3n, el diagn\u00f3stico y el tratamiento de las enfermedades neurol\u00f3gicas m\u00e1s habituales.<\/p><p>Asimismo, incorpora contenido online que consiste en\u00a0casos cl\u00ednicos que han sido completamente renovados\u00a0y\u00a0presentaciones que han sido actualizadas.<\/p><p>La obra va dirigida a estudiantes, pero tambi\u00e9n puede ser \u00fatil para residentes de la especialidad y para m\u00e9dicos no neur\u00f3logos que deseen repasar conceptos b\u00e1sicos sobre enfermedades neurol\u00f3gicas comunes. Adem\u00e1s, se ha\u00a0renovado el panel de autores,\u00a0manteniendo la pluralidad de universidades de origen.<\/p>\t\t\t\t\t\t\t\t<\/div>\n\t\t\t\t<\/div>\n\t\t\t\t\t<\/div>\n\t\t\t\t<\/div>\n\t\t\t\t<\/div>\n\t\t","protected":false},"excerpt":{"rendered":"<p><strong>Autores:<\/strong>\u00a0Fernando Barinagarrementeria Aldatz &amp; Luis D\u00e1vila Maldonado &amp; Minerva L\u00f3pez Ruiz &amp; Felipe Vega Boada<br \/>\n<strong>ISBN:<\/strong>\u00a09788413821993<br \/>\n<strong>Editorial:<\/strong>\u00a0Elsevier<br \/>\n<strong>Edici\u00f3n:<\/strong>\u00a03\u00aa<br \/>\n<strong>Especialidad<\/strong>: Neurolog\u00eda y Neurocirug\u00eda<br \/>\n<strong>P\u00e1ginas<\/strong>: 560<br \/>\n\u00a9 2023<\/p>\n","protected":false},"featured_media":13230,"comment_status":"open","ping_status":"open","template":"","meta":{"_joinchat":[]},"product_cat":[166],"product_tag":[85,167],"class_list":{"0":"post-13229","1":"product","2":"type-product","3":"status-publish","4":"has-post-thumbnail","6":"product_cat-neurologia-y-neurocirugia","7":"product_tag-elsevier","8":"product_tag-neurologia-y-neurocirugia","10":"first","11":"instock","12":"featured","13":"taxable","14":"shipping-taxable","15":"purchasable","16":"product-type-simple"},"_links":{"self":[{"href":"https:\/\/edimeinter.com\/libreria\/wp-json\/wp\/v2\/product\/13229","targetHints":{"allow":["GET"]}}],"collection":[{"href":"https:\/\/edimeinter.com\/libreria\/wp-json\/wp\/v2\/product"}],"about":[{"href":"https:\/\/edimeinter.com\/libreria\/wp-json\/wp\/v2\/types\/product"}],"replies":[{"embeddable":true,"href":"https:\/\/edimeinter.com\/libreria\/wp-json\/wp\/v2\/comments?post=13229"}],"version-history":[{"count":2,"href":"https:\/\/edimeinter.com\/libreria\/wp-json\/wp\/v2\/product\/13229\/revisions"}],"predecessor-version":[{"id":15929,"href":"https:\/\/edimeinter.com\/libreria\/wp-json\/wp\/v2\/product\/13229\/revisions\/15929"}],"wp:featuredmedia":[{"embeddable":true,"href":"https:\/\/edimeinter.com\/libreria\/wp-json\/wp\/v2\/media\/13230"}],"wp:attachment":[{"href":"https:\/\/edimeinter.com\/libreria\/wp-json\/wp\/v2\/media?parent=13229"}],"wp:term":[{"taxonomy":"product_cat","embeddable":true,"href":"https:\/\/edimeinter.com\/libreria\/wp-json\/wp\/v2\/product_cat?post=13229"},{"taxonomy":"product_tag","embeddable":true,"href":"https:\/\/edimeinter.com\/libreria\/wp-json\/wp\/v2\/product_tag?post=13229"}],"curies":[{"name":"wp","href":"https:\/\/api.w.org\/{rel}","templated":true}]}}