{"id":13235,"date":"2025-02-19T18:01:43","date_gmt":"2025-02-19T18:01:43","guid":{"rendered":"https:\/\/edimeinter.com\/libreria\/?post_type=product&#038;p=13235"},"modified":"2025-03-10T23:04:22","modified_gmt":"2025-03-10T23:04:22","slug":"tratamiento-integral-del-ictus-7a-edicion","status":"publish","type":"product","link":"https:\/\/edimeinter.com\/libreria\/product\/tratamiento-integral-del-ictus-7a-edicion\/","title":{"rendered":"Tratamiento integral del ictus. 7\u00aa Edici\u00f3n"},"content":{"rendered":"\t\t<div data-elementor-type=\"wp-post\" data-elementor-id=\"13235\" class=\"elementor elementor-13235\">\n\t\t\t\t<div class=\"elementor-element elementor-element-2612b12 e-flex e-con-boxed e-con e-parent\" data-id=\"2612b12\" data-element_type=\"container\" data-e-type=\"container\">\n\t\t\t\t\t<div class=\"e-con-inner\">\n\t\t\n\t\t<div class=\"elementor-element elementor-element-498707ae elementor-widget elementor-widget-text-editor\" data-id=\"498707ae\" data-element_type=\"widget\" data-e-type=\"widget\" data-widget_type=\"text-editor.default\">\n\t\t\t\t<div class=\"elementor-widget-container\">\n\t\t\t\t\t\t\t\t\t<p>T\u00edtulo derivado del libro de referencia internacional\u00a0sobre el abordaje integral del\u00a0ictus, Grotta, que recoge todos los temas relacionados con el tratamiento cl\u00ednico\u00a0de esta\u00a0patolog\u00eda\u00a0excluyendo as\u00ed toda la parte vinculada al tratamiento quir\u00fargico.<\/p><p>Esta obra incluir\u00eda los diferentes enfoques terap\u00e9uticos de esta patolog\u00eda recogiendo en su \u00edndice un total de 12 cap\u00edtulos.<\/p><p>Considerando que el abordaje del ictus tiene un enfoque totalmente transversal, el objetivo que se persigue con este derivado es que cualquier profesional NO neur\u00f3logo tenga a su disposici\u00f3n el contenido esencial para la asistencia de un paciente que ha sufrido un accidente cerebrovascular.<\/p><p>Este derivado, al igual que la obra de referencia, est\u00e1 escrito por los mayores expertos de mundo en la materia e incorpora los resultados de las investigaciones m\u00e1s recientes realizadas en cuanto al manejo de la patolog\u00eda.<\/p><p>Igualmente, la parte de terapia farmacol\u00f3gica est\u00e1 completamente actualizada incluyendo los \u00faltimos hallazgos acaecidos en esta \u00e1rea.<\/p>\t\t\t\t\t\t\t\t<\/div>\n\t\t\t\t<\/div>\n\t\t\t\t\t<\/div>\n\t\t\t\t<\/div>\n\t\t\t\t<\/div>\n\t\t","protected":false},"excerpt":{"rendered":"<p><strong>Autores:<\/strong>\u00a0James C. Grotta &amp; Gregory W Albers &amp; Joseph P Broderick &amp; Arthur L. Day &amp; Scott E Kasner &amp; Eng H. Lo &amp; Ralph L Sacco &amp; Lawrence KS Wong<br \/>\n<strong>ISBN:<\/strong>\u00a09788413822754<br \/>\n<strong>Editorial:<\/strong>\u00a0Elsevier<br \/>\n<strong>Edici\u00f3n:<\/strong>\u00a07\u00aa<br \/>\n<strong>Especialidad<\/strong>: Neurolog\u00eda y Neurocirug\u00eda<br \/>\n<strong>P\u00e1ginas<\/strong>: 288<br \/>\n\u00a9 2023<\/p>\n","protected":false},"featured_media":13236,"comment_status":"open","ping_status":"open","template":"","meta":{"_joinchat":[]},"product_cat":[166],"product_tag":[85,167],"class_list":{"0":"post-13235","1":"product","2":"type-product","3":"status-publish","4":"has-post-thumbnail","6":"product_cat-neurologia-y-neurocirugia","7":"product_tag-elsevier","8":"product_tag-neurologia-y-neurocirugia","10":"first","11":"instock","12":"featured","13":"taxable","14":"shipping-taxable","15":"purchasable","16":"product-type-simple"},"_links":{"self":[{"href":"https:\/\/edimeinter.com\/libreria\/wp-json\/wp\/v2\/product\/13235","targetHints":{"allow":["GET"]}}],"collection":[{"href":"https:\/\/edimeinter.com\/libreria\/wp-json\/wp\/v2\/product"}],"about":[{"href":"https:\/\/edimeinter.com\/libreria\/wp-json\/wp\/v2\/types\/product"}],"replies":[{"embeddable":true,"href":"https:\/\/edimeinter.com\/libreria\/wp-json\/wp\/v2\/comments?post=13235"}],"version-history":[{"count":1,"href":"https:\/\/edimeinter.com\/libreria\/wp-json\/wp\/v2\/product\/13235\/revisions"}],"predecessor-version":[{"id":15930,"href":"https:\/\/edimeinter.com\/libreria\/wp-json\/wp\/v2\/product\/13235\/revisions\/15930"}],"wp:featuredmedia":[{"embeddable":true,"href":"https:\/\/edimeinter.com\/libreria\/wp-json\/wp\/v2\/media\/13236"}],"wp:attachment":[{"href":"https:\/\/edimeinter.com\/libreria\/wp-json\/wp\/v2\/media?parent=13235"}],"wp:term":[{"taxonomy":"product_cat","embeddable":true,"href":"https:\/\/edimeinter.com\/libreria\/wp-json\/wp\/v2\/product_cat?post=13235"},{"taxonomy":"product_tag","embeddable":true,"href":"https:\/\/edimeinter.com\/libreria\/wp-json\/wp\/v2\/product_tag?post=13235"}],"curies":[{"name":"wp","href":"https:\/\/api.w.org\/{rel}","templated":true}]}}