{"id":13265,"date":"2025-02-19T18:33:31","date_gmt":"2025-02-19T18:33:31","guid":{"rendered":"https:\/\/edimeinter.com\/libreria\/?post_type=product&#038;p=13265"},"modified":"2026-04-20T18:19:56","modified_gmt":"2026-04-20T18:19:56","slug":"netter-atlas-de-anatomia-humana-abordaje-por-sistemas-8a-edicion","status":"publish","type":"product","link":"https:\/\/edimeinter.com\/libreria\/product\/netter-atlas-de-anatomia-humana-abordaje-por-sistemas-8a-edicion\/","title":{"rendered":"Netter. Atlas de anatom\u00eda humana. Abordaje por sistemas. 8\u00aa Edici\u00f3n"},"content":{"rendered":"\t\t<div data-elementor-type=\"wp-post\" data-elementor-id=\"13265\" class=\"elementor elementor-13265\">\n\t\t\t\t<div class=\"elementor-element elementor-element-2612b12 e-flex e-con-boxed e-con e-parent\" data-id=\"2612b12\" data-element_type=\"container\" data-e-type=\"container\">\n\t\t\t\t\t<div class=\"e-con-inner\">\n\t\t\n\t\t<div class=\"elementor-element elementor-element-498707ae elementor-widget elementor-widget-text-editor\" data-id=\"498707ae\" data-element_type=\"widget\" data-e-type=\"widget\" data-widget_type=\"text-editor.default\">\n\t\t\t\t<div class=\"elementor-widget-container\">\n\t\t\t\t\t\t\t\t\t<p>Por primera vez, se presenta el Netter, Atlas de anatom\u00eda humana organizado por sistemas corporales. Tienen exactamente el mismo contenido que el Atlas tradicional con un abordaje regional.<br \/>Contiene 12 Secciones\u00a0 m\u00e1s un Ap\u00e9ndice final en el que se incluyen todas las tablas de m\u00fasculos. La anatom\u00eda de superf\u00edcie se incluye en la Secci\u00f3n 1 y la Secci\u00f3n 12 se dedica \u00edntegramente a la anatom\u00eda seccional y anatom\u00eda por t\u00e9cnicas de imagen.<br \/>Las l\u00e1minas se indentifican con una S \u00absistemas\u00bb y tienen referencias a otras l\u00e1minas dentro del mismo libro.<br \/>Tiene acceso a contenido electr\u00f3nico adicional a trav\u00e9s de la plataforma e-book+ (contenido en ingl\u00e9s).<\/p>\t\t\t\t\t\t\t\t<\/div>\n\t\t\t\t<\/div>\n\t\t\t\t\t<\/div>\n\t\t\t\t<\/div>\n\t\t\t\t<\/div>\n\t\t","protected":false},"excerpt":{"rendered":"<p><strong>Autores:<\/strong>\u00a0Frank H. Netter<br \/>\n<strong>ISBN:<\/strong>\u00a09788413824185<br \/>\n<strong>Editorial:<\/strong>\u00a0Elsevier<br \/>\n<strong>Edici\u00f3n:<\/strong>\u00a08\u00aa<br \/>\n<strong>Especialidad<\/strong>:\u00a0Anatomia<br \/>\n<strong>P\u00e1ginas<\/strong>: 720<br \/>\n\u00a9 2023<\/p>\n","protected":false},"featured_media":13266,"comment_status":"open","ping_status":"closed","template":"","meta":{"_joinchat":[]},"product_cat":[100],"product_tag":[101,85],"class_list":{"0":"post-13265","1":"product","2":"type-product","3":"status-publish","4":"has-post-thumbnail","6":"product_cat-anatomia","7":"product_tag-anatomia","8":"product_tag-elsevier","10":"first","11":"instock","12":"featured","13":"taxable","14":"shipping-taxable","15":"purchasable","16":"product-type-simple"},"_links":{"self":[{"href":"https:\/\/edimeinter.com\/libreria\/wp-json\/wp\/v2\/product\/13265","targetHints":{"allow":["GET"]}}],"collection":[{"href":"https:\/\/edimeinter.com\/libreria\/wp-json\/wp\/v2\/product"}],"about":[{"href":"https:\/\/edimeinter.com\/libreria\/wp-json\/wp\/v2\/types\/product"}],"replies":[{"embeddable":true,"href":"https:\/\/edimeinter.com\/libreria\/wp-json\/wp\/v2\/comments?post=13265"}],"version-history":[{"count":1,"href":"https:\/\/edimeinter.com\/libreria\/wp-json\/wp\/v2\/product\/13265\/revisions"}],"predecessor-version":[{"id":15937,"href":"https:\/\/edimeinter.com\/libreria\/wp-json\/wp\/v2\/product\/13265\/revisions\/15937"}],"wp:featuredmedia":[{"embeddable":true,"href":"https:\/\/edimeinter.com\/libreria\/wp-json\/wp\/v2\/media\/13266"}],"wp:attachment":[{"href":"https:\/\/edimeinter.com\/libreria\/wp-json\/wp\/v2\/media?parent=13265"}],"wp:term":[{"taxonomy":"product_cat","embeddable":true,"href":"https:\/\/edimeinter.com\/libreria\/wp-json\/wp\/v2\/product_cat?post=13265"},{"taxonomy":"product_tag","embeddable":true,"href":"https:\/\/edimeinter.com\/libreria\/wp-json\/wp\/v2\/product_tag?post=13265"}],"curies":[{"name":"wp","href":"https:\/\/api.w.org\/{rel}","templated":true}]}}