{"id":13274,"date":"2025-02-19T18:46:47","date_gmt":"2025-02-19T18:46:47","guid":{"rendered":"https:\/\/edimeinter.com\/libreria\/?post_type=product&#038;p=13274"},"modified":"2026-03-06T18:34:12","modified_gmt":"2026-03-06T18:34:12","slug":"netter-atlas-de-anatomia-humana-abordaje-regional-8a-edicion","status":"publish","type":"product","link":"https:\/\/edimeinter.com\/libreria\/product\/netter-atlas-de-anatomia-humana-abordaje-regional-8a-edicion\/","title":{"rendered":"Netter. Atlas de anatom\u00eda humana. Abordaje regional. 8\u00aa Edici\u00f3n"},"content":{"rendered":"\t\t<div data-elementor-type=\"wp-post\" data-elementor-id=\"13274\" class=\"elementor elementor-13274\">\n\t\t\t\t<div class=\"elementor-element elementor-element-2612b12 e-flex e-con-boxed e-con e-parent\" data-id=\"2612b12\" data-element_type=\"container\" data-e-type=\"container\">\n\t\t\t\t\t<div class=\"e-con-inner\">\n\t\t\n\t\t<div class=\"elementor-element elementor-element-498707ae elementor-widget elementor-widget-text-editor\" data-id=\"498707ae\" data-element_type=\"widget\" data-e-type=\"widget\" data-widget_type=\"text-editor.default\">\n\t\t\t\t<div class=\"elementor-widget-container\">\n\t\t\t\t\t\t\t\t\t<p>Nueva edici\u00f3n de Netter, Atlas de anatom\u00eda humana que mantiene el aborrdaje regional tradicional, magn\u00edficamente ilustrado con im\u00e1genes Netter o estilo Netter.<br \/>En esta ocasi\u00f3n se incorporan nuevas im\u00e1genes correspondientes a la cavidad p\u00e9lvica, fosa temporal y a los cornetes nasales.<br \/>As\u00ed mismo, se incorporan nuevas tablas de nervios que abordan los nervios craneales y los plexos braquial, cervical y lumbosacro.<br \/>Se mantienen las tablas de m\u00fasculos y las p\u00e1ginas dedicadas a las estructuras de relevancia cl\u00ednica al final de cada secci\u00f3n.<br \/>La nueva edici\u00f3n tienen acceso a multitud de recursos did\u00e1cticos y a la totalidad del e-book en la plataforma de e-book+ (contenido en ingl\u00e9s).<\/p>\t\t\t\t\t\t\t\t<\/div>\n\t\t\t\t<\/div>\n\t\t\t\t\t<\/div>\n\t\t\t\t<\/div>\n\t\t\t\t<\/div>\n\t\t","protected":false},"excerpt":{"rendered":"<p><strong>Autores:<\/strong>\u00a0Frank H. Netter<br \/>\n<strong>ISBN:<\/strong>\u00a09788413823980<br \/>\n<strong>Editorial:<\/strong>\u00a0Elsevier<br \/>\n<strong>Edici\u00f3n:<\/strong>\u00a08\u00aa<br \/>\n<strong>Especialidad<\/strong>: Anatom\u00eda<br \/>\n<strong>P\u00e1ginas<\/strong>: 712<br \/>\n\u00a9 2023<\/p>\n","protected":false},"featured_media":13275,"comment_status":"open","ping_status":"closed","template":"","meta":{"_joinchat":[]},"product_cat":[100],"product_tag":[101,85],"class_list":{"0":"post-13274","1":"product","2":"type-product","3":"status-publish","4":"has-post-thumbnail","6":"product_cat-anatomia","7":"product_tag-anatomia","8":"product_tag-elsevier","10":"first","11":"outofstock","12":"featured","13":"taxable","14":"shipping-taxable","15":"purchasable","16":"product-type-simple"},"_links":{"self":[{"href":"https:\/\/edimeinter.com\/libreria\/wp-json\/wp\/v2\/product\/13274","targetHints":{"allow":["GET"]}}],"collection":[{"href":"https:\/\/edimeinter.com\/libreria\/wp-json\/wp\/v2\/product"}],"about":[{"href":"https:\/\/edimeinter.com\/libreria\/wp-json\/wp\/v2\/types\/product"}],"replies":[{"embeddable":true,"href":"https:\/\/edimeinter.com\/libreria\/wp-json\/wp\/v2\/comments?post=13274"}],"version-history":[{"count":1,"href":"https:\/\/edimeinter.com\/libreria\/wp-json\/wp\/v2\/product\/13274\/revisions"}],"predecessor-version":[{"id":15938,"href":"https:\/\/edimeinter.com\/libreria\/wp-json\/wp\/v2\/product\/13274\/revisions\/15938"}],"wp:featuredmedia":[{"embeddable":true,"href":"https:\/\/edimeinter.com\/libreria\/wp-json\/wp\/v2\/media\/13275"}],"wp:attachment":[{"href":"https:\/\/edimeinter.com\/libreria\/wp-json\/wp\/v2\/media?parent=13274"}],"wp:term":[{"taxonomy":"product_cat","embeddable":true,"href":"https:\/\/edimeinter.com\/libreria\/wp-json\/wp\/v2\/product_cat?post=13274"},{"taxonomy":"product_tag","embeddable":true,"href":"https:\/\/edimeinter.com\/libreria\/wp-json\/wp\/v2\/product_tag?post=13274"}],"curies":[{"name":"wp","href":"https:\/\/api.w.org\/{rel}","templated":true}]}}