{"id":13280,"date":"2025-02-19T18:54:18","date_gmt":"2025-02-19T18:54:18","guid":{"rendered":"https:\/\/edimeinter.com\/libreria\/?post_type=product&#038;p=13280"},"modified":"2025-10-12T01:19:49","modified_gmt":"2025-10-12T01:19:49","slug":"netter-anatomia-basica-por-sistemas-1a-edicion","status":"publish","type":"product","link":"https:\/\/edimeinter.com\/libreria\/product\/netter-anatomia-basica-por-sistemas-1a-edicion\/","title":{"rendered":"Netter. Anatom\u00eda b\u00e1sica por sistemas. 1\u00aa Edici\u00f3n"},"content":{"rendered":"\t\t<div data-elementor-type=\"wp-post\" data-elementor-id=\"13280\" class=\"elementor elementor-13280\">\n\t\t\t\t<div class=\"elementor-element elementor-element-2612b12 e-flex e-con-boxed e-con e-parent\" data-id=\"2612b12\" data-element_type=\"container\" data-e-type=\"container\">\n\t\t\t\t\t<div class=\"e-con-inner\">\n\t\t\n\t\t<div class=\"elementor-element elementor-element-498707ae elementor-widget elementor-widget-text-editor\" data-id=\"498707ae\" data-element_type=\"widget\" data-e-type=\"widget\" data-widget_type=\"text-editor.default\">\n\t\t\t\t<div class=\"elementor-widget-container\">\n\t\t\t\t\t\t\t\t\t<p>Nueva obra de la familia \u00abNetter \u00bb que presenta la anatom\u00eda basada en una organizaci\u00f3n por sistemas. Se encuentra organizado en nueve secciones;\u00a0la primera a modo de introducci\u00f3n y el resto dedicadas al estudio en profundidad de cada uno de los sistemas corporales y de sus estructuras m\u00e1s importantes. El texto, sencillo y conciso con una fuerte correlaci\u00f3n cl\u00ednica est\u00e1 magn\u00edficamente ilustrado tanto por las propias im\u00e1genes Netter o estilo Netter como por las de radiodiagn\u00f3stico. Incluye tambi\u00e9n numerosas tablas que sintetizan la informaci\u00f3n convirti\u00e9ndose en un importante elemento did\u00e1ctico para la memorizaci\u00f3n y aprendizaje.Incluye acceso a e-book+ (contenido en ingl\u00e9s).<\/p>\t\t\t\t\t\t\t\t<\/div>\n\t\t\t\t<\/div>\n\t\t\t\t\t<\/div>\n\t\t\t\t<\/div>\n\t\t\t\t<\/div>\n\t\t","protected":false},"excerpt":{"rendered":"<p><strong>Autores:<\/strong>\u00a0Virginia T. Lyons<br \/>\n<strong>ISBN:<\/strong>\u00a09788413822617<br \/>\n<strong>Editorial:<\/strong>\u00a0Elsevier<br \/>\n<strong>Edici\u00f3n:<\/strong>\u00a01\u00aa<br \/>\n<strong>Especialidad<\/strong>: Anatom\u00eda<br \/>\n<strong>P\u00e1ginas<\/strong>: 408<br \/>\n\u00a9 2023<\/p>\n","protected":false},"featured_media":13281,"comment_status":"open","ping_status":"closed","template":"","meta":{"_joinchat":[]},"product_cat":[100],"product_tag":[101,85],"class_list":{"0":"post-13280","1":"product","2":"type-product","3":"status-publish","4":"has-post-thumbnail","6":"product_cat-anatomia","7":"product_tag-anatomia","8":"product_tag-elsevier","10":"first","11":"outofstock","12":"featured","13":"taxable","14":"shipping-taxable","15":"purchasable","16":"product-type-simple"},"_links":{"self":[{"href":"https:\/\/edimeinter.com\/libreria\/wp-json\/wp\/v2\/product\/13280","targetHints":{"allow":["GET"]}}],"collection":[{"href":"https:\/\/edimeinter.com\/libreria\/wp-json\/wp\/v2\/product"}],"about":[{"href":"https:\/\/edimeinter.com\/libreria\/wp-json\/wp\/v2\/types\/product"}],"replies":[{"embeddable":true,"href":"https:\/\/edimeinter.com\/libreria\/wp-json\/wp\/v2\/comments?post=13280"}],"version-history":[{"count":2,"href":"https:\/\/edimeinter.com\/libreria\/wp-json\/wp\/v2\/product\/13280\/revisions"}],"predecessor-version":[{"id":15940,"href":"https:\/\/edimeinter.com\/libreria\/wp-json\/wp\/v2\/product\/13280\/revisions\/15940"}],"wp:featuredmedia":[{"embeddable":true,"href":"https:\/\/edimeinter.com\/libreria\/wp-json\/wp\/v2\/media\/13281"}],"wp:attachment":[{"href":"https:\/\/edimeinter.com\/libreria\/wp-json\/wp\/v2\/media?parent=13280"}],"wp:term":[{"taxonomy":"product_cat","embeddable":true,"href":"https:\/\/edimeinter.com\/libreria\/wp-json\/wp\/v2\/product_cat?post=13280"},{"taxonomy":"product_tag","embeddable":true,"href":"https:\/\/edimeinter.com\/libreria\/wp-json\/wp\/v2\/product_tag?post=13280"}],"curies":[{"name":"wp","href":"https:\/\/api.w.org\/{rel}","templated":true}]}}