{"id":13292,"date":"2025-02-19T19:08:16","date_gmt":"2025-02-19T19:08:16","guid":{"rendered":"https:\/\/edimeinter.com\/libreria\/?post_type=product&#038;p=13292"},"modified":"2026-03-09T22:51:14","modified_gmt":"2026-03-09T22:51:14","slug":"netter-cuaderno-de-anatomia-para-colorear-3a-edicion","status":"publish","type":"product","link":"https:\/\/edimeinter.com\/libreria\/product\/netter-cuaderno-de-anatomia-para-colorear-3a-edicion\/","title":{"rendered":"Netter. Cuaderno de anatom\u00eda para colorear. 3\u00aa Edici\u00f3n"},"content":{"rendered":"\t\t<div data-elementor-type=\"wp-post\" data-elementor-id=\"13292\" class=\"elementor elementor-13292\">\n\t\t\t\t<div class=\"elementor-element elementor-element-2612b12 e-flex e-con-boxed e-con e-parent\" data-id=\"2612b12\" data-element_type=\"container\" data-e-type=\"container\">\n\t\t\t\t\t<div class=\"e-con-inner\">\n\t\t\n\t\t<div class=\"elementor-element elementor-element-498707ae elementor-widget elementor-widget-text-editor\" data-id=\"498707ae\" data-element_type=\"widget\" data-e-type=\"widget\" data-widget_type=\"text-editor.default\">\n\t\t\t\t<div class=\"elementor-widget-container\">\n\t\t\t\t\t\t\t\t\t<p>De nuevo se presenta este contenido en anatom\u00eda de la familia \u00abNetter\u00bb en la que se presenta la perfecta combinaci\u00f3n entre el atlas de anatom\u00eda m\u00e1s reputado y una metodolog\u00eda de aprendizaje m\u00e1s all\u00e1 de la memoria, en la que se pasa del \u201cver al \u201chacer.<br \/>Proporciona una perfecta comprensi\u00f3n de la relaci\u00f3n entre las diversas estructuras anat\u00f3micas, la revisi\u00f3n r\u00e1pida de los conceptos m\u00e1s importantes, etc. gracias a la actividad de colorear.<br \/>La nueva edici\u00f3n est\u00e1 actualizada siguiendo la nueva ed del Netter, Atlas de anatom\u00eda humana 8\u00aa ed<br \/>Incluye acceso online al e-book en ingl\u00e9s a trav\u00e9s de la plataforma e-book.<\/p>\t\t\t\t\t\t\t\t<\/div>\n\t\t\t\t<\/div>\n\t\t\t\t\t<\/div>\n\t\t\t\t<\/div>\n\t\t\t\t<\/div>\n\t\t","protected":false},"excerpt":{"rendered":"<p><strong>Autores:<\/strong>\u00a0John T. Hansen<br \/>\n<strong>ISBN:<\/strong>\u00a09788413823850<br \/>\n<strong>Editorial:<\/strong>\u00a0Elsevier<br \/>\n<strong>Edici\u00f3n:<\/strong>\u00a03\u00aa<br \/>\n<strong>Especialidad<\/strong>: Anatom\u00eda<br \/>\n<strong>P\u00e1ginas<\/strong>:\u00a0400<br \/>\n\u00a9 2023<\/p>\n","protected":false},"featured_media":13293,"comment_status":"open","ping_status":"closed","template":"","meta":{"_joinchat":[]},"product_cat":[100],"product_tag":[101,85],"class_list":{"0":"post-13292","1":"product","2":"type-product","3":"status-publish","4":"has-post-thumbnail","6":"product_cat-anatomia","7":"product_tag-anatomia","8":"product_tag-elsevier","10":"first","11":"outofstock","12":"featured","13":"taxable","14":"shipping-taxable","15":"purchasable","16":"product-type-simple"},"_links":{"self":[{"href":"https:\/\/edimeinter.com\/libreria\/wp-json\/wp\/v2\/product\/13292","targetHints":{"allow":["GET"]}}],"collection":[{"href":"https:\/\/edimeinter.com\/libreria\/wp-json\/wp\/v2\/product"}],"about":[{"href":"https:\/\/edimeinter.com\/libreria\/wp-json\/wp\/v2\/types\/product"}],"replies":[{"embeddable":true,"href":"https:\/\/edimeinter.com\/libreria\/wp-json\/wp\/v2\/comments?post=13292"}],"version-history":[{"count":1,"href":"https:\/\/edimeinter.com\/libreria\/wp-json\/wp\/v2\/product\/13292\/revisions"}],"predecessor-version":[{"id":15942,"href":"https:\/\/edimeinter.com\/libreria\/wp-json\/wp\/v2\/product\/13292\/revisions\/15942"}],"wp:featuredmedia":[{"embeddable":true,"href":"https:\/\/edimeinter.com\/libreria\/wp-json\/wp\/v2\/media\/13293"}],"wp:attachment":[{"href":"https:\/\/edimeinter.com\/libreria\/wp-json\/wp\/v2\/media?parent=13292"}],"wp:term":[{"taxonomy":"product_cat","embeddable":true,"href":"https:\/\/edimeinter.com\/libreria\/wp-json\/wp\/v2\/product_cat?post=13292"},{"taxonomy":"product_tag","embeddable":true,"href":"https:\/\/edimeinter.com\/libreria\/wp-json\/wp\/v2\/product_tag?post=13292"}],"curies":[{"name":"wp","href":"https:\/\/api.w.org\/{rel}","templated":true}]}}