{"id":13304,"date":"2025-02-19T19:24:13","date_gmt":"2025-02-19T19:24:13","guid":{"rendered":"https:\/\/edimeinter.com\/libreria\/?post_type=product&#038;p=13304"},"modified":"2026-03-20T22:37:05","modified_gmt":"2026-03-20T22:37:05","slug":"estructura-y-funcion-del-cuerpo-humano-16a-edicion","status":"publish","type":"product","link":"https:\/\/edimeinter.com\/libreria\/product\/estructura-y-funcion-del-cuerpo-humano-16a-edicion\/","title":{"rendered":"Estructura y funci\u00f3n del cuerpo humano. 16\u00aa Edici\u00f3n"},"content":{"rendered":"\t\t<div data-elementor-type=\"wp-post\" data-elementor-id=\"13304\" class=\"elementor elementor-13304\">\n\t\t\t\t<div class=\"elementor-element elementor-element-2612b12 e-flex e-con-boxed e-con e-parent\" data-id=\"2612b12\" data-element_type=\"container\" data-e-type=\"container\">\n\t\t\t\t\t<div class=\"e-con-inner\">\n\t\t\n\t\t<div class=\"elementor-element elementor-element-498707ae elementor-widget elementor-widget-text-editor\" data-id=\"498707ae\" data-element_type=\"widget\" data-e-type=\"widget\" data-widget_type=\"text-editor.default\">\n\t\t\t\t<div class=\"elementor-widget-container\">\n\t\t\t\t\t\t\t\t\t<p>Obra que cubre todas las materias propias de un primer nivel de anatom\u00eda y fisiolog\u00eda, con una\u00a0gran profusi\u00f3n de recursos pedag\u00f3gicos como ejemplos y analog\u00edas que ayudan al estudiante a\u00a0entender los conceptos m\u00e1s dif\u00edciles.\u00a0Dise\u00f1ada de forma que se presente la informaci\u00f3n con un marco conceptual sobre el cual\u00a0el alumno pueda comprender el cuerpo humano. Se trata de un texto simple y sint\u00e9tico\u00a0enfocado en dos temas fundamentales: la estructura normal y la funci\u00f3n del cuerpo\u00a0humano, y en lo que el cuerpo humano hace para mantener la homeostasis.<\/p>\t\t\t\t\t\t\t\t<\/div>\n\t\t\t\t<\/div>\n\t\t\t\t\t<\/div>\n\t\t\t\t<\/div>\n\t\t\t\t<\/div>\n\t\t","protected":false},"excerpt":{"rendered":"<p><strong>Autores:<\/strong>\u00a0Kevin T. Patton<br \/>\n<strong>ISBN:<\/strong>\u00a09788491138006<br \/>\n<strong>Editorial:<\/strong>\u00a0Elsevier<br \/>\n<strong>Edici\u00f3n:<\/strong>\u00a016\u00aa<br \/>\n<strong>Especialidad<\/strong>: Anatom\u00eda<br \/>\n<strong>P\u00e1ginas<\/strong>: 568<br \/>\n\u00a9 2022<\/p>\n","protected":false},"featured_media":13305,"comment_status":"open","ping_status":"closed","template":"","meta":{"_joinchat":[]},"product_cat":[100],"product_tag":[101,85],"class_list":{"0":"post-13304","1":"product","2":"type-product","3":"status-publish","4":"has-post-thumbnail","6":"product_cat-anatomia","7":"product_tag-anatomia","8":"product_tag-elsevier","10":"first","11":"instock","12":"featured","13":"taxable","14":"shipping-taxable","15":"purchasable","16":"product-type-simple"},"_links":{"self":[{"href":"https:\/\/edimeinter.com\/libreria\/wp-json\/wp\/v2\/product\/13304","targetHints":{"allow":["GET"]}}],"collection":[{"href":"https:\/\/edimeinter.com\/libreria\/wp-json\/wp\/v2\/product"}],"about":[{"href":"https:\/\/edimeinter.com\/libreria\/wp-json\/wp\/v2\/types\/product"}],"replies":[{"embeddable":true,"href":"https:\/\/edimeinter.com\/libreria\/wp-json\/wp\/v2\/comments?post=13304"}],"version-history":[{"count":1,"href":"https:\/\/edimeinter.com\/libreria\/wp-json\/wp\/v2\/product\/13304\/revisions"}],"predecessor-version":[{"id":15945,"href":"https:\/\/edimeinter.com\/libreria\/wp-json\/wp\/v2\/product\/13304\/revisions\/15945"}],"wp:featuredmedia":[{"embeddable":true,"href":"https:\/\/edimeinter.com\/libreria\/wp-json\/wp\/v2\/media\/13305"}],"wp:attachment":[{"href":"https:\/\/edimeinter.com\/libreria\/wp-json\/wp\/v2\/media?parent=13304"}],"wp:term":[{"taxonomy":"product_cat","embeddable":true,"href":"https:\/\/edimeinter.com\/libreria\/wp-json\/wp\/v2\/product_cat?post=13304"},{"taxonomy":"product_tag","embeddable":true,"href":"https:\/\/edimeinter.com\/libreria\/wp-json\/wp\/v2\/product_tag?post=13304"}],"curies":[{"name":"wp","href":"https:\/\/api.w.org\/{rel}","templated":true}]}}