{"id":13310,"date":"2025-02-19T19:29:37","date_gmt":"2025-02-19T19:29:37","guid":{"rendered":"https:\/\/edimeinter.com\/libreria\/?post_type=product&#038;p=13310"},"modified":"2025-03-10T23:20:35","modified_gmt":"2025-03-10T23:20:35","slug":"gabbe-obstetricia-8a-edicion","status":"publish","type":"product","link":"https:\/\/edimeinter.com\/libreria\/product\/gabbe-obstetricia-8a-edicion\/","title":{"rendered":"Gabbe. Obstetricia. 8\u00aa Edici\u00f3n"},"content":{"rendered":"\t\t<div data-elementor-type=\"wp-post\" data-elementor-id=\"13310\" class=\"elementor elementor-13310\">\n\t\t\t\t<div class=\"elementor-element elementor-element-2612b12 e-flex e-con-boxed e-con e-parent\" data-id=\"2612b12\" data-element_type=\"container\" data-e-type=\"container\">\n\t\t\t\t\t<div class=\"e-con-inner\">\n\t\t\n\t\t<div class=\"elementor-element elementor-element-498707ae elementor-widget elementor-widget-text-editor\" data-id=\"498707ae\" data-element_type=\"widget\" data-e-type=\"widget\" data-widget_type=\"text-editor.default\">\n\t\t\t\t<div class=\"elementor-widget-container\">\n\t\t\t\t\t\t\t\t\t<p>De amena y accesible lectura, y magn\u00edficamente ilustrada, Gabbe. Obstetricia. Embarazos normales y de riesgo constituye una excelente referencia para la pr\u00e1ctica diaria y un valioso recurso para el estudio, tanto para residentes como para cl\u00ednicos. La 8.\u00aa edici\u00f3n de este prestigioso texto ofrece un acceso \u00e1gil a la m\u00e1s completa informaci\u00f3n basada en la evidencia, minuciosamente revisada, con una actualizaci\u00f3n de contenidos sustancial y nuevas y mejoradas ilustraciones, y con la inestimable aportaci\u00f3n de un nuevo equipo editorial internacional que mantiene la tradici\u00f3n de excelencia establecida por el doctor Steven Gabbe.<\/p>\t\t\t\t\t\t\t\t<\/div>\n\t\t\t\t<\/div>\n\t\t\t\t\t<\/div>\n\t\t\t\t<\/div>\n\t\t\t\t<\/div>\n\t\t","protected":false},"excerpt":{"rendered":"<p><strong>Autores:<\/strong>\u00a0Mark B Landon &amp; Henry L Galan &amp; Eric R. M. Jauniaux &amp; Deborah A Driscoll &amp; Vincenzo Berghella &amp; William A Grobman &amp; Sarah J Kilpatrick &amp; Alison G Cahill<br \/>\n<strong>ISBN:<\/strong>\u00a09788413820163<br \/>\n<strong>Editorial:<\/strong>\u00a0Elsevier<br \/>\n<strong>Edici\u00f3n:<\/strong>\u00a08\u00aa<br \/>\n<strong>Especialidad<\/strong>: Ginecolog\u00eda y Obstetricia<br \/>\n<strong>P\u00e1ginas<\/strong>: 1264<br \/>\n\u00a9 2022<\/p>\n","protected":false},"featured_media":13311,"comment_status":"open","ping_status":"open","template":"","meta":{"_joinchat":[]},"product_cat":[104],"product_tag":[85,105],"class_list":{"0":"post-13310","1":"product","2":"type-product","3":"status-publish","4":"has-post-thumbnail","6":"product_cat-ginecologia-y-obstetricia","7":"product_tag-elsevier","8":"product_tag-ginecologia-y-obstetricia","10":"first","11":"instock","12":"featured","13":"taxable","14":"shipping-taxable","15":"purchasable","16":"product-type-simple"},"_links":{"self":[{"href":"https:\/\/edimeinter.com\/libreria\/wp-json\/wp\/v2\/product\/13310","targetHints":{"allow":["GET"]}}],"collection":[{"href":"https:\/\/edimeinter.com\/libreria\/wp-json\/wp\/v2\/product"}],"about":[{"href":"https:\/\/edimeinter.com\/libreria\/wp-json\/wp\/v2\/types\/product"}],"replies":[{"embeddable":true,"href":"https:\/\/edimeinter.com\/libreria\/wp-json\/wp\/v2\/comments?post=13310"}],"version-history":[{"count":2,"href":"https:\/\/edimeinter.com\/libreria\/wp-json\/wp\/v2\/product\/13310\/revisions"}],"predecessor-version":[{"id":15947,"href":"https:\/\/edimeinter.com\/libreria\/wp-json\/wp\/v2\/product\/13310\/revisions\/15947"}],"wp:featuredmedia":[{"embeddable":true,"href":"https:\/\/edimeinter.com\/libreria\/wp-json\/wp\/v2\/media\/13311"}],"wp:attachment":[{"href":"https:\/\/edimeinter.com\/libreria\/wp-json\/wp\/v2\/media?parent=13310"}],"wp:term":[{"taxonomy":"product_cat","embeddable":true,"href":"https:\/\/edimeinter.com\/libreria\/wp-json\/wp\/v2\/product_cat?post=13310"},{"taxonomy":"product_tag","embeddable":true,"href":"https:\/\/edimeinter.com\/libreria\/wp-json\/wp\/v2\/product_tag?post=13310"}],"curies":[{"name":"wp","href":"https:\/\/api.w.org\/{rel}","templated":true}]}}