{"id":13322,"date":"2025-02-19T19:37:23","date_gmt":"2025-02-19T19:37:23","guid":{"rendered":"https:\/\/edimeinter.com\/libreria\/?post_type=product&#038;p=13322"},"modified":"2025-03-10T23:23:22","modified_gmt":"2025-03-10T23:23:22","slug":"atencion-inicial-al-trauma-grave-1a-edicion","status":"publish","type":"product","link":"https:\/\/edimeinter.com\/libreria\/product\/atencion-inicial-al-trauma-grave-1a-edicion\/","title":{"rendered":"Atenci\u00f3n inicial al trauma grave. 1\u00aa Edici\u00f3n"},"content":{"rendered":"\t\t<div data-elementor-type=\"wp-post\" data-elementor-id=\"13322\" class=\"elementor elementor-13322\">\n\t\t\t\t<div class=\"elementor-element elementor-element-2612b12 e-flex e-con-boxed e-con e-parent\" data-id=\"2612b12\" data-element_type=\"container\" data-e-type=\"container\">\n\t\t\t\t\t<div class=\"e-con-inner\">\n\t\t\n\t\t<div class=\"elementor-element elementor-element-498707ae elementor-widget elementor-widget-text-editor\" data-id=\"498707ae\" data-element_type=\"widget\" data-e-type=\"widget\" data-widget_type=\"text-editor.default\">\n\t\t\t\t<div class=\"elementor-widget-container\">\n\t\t\t\t\t\t\t\t\t<p>Atenci\u00f3n inicial al trauma grave. Las primeras 24 horas aborda la atenci\u00f3n a la enfermedad traum\u00e1tica grave durante el periodo que engloba desde la atenci\u00f3n prehospitalaria hasta al menos las primeras 24 horas. Aunque existen varios cursos que se ocupan de este tema, lo hacen parcialmente y centr\u00e1ndose sobre todo en la atenci\u00f3n inicial, la toma de contacto con el enfermo y la toma de decisiones. Este manual destaca por ofrecer una perspectiva de la resucitaci\u00f3n que abarca incluso m\u00e1s all\u00e1 de las primeras 24 horas que forman parte del t\u00edtulo. Se incluyen, adem\u00e1s, temas como el trabajo en equipo, la comunicaci\u00f3n, las cuestiones \u00e9ticas, la atenci\u00f3n a m\u00faltiples v\u00edctimas y los aspectos del manejo inicial en la unidad de cuidados intensivos.<\/p>\t\t\t\t\t\t\t\t<\/div>\n\t\t\t\t<\/div>\n\t\t\t\t\t<\/div>\n\t\t\t\t<\/div>\n\t\t\t\t<\/div>\n\t\t","protected":false},"excerpt":{"rendered":"<p><strong>Autores:<\/strong>\u00a0Mario Chico Fern\u00e1ndez &amp; Jes\u00fas Barea Mendoza &amp; Carolina Mudarra Reche &amp; Mar\u00eda del Ara Murillo P\u00e9rez &amp; Lidia Orej\u00f3n Garc\u00eda &amp; Marcos Valiente Fern\u00e1ncdez<br \/>\n<strong>ISBN:<\/strong>\u00a09788413820378<br \/>\n<strong>Editorial:<\/strong>\u00a0Elsevier<br \/>\n<strong>Edici\u00f3n:<\/strong>\u00a01\u00aa<br \/>\n<strong>Especialidad<\/strong>:\u00a0Cuidados Intensivos<br \/>\n<strong>P\u00e1ginas<\/strong>: 392<br \/>\n\u00a9 2022<\/p>\n","protected":false},"featured_media":13323,"comment_status":"open","ping_status":"open","template":"","meta":{"_joinchat":[]},"product_cat":[179],"product_tag":[180,85],"class_list":{"0":"post-13322","1":"product","2":"type-product","3":"status-publish","4":"has-post-thumbnail","6":"product_cat-cuidados-intensivos","7":"product_tag-cuidados-intensivos","8":"product_tag-elsevier","10":"first","11":"instock","12":"featured","13":"taxable","14":"shipping-taxable","15":"purchasable","16":"product-type-simple"},"_links":{"self":[{"href":"https:\/\/edimeinter.com\/libreria\/wp-json\/wp\/v2\/product\/13322","targetHints":{"allow":["GET"]}}],"collection":[{"href":"https:\/\/edimeinter.com\/libreria\/wp-json\/wp\/v2\/product"}],"about":[{"href":"https:\/\/edimeinter.com\/libreria\/wp-json\/wp\/v2\/types\/product"}],"replies":[{"embeddable":true,"href":"https:\/\/edimeinter.com\/libreria\/wp-json\/wp\/v2\/comments?post=13322"}],"version-history":[{"count":2,"href":"https:\/\/edimeinter.com\/libreria\/wp-json\/wp\/v2\/product\/13322\/revisions"}],"predecessor-version":[{"id":15950,"href":"https:\/\/edimeinter.com\/libreria\/wp-json\/wp\/v2\/product\/13322\/revisions\/15950"}],"wp:featuredmedia":[{"embeddable":true,"href":"https:\/\/edimeinter.com\/libreria\/wp-json\/wp\/v2\/media\/13323"}],"wp:attachment":[{"href":"https:\/\/edimeinter.com\/libreria\/wp-json\/wp\/v2\/media?parent=13322"}],"wp:term":[{"taxonomy":"product_cat","embeddable":true,"href":"https:\/\/edimeinter.com\/libreria\/wp-json\/wp\/v2\/product_cat?post=13322"},{"taxonomy":"product_tag","embeddable":true,"href":"https:\/\/edimeinter.com\/libreria\/wp-json\/wp\/v2\/product_tag?post=13322"}],"curies":[{"name":"wp","href":"https:\/\/api.w.org\/{rel}","templated":true}]}}