{"id":13328,"date":"2025-02-19T19:45:24","date_gmt":"2025-02-19T19:45:24","guid":{"rendered":"https:\/\/edimeinter.com\/libreria\/?post_type=product&#038;p=13328"},"modified":"2025-03-10T23:25:15","modified_gmt":"2025-03-10T23:25:15","slug":"radiologia-pediatrica-en-urgencias-1a-edicion","status":"publish","type":"product","link":"https:\/\/edimeinter.com\/libreria\/product\/radiologia-pediatrica-en-urgencias-1a-edicion\/","title":{"rendered":"Radiolog\u00eda pedi\u00e1trica en urgencias. 1\u00aa Edici\u00f3n"},"content":{"rendered":"\t\t<div data-elementor-type=\"wp-post\" data-elementor-id=\"13328\" class=\"elementor elementor-13328\">\n\t\t\t\t<div class=\"elementor-element elementor-element-2612b12 e-flex e-con-boxed e-con e-parent\" data-id=\"2612b12\" data-element_type=\"container\" data-e-type=\"container\">\n\t\t\t\t\t<div class=\"e-con-inner\">\n\t\t\n\t\t<div class=\"elementor-element elementor-element-498707ae elementor-widget elementor-widget-text-editor\" data-id=\"498707ae\" data-element_type=\"widget\" data-e-type=\"widget\" data-widget_type=\"text-editor.default\">\n\t\t\t\t<div class=\"elementor-widget-container\">\n\t\t\t\t\t\t\t\t\t<p>Obra que recoge las principales pr\u00e1cticas y recomendaciones para la correcta aplicaci\u00f3n de t\u00e9cnicas radiol\u00f3gicas en poblaci\u00f3n pedi\u00e1trica. Proporciona la informaci\u00f3n necesaria para que los especialistas puedan hacer un control exhaustivo de la radiaci\u00f3n ionizante y evitar as\u00ed los posibles excesos en este sentido y, por tanto, minimizar los riesgos asociados a estas t\u00e9cnicas de imagen. Formato basado en casos cl\u00ednicos que ofrece a los especialistas una visi\u00f3n de pr\u00e1ctica de las diferentes casu\u00edsticas que pueden encontrar en su pr\u00e1ctica cl\u00ednica.<\/p>\t\t\t\t\t\t\t\t<\/div>\n\t\t\t\t<\/div>\n\t\t\t\t\t<\/div>\n\t\t\t\t<\/div>\n\t\t\t\t<\/div>\n\t\t","protected":false},"excerpt":{"rendered":"<p><strong>Autores:<\/strong>\u00a0Robert Vezzetti &amp; Jestin Carlson &amp; Debra Pennington<br \/>\n<strong>ISBN:<\/strong>\u00a09788413822945<br \/>\n<strong>Editorial:<\/strong>\u00a0Elsevier<br \/>\n<strong>Edici\u00f3n:<\/strong>\u00a01\u00aa<br \/>\n<strong>Especialidad<\/strong>: Diagn\u00f3stico por Im\u00e1genes<br \/>\n<strong>P\u00e1ginas<\/strong>: 392<br \/>\n\u00a9 2022<\/p>\n","protected":false},"featured_media":13329,"comment_status":"open","ping_status":"open","template":"","meta":{"_joinchat":[]},"product_cat":[80],"product_tag":[81,85],"class_list":{"0":"post-13328","1":"product","2":"type-product","3":"status-publish","4":"has-post-thumbnail","6":"product_cat-diagnostico-por-imagenes","7":"product_tag-diagnostico-por-imagenes","8":"product_tag-elsevier","10":"first","11":"instock","12":"featured","13":"taxable","14":"shipping-taxable","15":"purchasable","16":"product-type-simple"},"_links":{"self":[{"href":"https:\/\/edimeinter.com\/libreria\/wp-json\/wp\/v2\/product\/13328","targetHints":{"allow":["GET"]}}],"collection":[{"href":"https:\/\/edimeinter.com\/libreria\/wp-json\/wp\/v2\/product"}],"about":[{"href":"https:\/\/edimeinter.com\/libreria\/wp-json\/wp\/v2\/types\/product"}],"replies":[{"embeddable":true,"href":"https:\/\/edimeinter.com\/libreria\/wp-json\/wp\/v2\/comments?post=13328"}],"version-history":[{"count":2,"href":"https:\/\/edimeinter.com\/libreria\/wp-json\/wp\/v2\/product\/13328\/revisions"}],"predecessor-version":[{"id":15952,"href":"https:\/\/edimeinter.com\/libreria\/wp-json\/wp\/v2\/product\/13328\/revisions\/15952"}],"wp:featuredmedia":[{"embeddable":true,"href":"https:\/\/edimeinter.com\/libreria\/wp-json\/wp\/v2\/media\/13329"}],"wp:attachment":[{"href":"https:\/\/edimeinter.com\/libreria\/wp-json\/wp\/v2\/media?parent=13328"}],"wp:term":[{"taxonomy":"product_cat","embeddable":true,"href":"https:\/\/edimeinter.com\/libreria\/wp-json\/wp\/v2\/product_cat?post=13328"},{"taxonomy":"product_tag","embeddable":true,"href":"https:\/\/edimeinter.com\/libreria\/wp-json\/wp\/v2\/product_tag?post=13328"}],"curies":[{"name":"wp","href":"https:\/\/api.w.org\/{rel}","templated":true}]}}