{"id":13340,"date":"2025-02-19T19:55:46","date_gmt":"2025-02-19T19:55:46","guid":{"rendered":"https:\/\/edimeinter.com\/libreria\/?post_type=product&#038;p=13340"},"modified":"2025-03-10T23:36:11","modified_gmt":"2025-03-10T23:36:11","slug":"la-etica-del-cuidado-en-salud-mental-1a-edicion","status":"publish","type":"product","link":"https:\/\/edimeinter.com\/libreria\/product\/la-etica-del-cuidado-en-salud-mental-1a-edicion\/","title":{"rendered":"La \u00e9tica del cuidado en salud mental. 1\u00aa Edici\u00f3n"},"content":{"rendered":"\t\t<div data-elementor-type=\"wp-post\" data-elementor-id=\"13340\" class=\"elementor elementor-13340\">\n\t\t\t\t<div class=\"elementor-element elementor-element-2612b12 e-flex e-con-boxed e-con e-parent\" data-id=\"2612b12\" data-element_type=\"container\" data-e-type=\"container\">\n\t\t\t\t\t<div class=\"e-con-inner\">\n\t\t\n\t\t<div class=\"elementor-element elementor-element-498707ae elementor-widget elementor-widget-text-editor\" data-id=\"498707ae\" data-element_type=\"widget\" data-e-type=\"widget\" data-widget_type=\"text-editor.default\">\n\t\t\t\t<div class=\"elementor-widget-container\">\n\t\t\t\t\t\t\t\t\t<p>Este manual recoge los aspectos de la \u00e9tica aplicada a la pr\u00e1ctica de la Enfermer\u00eda de Salud Mental, apoy\u00e1ndose en perspectivas te\u00f3ricas que reconocen, en los pacientes y sus familias, principios fundamentales de los derechos humanos: autonom\u00eda, respeto a la diversidad, atenci\u00f3n expresa a las demandas y aportaciones de la familia, aplicaci\u00f3n de c\u00f3digos \u00e9ticos profesionales, y competencias y est\u00e1ndares de la pr\u00e1ctica cl\u00ednica.<\/p><p>Promueve el desarrollo de conciencia y sensibilidad hacia los problemas \u00e9ticos y las posibles preocupaciones \u00e9ticas en la pr\u00e1ctica de la Enfermer\u00eda de Salud Mental.<\/p><p>Examina distintos principios, conceptos y teor\u00edas \u00e9ticas, as\u00ed como modelos de toma de decisiones. Desarrolla estrategias para la toma de decisiones \u00e9ticas y morales y aplica el razonamiento \u00e9tico y moral, y la toma de decisiones a problemas \u00e9ticos en Enfermer\u00eda Psiqui\u00e1trica.<\/p>\t\t\t\t\t\t\t\t<\/div>\n\t\t\t\t<\/div>\n\t\t\t\t\t<\/div>\n\t\t\t\t<\/div>\n\t\t\t\t<\/div>\n\t\t","protected":false},"excerpt":{"rendered":"<p><strong>Autores:<\/strong>\u00a0Francisco Meg\u00edas-Lizancos &amp; Carlos Aguilera-Serrano<br \/>\n<strong>ISBN:<\/strong> 9788413822020<br \/>\n<strong>Editorial:<\/strong>\u00a0Elsevier<br \/>\n<strong>Edici\u00f3n:<\/strong>\u00a01\u00aa<br \/>\n<strong>Especialidad<\/strong>: Psicolog\u00eda<br \/>\n<strong>P\u00e1ginas<\/strong>: 216<br \/>\n\u00a9 2022<\/p>\n","protected":false},"featured_media":13341,"comment_status":"open","ping_status":"open","template":"","meta":{"_joinchat":[]},"product_cat":[88],"product_tag":[85,89],"class_list":{"0":"post-13340","1":"product","2":"type-product","3":"status-publish","4":"has-post-thumbnail","6":"product_cat-psicologia","7":"product_tag-elsevier","8":"product_tag-psicologia","10":"first","11":"outofstock","12":"featured","13":"taxable","14":"shipping-taxable","15":"purchasable","16":"product-type-simple"},"_links":{"self":[{"href":"https:\/\/edimeinter.com\/libreria\/wp-json\/wp\/v2\/product\/13340","targetHints":{"allow":["GET"]}}],"collection":[{"href":"https:\/\/edimeinter.com\/libreria\/wp-json\/wp\/v2\/product"}],"about":[{"href":"https:\/\/edimeinter.com\/libreria\/wp-json\/wp\/v2\/types\/product"}],"replies":[{"embeddable":true,"href":"https:\/\/edimeinter.com\/libreria\/wp-json\/wp\/v2\/comments?post=13340"}],"version-history":[{"count":3,"href":"https:\/\/edimeinter.com\/libreria\/wp-json\/wp\/v2\/product\/13340\/revisions"}],"predecessor-version":[{"id":15958,"href":"https:\/\/edimeinter.com\/libreria\/wp-json\/wp\/v2\/product\/13340\/revisions\/15958"}],"wp:featuredmedia":[{"embeddable":true,"href":"https:\/\/edimeinter.com\/libreria\/wp-json\/wp\/v2\/media\/13341"}],"wp:attachment":[{"href":"https:\/\/edimeinter.com\/libreria\/wp-json\/wp\/v2\/media?parent=13340"}],"wp:term":[{"taxonomy":"product_cat","embeddable":true,"href":"https:\/\/edimeinter.com\/libreria\/wp-json\/wp\/v2\/product_cat?post=13340"},{"taxonomy":"product_tag","embeddable":true,"href":"https:\/\/edimeinter.com\/libreria\/wp-json\/wp\/v2\/product_tag?post=13340"}],"curies":[{"name":"wp","href":"https:\/\/api.w.org\/{rel}","templated":true}]}}