{"id":13365,"date":"2025-02-19T21:17:59","date_gmt":"2025-02-19T21:17:59","guid":{"rendered":"https:\/\/edimeinter.com\/libreria\/?post_type=product&#038;p=13365"},"modified":"2025-03-10T23:39:56","modified_gmt":"2025-03-10T23:39:56","slug":"teleneurologia-1a-edicion","status":"publish","type":"product","link":"https:\/\/edimeinter.com\/libreria\/product\/teleneurologia-1a-edicion\/","title":{"rendered":"Teleneurolog\u00eda. 1\u00aa Edici\u00f3n"},"content":{"rendered":"\t\t<div data-elementor-type=\"wp-post\" data-elementor-id=\"13365\" class=\"elementor elementor-13365\">\n\t\t\t\t<div class=\"elementor-element elementor-element-2612b12 e-flex e-con-boxed e-con e-parent\" data-id=\"2612b12\" data-element_type=\"container\" data-e-type=\"container\">\n\t\t\t\t\t<div class=\"e-con-inner\">\n\t\t\n\t\t<div class=\"elementor-element elementor-element-498707ae elementor-widget elementor-widget-text-editor\" data-id=\"498707ae\" data-element_type=\"widget\" data-e-type=\"widget\" data-widget_type=\"text-editor.default\">\n\t\t\t\t<div class=\"elementor-widget-container\">\n\t\t\t\t\t\t\t\t\t<p>En el cambiante escenario m\u00e9dico actual, el n\u00famero de profesionales que est\u00e1n incorporando la telemedicina a su pr\u00e1ctica cl\u00ednica es mayor que nunca.\u00a0<i>Teleneurolog\u00eda\u00a0<\/i>proporciona respuestas exhaustivas y pr\u00e1cticas a las numerosas preguntas que los m\u00e9dicos tienen sobre la implementaci\u00f3n y la expansi\u00f3n de una consulta de teleneurolog\u00eda. Este libro, que abarca desde las perspectivas hist\u00f3ricas hasta las posibilidades futuras en este campo en constante evoluci\u00f3n, contiene la informaci\u00f3n necesaria para utilizar con \u00e9xito esta nueva y prometedora opci\u00f3n a la hora de proveer una asistencia y unos cuidados \u00f3ptimos y adaptables a cada paciente.<\/p>\t\t\t\t\t\t\t\t<\/div>\n\t\t\t\t<\/div>\n\t\t\t\t\t<\/div>\n\t\t\t\t<\/div>\n\t\t\t\t<\/div>\n\t\t","protected":false},"excerpt":{"rendered":"<p><strong>Autores:<\/strong>\u00a0Randall Wright<br \/>\n<strong>ISBN:<\/strong>\u00a09788413822976<br \/>\n<strong>Editorial:<\/strong>\u00a0Elsevier<br \/>\n<strong>Edici\u00f3n:<\/strong>\u00a01\u00aa<br \/>\n<strong>Especialidad<\/strong>: Neurolog\u00eda y Neurocirug\u00eda<br \/>\n<strong>P\u00e1ginas<\/strong>: 224<br \/>\n\u00a9 2022<\/p>\n","protected":false},"featured_media":13366,"comment_status":"open","ping_status":"open","template":"","meta":{"_joinchat":[]},"product_cat":[166],"product_tag":[85,167],"class_list":{"0":"post-13365","1":"product","2":"type-product","3":"status-publish","4":"has-post-thumbnail","6":"product_cat-neurologia-y-neurocirugia","7":"product_tag-elsevier","8":"product_tag-neurologia-y-neurocirugia","10":"first","11":"instock","12":"featured","13":"taxable","14":"shipping-taxable","15":"purchasable","16":"product-type-simple"},"_links":{"self":[{"href":"https:\/\/edimeinter.com\/libreria\/wp-json\/wp\/v2\/product\/13365","targetHints":{"allow":["GET"]}}],"collection":[{"href":"https:\/\/edimeinter.com\/libreria\/wp-json\/wp\/v2\/product"}],"about":[{"href":"https:\/\/edimeinter.com\/libreria\/wp-json\/wp\/v2\/types\/product"}],"replies":[{"embeddable":true,"href":"https:\/\/edimeinter.com\/libreria\/wp-json\/wp\/v2\/comments?post=13365"}],"version-history":[{"count":1,"href":"https:\/\/edimeinter.com\/libreria\/wp-json\/wp\/v2\/product\/13365\/revisions"}],"predecessor-version":[{"id":15961,"href":"https:\/\/edimeinter.com\/libreria\/wp-json\/wp\/v2\/product\/13365\/revisions\/15961"}],"wp:featuredmedia":[{"embeddable":true,"href":"https:\/\/edimeinter.com\/libreria\/wp-json\/wp\/v2\/media\/13366"}],"wp:attachment":[{"href":"https:\/\/edimeinter.com\/libreria\/wp-json\/wp\/v2\/media?parent=13365"}],"wp:term":[{"taxonomy":"product_cat","embeddable":true,"href":"https:\/\/edimeinter.com\/libreria\/wp-json\/wp\/v2\/product_cat?post=13365"},{"taxonomy":"product_tag","embeddable":true,"href":"https:\/\/edimeinter.com\/libreria\/wp-json\/wp\/v2\/product_tag?post=13365"}],"curies":[{"name":"wp","href":"https:\/\/api.w.org\/{rel}","templated":true}]}}