{"id":13383,"date":"2025-02-19T21:36:11","date_gmt":"2025-02-19T21:36:11","guid":{"rendered":"https:\/\/edimeinter.com\/libreria\/?post_type=product&#038;p=13383"},"modified":"2025-03-10T23:43:42","modified_gmt":"2025-03-10T23:43:42","slug":"bradley-y-daroff-neurologia-clinica-8a-edicion","status":"publish","type":"product","link":"https:\/\/edimeinter.com\/libreria\/product\/bradley-y-daroff-neurologia-clinica-8a-edicion\/","title":{"rendered":"Bradley y Daroff. Neurolog\u00eda cl\u00ednica. 8\u00aa Edici\u00f3n"},"content":{"rendered":"\t\t<div data-elementor-type=\"wp-post\" data-elementor-id=\"13383\" class=\"elementor elementor-13383\">\n\t\t\t\t<div class=\"elementor-element elementor-element-2612b12 e-flex e-con-boxed e-con e-parent\" data-id=\"2612b12\" data-element_type=\"container\" data-e-type=\"container\">\n\t\t\t\t\t<div class=\"e-con-inner\">\n\t\t\n\t\t<div class=\"elementor-element elementor-element-498707ae elementor-widget elementor-widget-text-editor\" data-id=\"498707ae\" data-element_type=\"widget\" data-e-type=\"widget\" data-widget_type=\"text-editor.default\">\n\t\t\t\t<div class=\"elementor-widget-container\">\n\t\t\t\t\t\t\t\t\t<p dir=\"ltr\" align=\"left\">La nueva edici\u00f3n de Bradley y Daroff. Neurolog\u00eda cl\u00ednica es una pr\u00e1ctica herramienta de consulta para neur\u00f3logos tanto en ejercicio como en formaci\u00f3n. Proporciona, con un estilo claro y directo, informaci\u00f3n actualizada basada en la evidencia, reforzada por contenidos interactivos, as\u00ed como algoritmos de tratamiento y numerosas im\u00e1genes, que le ayudar\u00e1n a estar al d\u00eda en esta especialidad r\u00e1pidamente cambiante.<\/p><p dir=\"ltr\" align=\"left\">Esta obra en dos vol\u00famenes es ideal para la consulta diaria, ya que presenta los contenidos organizados por s\u00edntomas\/signos de presentaci\u00f3n y por entidades patol\u00f3gicas espec\u00edficas, lo cual agiliza el acceso a la informaci\u00f3n y, por tanto, la toma de decisiones cl\u00ednicas. M\u00e1s de 150 colaboradores, dirigidos por Joseph Jankovic, John C. Mazziotta, Scott L. Pomeroy y Nancy J. Newman, proporcionan directrices actualizadas para diagnosticar y tratar eficazmente los distintos trastornos neurol\u00f3gicos.<\/p>\t\t\t\t\t\t\t\t<\/div>\n\t\t\t\t<\/div>\n\t\t\t\t\t<\/div>\n\t\t\t\t<\/div>\n\t\t\t\t<\/div>\n\t\t","protected":false},"excerpt":{"rendered":"<p><strong>Autores:<\/strong>\u00a0Joseph Jankovic &amp; John C Mazziotta &amp; Scott Pomeroy &amp; Nancy J. Newman<br \/>\n<strong>ISBN:<\/strong>\u00a09788413822259<br \/>\n<strong>Editorial:<\/strong>\u00a0Elsevier<br \/>\n<strong>Edici\u00f3n:<\/strong>\u00a08\u00aa<br \/>\n<strong>Especialidad<\/strong>: Neurolog\u00eda y Neurocirug\u00eda<br \/>\n<strong>P\u00e1ginas<\/strong>: 2280<br \/>\n\u00a9 2022<\/p>\n","protected":false},"featured_media":13384,"comment_status":"open","ping_status":"open","template":"","meta":{"_joinchat":[]},"product_cat":[166],"product_tag":[85,167],"class_list":{"0":"post-13383","1":"product","2":"type-product","3":"status-publish","4":"has-post-thumbnail","6":"product_cat-neurologia-y-neurocirugia","7":"product_tag-elsevier","8":"product_tag-neurologia-y-neurocirugia","10":"first","11":"instock","12":"featured","13":"taxable","14":"shipping-taxable","15":"purchasable","16":"product-type-simple"},"_links":{"self":[{"href":"https:\/\/edimeinter.com\/libreria\/wp-json\/wp\/v2\/product\/13383","targetHints":{"allow":["GET"]}}],"collection":[{"href":"https:\/\/edimeinter.com\/libreria\/wp-json\/wp\/v2\/product"}],"about":[{"href":"https:\/\/edimeinter.com\/libreria\/wp-json\/wp\/v2\/types\/product"}],"replies":[{"embeddable":true,"href":"https:\/\/edimeinter.com\/libreria\/wp-json\/wp\/v2\/comments?post=13383"}],"version-history":[{"count":1,"href":"https:\/\/edimeinter.com\/libreria\/wp-json\/wp\/v2\/product\/13383\/revisions"}],"predecessor-version":[{"id":15964,"href":"https:\/\/edimeinter.com\/libreria\/wp-json\/wp\/v2\/product\/13383\/revisions\/15964"}],"wp:featuredmedia":[{"embeddable":true,"href":"https:\/\/edimeinter.com\/libreria\/wp-json\/wp\/v2\/media\/13384"}],"wp:attachment":[{"href":"https:\/\/edimeinter.com\/libreria\/wp-json\/wp\/v2\/media?parent=13383"}],"wp:term":[{"taxonomy":"product_cat","embeddable":true,"href":"https:\/\/edimeinter.com\/libreria\/wp-json\/wp\/v2\/product_cat?post=13383"},{"taxonomy":"product_tag","embeddable":true,"href":"https:\/\/edimeinter.com\/libreria\/wp-json\/wp\/v2\/product_tag?post=13383"}],"curies":[{"name":"wp","href":"https:\/\/api.w.org\/{rel}","templated":true}]}}