{"id":13389,"date":"2025-02-19T21:39:17","date_gmt":"2025-02-19T21:39:17","guid":{"rendered":"https:\/\/edimeinter.com\/libreria\/?post_type=product&#038;p=13389"},"modified":"2026-01-05T22:46:23","modified_gmt":"2026-01-05T22:46:23","slug":"campbell-cirugia-ortopedica-14a-edicion","status":"publish","type":"product","link":"https:\/\/edimeinter.com\/libreria\/product\/campbell-cirugia-ortopedica-14a-edicion\/","title":{"rendered":"Campbell. Cirug\u00eda ortop\u00e9dica. 14\u00aa Edici\u00f3n"},"content":{"rendered":"\t\t<div data-elementor-type=\"wp-post\" data-elementor-id=\"13389\" class=\"elementor elementor-13389\">\n\t\t\t\t<div class=\"elementor-element elementor-element-2612b12 e-flex e-con-boxed e-con e-parent\" data-id=\"2612b12\" data-element_type=\"container\" data-e-type=\"container\">\n\t\t\t\t\t<div class=\"e-con-inner\">\n\t\t\n\t\t<div class=\"elementor-element elementor-element-498707ae elementor-widget elementor-widget-text-editor\" data-id=\"498707ae\" data-element_type=\"widget\" data-e-type=\"widget\" data-widget_type=\"text-editor.default\">\n\t\t\t\t<div class=\"elementor-widget-container\">\n\t\t\t\t\t\t\t\t\t<p dir=\"ltr\" align=\"left\">Sin rival en cuanto a extensi\u00f3n y profundidad,\u00a0<i>Campbell. Cirug\u00eda ortop\u00e9dica<\/i>\u00a0contin\u00faa siendo el recurso m\u00e1s utilizado en el campo de la cirug\u00eda ortop\u00e9dica, y ha contado y cuenta con el aval de cirujanos de todo el mundo. La obra proporciona una orientaci\u00f3n plenamente fiable sobre cu\u00e1ndo y c\u00f3mo emplear las t\u00e9cnicas quir\u00fargicas m\u00e1s avanzadas necesarias en cada situaci\u00f3n, con actualizaciones que, en esta edici\u00f3n, incluyen cientos de nuevas t\u00e9cnicas, ilustraciones e im\u00e1genes diagn\u00f3sticas digitales que permiten al lector mantenerse al d\u00eda de las m\u00e1s recientes innovaciones.<\/p>\t\t\t\t\t\t\t\t<\/div>\n\t\t\t\t<\/div>\n\t\t\t\t\t<\/div>\n\t\t\t\t<\/div>\n\t\t\t\t<\/div>\n\t\t","protected":false},"excerpt":{"rendered":"<p><strong>Autores:<\/strong>\u00a0Frederick M Azar &amp; James H. Beaty<br \/>\n<strong>ISBN:<\/strong>\u00a09788413821733<br \/>\n<strong>Editorial:<\/strong>\u00a0Elsevier<br \/>\n<strong>Edici\u00f3n:<\/strong>\u00a014\u00aa<br \/>\n<strong>Especialidad<\/strong>: Ortopedia y Traumatolog\u00eda<br \/>\n<strong>P\u00e1ginas<\/strong>: 4952<br \/>\n\u00a9 2022<\/p>\n","protected":false},"featured_media":13390,"comment_status":"open","ping_status":"closed","template":"","meta":{"_joinchat":[]},"product_cat":[97],"product_tag":[85,98],"class_list":{"0":"post-13389","1":"product","2":"type-product","3":"status-publish","4":"has-post-thumbnail","6":"product_cat-ortopedia-y-traumatologia","7":"product_tag-elsevier","8":"product_tag-ortopedia-y-traumatologia","10":"first","11":"outofstock","12":"featured","13":"taxable","14":"shipping-taxable","15":"purchasable","16":"product-type-simple"},"_links":{"self":[{"href":"https:\/\/edimeinter.com\/libreria\/wp-json\/wp\/v2\/product\/13389","targetHints":{"allow":["GET"]}}],"collection":[{"href":"https:\/\/edimeinter.com\/libreria\/wp-json\/wp\/v2\/product"}],"about":[{"href":"https:\/\/edimeinter.com\/libreria\/wp-json\/wp\/v2\/types\/product"}],"replies":[{"embeddable":true,"href":"https:\/\/edimeinter.com\/libreria\/wp-json\/wp\/v2\/comments?post=13389"}],"version-history":[{"count":6,"href":"https:\/\/edimeinter.com\/libreria\/wp-json\/wp\/v2\/product\/13389\/revisions"}],"predecessor-version":[{"id":17457,"href":"https:\/\/edimeinter.com\/libreria\/wp-json\/wp\/v2\/product\/13389\/revisions\/17457"}],"wp:featuredmedia":[{"embeddable":true,"href":"https:\/\/edimeinter.com\/libreria\/wp-json\/wp\/v2\/media\/13390"}],"wp:attachment":[{"href":"https:\/\/edimeinter.com\/libreria\/wp-json\/wp\/v2\/media?parent=13389"}],"wp:term":[{"taxonomy":"product_cat","embeddable":true,"href":"https:\/\/edimeinter.com\/libreria\/wp-json\/wp\/v2\/product_cat?post=13389"},{"taxonomy":"product_tag","embeddable":true,"href":"https:\/\/edimeinter.com\/libreria\/wp-json\/wp\/v2\/product_tag?post=13389"}],"curies":[{"name":"wp","href":"https:\/\/api.w.org\/{rel}","templated":true}]}}