{"id":13395,"date":"2025-02-19T21:44:27","date_gmt":"2025-02-19T21:44:27","guid":{"rendered":"https:\/\/edimeinter.com\/libreria\/?post_type=product&#038;p=13395"},"modified":"2025-03-10T23:53:07","modified_gmt":"2025-03-10T23:53:07","slug":"manual-practico-de-instrumentacion-quirurgica-en-enfermeria-3a-edicion","status":"publish","type":"product","link":"https:\/\/edimeinter.com\/libreria\/product\/manual-practico-de-instrumentacion-quirurgica-en-enfermeria-3a-edicion\/","title":{"rendered":"Manual pr\u00e1ctico de instrumentaci\u00f3n quir\u00fargica en enfermer\u00eda. 3\u00aa Edici\u00f3n"},"content":{"rendered":"\t\t<div data-elementor-type=\"wp-post\" data-elementor-id=\"13395\" class=\"elementor elementor-13395\">\n\t\t\t\t<div class=\"elementor-element elementor-element-2612b12 e-flex e-con-boxed e-con e-parent\" data-id=\"2612b12\" data-element_type=\"container\" data-e-type=\"container\">\n\t\t\t\t\t<div class=\"e-con-inner\">\n\t\t\n\t\t<div class=\"elementor-element elementor-element-498707ae elementor-widget elementor-widget-text-editor\" data-id=\"498707ae\" data-element_type=\"widget\" data-e-type=\"widget\" data-widget_type=\"text-editor.default\">\n\t\t\t\t<div class=\"elementor-widget-container\">\n\t\t\t\t\t\t\t\t\t<p>Esta tercera edici\u00f3n incluye nuevos protocolos que se suman al ya extenso listado, \u00fanico en la literatura enfermera, que constituye un \u00ab<em>chuletario\u00a0<\/em>para tener en la taquilla de quir\u00f3fano y poder consultar si instrumentamos una cirug\u00eda nueva\u00bb, afirman sus autores.<\/p><p>Otra novedad es la inclusi\u00f3n de cap\u00edtulos donde se recogen los aspec\u00adtos m\u00e1s relevantes de la seguridad del paciente en el bloque quir\u00fargico, as\u00ed como los contenidos m\u00e1s destacables de la cirug\u00eda endosc\u00f3pica.<\/p><p>Obra redactada por expertos instrumentistas, supervisores de quir\u00f3fano y profesores universitarios, todos ellos enamorados de una profesi\u00f3n que va avanzando y perfeccion\u00e1ndose cada d\u00eda gracias a la constante investigaci\u00f3n.<\/p>\t\t\t\t\t\t\t\t<\/div>\n\t\t\t\t<\/div>\n\t\t\t\t\t<\/div>\n\t\t\t\t<\/div>\n\t\t\t\t<\/div>\n\t\t","protected":false},"excerpt":{"rendered":"<p><strong>Autores:<\/strong>\u00a0Isabel Serra Guill\u00e9n &amp; Luis Moreno Oliveras<br \/>\n<strong>ISBN:<\/strong>\u00a09788491139652<br \/>\n<strong>Editorial:<\/strong>\u00a0Elsevier<br \/>\n<strong>Edici\u00f3n:<\/strong>\u00a03\u00aa<br \/>\n<strong>Especialidad<\/strong>: Enfermer\u00eda<br \/>\n<strong>P\u00e1ginas<\/strong>: 368<br \/>\n\u00a9 2022<\/p>\n","protected":false},"featured_media":13396,"comment_status":"open","ping_status":"open","template":"","meta":{"_joinchat":[]},"product_cat":[115],"product_tag":[85,82],"class_list":{"0":"post-13395","1":"product","2":"type-product","3":"status-publish","4":"has-post-thumbnail","6":"product_cat-enfermeria","7":"product_tag-elsevier","8":"product_tag-enfermeria","10":"first","11":"instock","12":"featured","13":"taxable","14":"shipping-taxable","15":"purchasable","16":"product-type-simple"},"_links":{"self":[{"href":"https:\/\/edimeinter.com\/libreria\/wp-json\/wp\/v2\/product\/13395","targetHints":{"allow":["GET"]}}],"collection":[{"href":"https:\/\/edimeinter.com\/libreria\/wp-json\/wp\/v2\/product"}],"about":[{"href":"https:\/\/edimeinter.com\/libreria\/wp-json\/wp\/v2\/types\/product"}],"replies":[{"embeddable":true,"href":"https:\/\/edimeinter.com\/libreria\/wp-json\/wp\/v2\/comments?post=13395"}],"version-history":[{"count":1,"href":"https:\/\/edimeinter.com\/libreria\/wp-json\/wp\/v2\/product\/13395\/revisions"}],"predecessor-version":[{"id":15972,"href":"https:\/\/edimeinter.com\/libreria\/wp-json\/wp\/v2\/product\/13395\/revisions\/15972"}],"wp:featuredmedia":[{"embeddable":true,"href":"https:\/\/edimeinter.com\/libreria\/wp-json\/wp\/v2\/media\/13396"}],"wp:attachment":[{"href":"https:\/\/edimeinter.com\/libreria\/wp-json\/wp\/v2\/media?parent=13395"}],"wp:term":[{"taxonomy":"product_cat","embeddable":true,"href":"https:\/\/edimeinter.com\/libreria\/wp-json\/wp\/v2\/product_cat?post=13395"},{"taxonomy":"product_tag","embeddable":true,"href":"https:\/\/edimeinter.com\/libreria\/wp-json\/wp\/v2\/product_tag?post=13395"}],"curies":[{"name":"wp","href":"https:\/\/api.w.org\/{rel}","templated":true}]}}