{"id":13401,"date":"2025-02-19T21:51:54","date_gmt":"2025-02-19T21:51:54","guid":{"rendered":"https:\/\/edimeinter.com\/libreria\/?post_type=product&#038;p=13401"},"modified":"2025-03-11T00:02:41","modified_gmt":"2025-03-11T00:02:41","slug":"traumatologia-y-ortopedia-raquis-y-ortopedia-infantil-1a-edicion","status":"publish","type":"product","link":"https:\/\/edimeinter.com\/libreria\/product\/traumatologia-y-ortopedia-raquis-y-ortopedia-infantil-1a-edicion\/","title":{"rendered":"Traumatolog\u00eda y ortopedia. Raquis y ortopedia infantil. 1\u00aa Edici\u00f3n"},"content":{"rendered":"\t\t<div data-elementor-type=\"wp-post\" data-elementor-id=\"13401\" class=\"elementor elementor-13401\">\n\t\t\t\t<div class=\"elementor-element elementor-element-2612b12 e-flex e-con-boxed e-con e-parent\" data-id=\"2612b12\" data-element_type=\"container\" data-e-type=\"container\">\n\t\t\t\t\t<div class=\"e-con-inner\">\n\t\t\n\t\t<div class=\"elementor-element elementor-element-498707ae elementor-widget elementor-widget-text-editor\" data-id=\"498707ae\" data-element_type=\"widget\" data-e-type=\"widget\" data-widget_type=\"text-editor.default\">\n\t\t\t\t<div class=\"elementor-widget-container\">\n\t\t\t\t\t\t\t\t\t<p>La Sociedad Espa\u00f1ola de Cirug\u00eda ortop\u00e9dica y traumatolog\u00eda pone en marcha este tratado general que pretende abordar con exhaustividad todos aquellos temas de inter\u00e9s tanto para el cirujano ortop\u00e9dico general como para aquellos que est\u00e9n especializados en regiones concretas.<\/p><p>La obra completa estar\u00e1 compuesta de 4 vol\u00famenes que se comercializar\u00e1n de manera independiente, siendo el primero de ellos de car\u00e1cter m\u00e1s general\u00a0 y los tres siguientes con un enfoque m\u00e1s especializado.<\/p>\t\t\t\t\t\t\t\t<\/div>\n\t\t\t\t<\/div>\n\t\t\t\t\t<\/div>\n\t\t\t\t<\/div>\n\t\t\t\t<\/div>\n\t\t","protected":false},"excerpt":{"rendered":"<p><strong>Autores:<\/strong>\u00a0Rafael Gonz\u00e1lez D\u00edaz<br \/>\n<strong>ISBN:<\/strong>\u00a09788491131588<br \/>\n<strong>Editorial:<\/strong>\u00a0Elsevier<br \/>\n<strong>Edici\u00f3n:<\/strong>\u00a01\u00aa<br \/>\n<strong>Especialidad<\/strong>: Ortopedia y Traumatolog\u00eda<br \/>\n<strong>P\u00e1ginas<\/strong>: 544<br \/>\n\u00a9 2022<\/p>\n","protected":false},"featured_media":13403,"comment_status":"open","ping_status":"open","template":"","meta":{"_joinchat":[]},"product_cat":[97],"product_tag":[85,98],"class_list":{"0":"post-13401","1":"product","2":"type-product","3":"status-publish","4":"has-post-thumbnail","6":"product_cat-ortopedia-y-traumatologia","7":"product_tag-elsevier","8":"product_tag-ortopedia-y-traumatologia","10":"first","11":"instock","12":"featured","13":"taxable","14":"shipping-taxable","15":"purchasable","16":"product-type-simple"},"_links":{"self":[{"href":"https:\/\/edimeinter.com\/libreria\/wp-json\/wp\/v2\/product\/13401","targetHints":{"allow":["GET"]}}],"collection":[{"href":"https:\/\/edimeinter.com\/libreria\/wp-json\/wp\/v2\/product"}],"about":[{"href":"https:\/\/edimeinter.com\/libreria\/wp-json\/wp\/v2\/types\/product"}],"replies":[{"embeddable":true,"href":"https:\/\/edimeinter.com\/libreria\/wp-json\/wp\/v2\/comments?post=13401"}],"version-history":[{"count":2,"href":"https:\/\/edimeinter.com\/libreria\/wp-json\/wp\/v2\/product\/13401\/revisions"}],"predecessor-version":[{"id":15974,"href":"https:\/\/edimeinter.com\/libreria\/wp-json\/wp\/v2\/product\/13401\/revisions\/15974"}],"wp:featuredmedia":[{"embeddable":true,"href":"https:\/\/edimeinter.com\/libreria\/wp-json\/wp\/v2\/media\/13403"}],"wp:attachment":[{"href":"https:\/\/edimeinter.com\/libreria\/wp-json\/wp\/v2\/media?parent=13401"}],"wp:term":[{"taxonomy":"product_cat","embeddable":true,"href":"https:\/\/edimeinter.com\/libreria\/wp-json\/wp\/v2\/product_cat?post=13401"},{"taxonomy":"product_tag","embeddable":true,"href":"https:\/\/edimeinter.com\/libreria\/wp-json\/wp\/v2\/product_tag?post=13401"}],"curies":[{"name":"wp","href":"https:\/\/api.w.org\/{rel}","templated":true}]}}