{"id":13408,"date":"2025-02-19T22:01:17","date_gmt":"2025-02-19T22:01:17","guid":{"rendered":"https:\/\/edimeinter.com\/libreria\/?post_type=product&#038;p=13408"},"modified":"2025-03-11T00:05:23","modified_gmt":"2025-03-11T00:05:23","slug":"tecnicas-de-comunicacion-y-relacion-de-ayuda-en-ciencias-de-la-salud-4a-edicion","status":"publish","type":"product","link":"https:\/\/edimeinter.com\/libreria\/product\/tecnicas-de-comunicacion-y-relacion-de-ayuda-en-ciencias-de-la-salud-4a-edicion\/","title":{"rendered":"T\u00e9cnicas de comunicaci\u00f3n y relaci\u00f3n de ayuda en ciencias de la salud. 4\u00aa Edici\u00f3n"},"content":{"rendered":"\t\t<div data-elementor-type=\"wp-post\" data-elementor-id=\"13408\" class=\"elementor elementor-13408\">\n\t\t\t\t<div class=\"elementor-element elementor-element-2612b12 e-flex e-con-boxed e-con e-parent\" data-id=\"2612b12\" data-element_type=\"container\" data-e-type=\"container\">\n\t\t\t\t\t<div class=\"e-con-inner\">\n\t\t\n\t\t<div class=\"elementor-element elementor-element-498707ae elementor-widget elementor-widget-text-editor\" data-id=\"498707ae\" data-element_type=\"widget\" data-e-type=\"widget\" data-widget_type=\"text-editor.default\">\n\t\t\t\t<div class=\"elementor-widget-container\">\n\t\t\t\t\t\t\t\t\t<p>Referencia indiscutible para la formaci\u00f3n de los profesionales sanitarios en t\u00e9nicas de comunicaci\u00f3n. En esta nueva edici\u00f3n, los autors optan por reforzar la parte pr\u00e1ctica de la obra, incluyendo nuevos supuestos pr\u00e1cticos, y reducir la parte te\u00f3rica pero manteniendo las bases te\u00f3ricas que\u00a0controlan las diferentes herramientas y t\u00e9cnicas de comunicaci\u00f3n entre profesioanles sanitarios y pacientes. Sin perder el foco de las ediciones previas, en esta nueva edici\u00f3n se incluyen casu\u00edsticas concretas dirigidas a distintos profesionales sanitarios, as\u00ed como un nuevo cap\u00edtulo sobre la comunicaci\u00f3n telef\u00f3nica debido a su pr\u00e1ctica generalizada en el momento actual.<\/p>\t\t\t\t\t\t\t\t<\/div>\n\t\t\t\t<\/div>\n\t\t\t\t\t<\/div>\n\t\t\t\t<\/div>\n\t\t\t\t<\/div>\n\t\t","protected":false},"excerpt":{"rendered":"<p><strong>Autores:<\/strong>\u00a0Luis Cibanal Juan &amp; Mar\u00eda del Carmen Arce S\u00e1nchez &amp; Mar\u00eda del Consuelo Carballal Balsa<br \/>\n<strong>ISBN:<\/strong>\u00a09788413822488<br \/>\n<strong>Editorial:<\/strong>\u00a0Elsevier<br \/>\n<strong>Edici\u00f3n:<\/strong>\u00a04\u00aa<br \/>\n<strong>Especialidad<\/strong>: Enfermer\u00eda<br \/>\n<strong>P\u00e1ginas<\/strong>: 378<br \/>\n\u00a9 2022<\/p>\n","protected":false},"featured_media":13409,"comment_status":"open","ping_status":"open","template":"","meta":{"_joinchat":[]},"product_cat":[115],"product_tag":[85,82],"class_list":{"0":"post-13408","1":"product","2":"type-product","3":"status-publish","4":"has-post-thumbnail","6":"product_cat-enfermeria","7":"product_tag-elsevier","8":"product_tag-enfermeria","10":"first","11":"instock","12":"featured","13":"taxable","14":"shipping-taxable","15":"purchasable","16":"product-type-simple"},"_links":{"self":[{"href":"https:\/\/edimeinter.com\/libreria\/wp-json\/wp\/v2\/product\/13408","targetHints":{"allow":["GET"]}}],"collection":[{"href":"https:\/\/edimeinter.com\/libreria\/wp-json\/wp\/v2\/product"}],"about":[{"href":"https:\/\/edimeinter.com\/libreria\/wp-json\/wp\/v2\/types\/product"}],"replies":[{"embeddable":true,"href":"https:\/\/edimeinter.com\/libreria\/wp-json\/wp\/v2\/comments?post=13408"}],"version-history":[{"count":1,"href":"https:\/\/edimeinter.com\/libreria\/wp-json\/wp\/v2\/product\/13408\/revisions"}],"predecessor-version":[{"id":15975,"href":"https:\/\/edimeinter.com\/libreria\/wp-json\/wp\/v2\/product\/13408\/revisions\/15975"}],"wp:featuredmedia":[{"embeddable":true,"href":"https:\/\/edimeinter.com\/libreria\/wp-json\/wp\/v2\/media\/13409"}],"wp:attachment":[{"href":"https:\/\/edimeinter.com\/libreria\/wp-json\/wp\/v2\/media?parent=13408"}],"wp:term":[{"taxonomy":"product_cat","embeddable":true,"href":"https:\/\/edimeinter.com\/libreria\/wp-json\/wp\/v2\/product_cat?post=13408"},{"taxonomy":"product_tag","embeddable":true,"href":"https:\/\/edimeinter.com\/libreria\/wp-json\/wp\/v2\/product_tag?post=13408"}],"curies":[{"name":"wp","href":"https:\/\/api.w.org\/{rel}","templated":true}]}}