{"id":13414,"date":"2025-02-19T22:12:03","date_gmt":"2025-02-19T22:12:03","guid":{"rendered":"https:\/\/edimeinter.com\/libreria\/?post_type=product&#038;p=13414"},"modified":"2025-03-11T00:10:06","modified_gmt":"2025-03-11T00:10:06","slug":"modelos-y-teorias-en-enfermeria-10a-edicion","status":"publish","type":"product","link":"https:\/\/edimeinter.com\/libreria\/product\/modelos-y-teorias-en-enfermeria-10a-edicion\/","title":{"rendered":"Modelos y teor\u00edas en enfermer\u00eda. 10\u00aa Edici\u00f3n"},"content":{"rendered":"\t\t<div data-elementor-type=\"wp-post\" data-elementor-id=\"13414\" class=\"elementor elementor-13414\">\n\t\t\t\t<div class=\"elementor-element elementor-element-2612b12 e-flex e-con-boxed e-con e-parent\" data-id=\"2612b12\" data-element_type=\"container\" data-e-type=\"container\">\n\t\t\t\t\t<div class=\"e-con-inner\">\n\t\t\n\t\t<div class=\"elementor-element elementor-element-498707ae elementor-widget elementor-widget-text-editor\" data-id=\"498707ae\" data-element_type=\"widget\" data-e-type=\"widget\" data-widget_type=\"text-editor.default\">\n\t\t\t\t<div class=\"elementor-widget-container\">\n\t\t\t\t\t\t\t\t\t<p>En su d\u00e9cima edici\u00f3n, este libro sigue siendo un homenaje a las te\u00f3ricas de la enfermer\u00eda y es un cl\u00e1sico en la literatura sobre teor\u00edas enfermeras. Presenta a las principales pensadoras te\u00f3ricas de la enfermer\u00eda, revisa las ideas m\u00e1s importantes que han dado lugar a la creaci\u00f3n de conocimientos, enumera sus publicaciones e indica a los lectores qui\u00e9nes utilizan las obras y escriben sobre ellas en sus propias publicaciones te\u00f3ricas.<\/p><p>Se recogen los trabajos de te\u00f3ricas de la enfermer\u00eda de todo el mundo, incluidas las obras de te\u00f3ricas internacionales. Los trabajos de las te\u00f3ricas presentados en este texto han estimulado un crecimiento extraordinario de la literatura de enfermer\u00eda y han enriquecido la vida profesional de las enfermeras de todo el mundo al guiar la investigaci\u00f3n, la formaci\u00f3n, la administraci\u00f3n y la pr\u00e1ctica de la enfermer\u00eda.<\/p><p>De inter\u00e9s para enfermeras y estudiantes de todas las etapas de formaci\u00f3n y de la carrera profesional. Aquellos que acaban de empezar su formaci\u00f3n en enfermer\u00eda encontrar\u00e1n interesante la vida de las te\u00f3ricas, su enfoque conceptual, sus definiciones y sus afirmaciones te\u00f3ricas. Los estudiantes de posgrado, a nivel de m\u00e1ster y doctorado, se sentir\u00e1n m\u00e1s atra\u00eddos por el planteamiento l\u00f3gico, la aceptaci\u00f3n por parte de la comunidad de enfermer\u00eda, las fuentes te\u00f3ricas para el desarrollo de la teor\u00eda, el uso de datos emp\u00edricos y los an\u00e1lisis de cada trabajo.<\/p><p>La bibliograf\u00eda y las lecturas recomendadas son especialmente \u00fatiles para los estudiantes de posgrado, ya que les indican las fuentes primarias y secundarias que ampl\u00edan el conocimiento espec\u00edfico de cada te\u00f3rica.<\/p>\t\t\t\t\t\t\t\t<\/div>\n\t\t\t\t<\/div>\n\t\t\t\t\t<\/div>\n\t\t\t\t<\/div>\n\t\t\t\t<\/div>\n\t\t","protected":false},"excerpt":{"rendered":"<p><strong>Autores:<\/strong>\u00a0Martha Raile Alligood &amp; Ann Marriner Tomey<br \/>\n<strong>ISBN:<\/strong>\u00a09788413822990<br \/>\n<strong>Editorial:<\/strong>\u00a0Elsevier<br \/>\n<strong>Edici\u00f3n:<\/strong>\u00a010\u00aa<br \/>\n<strong>Especialidad<\/strong>: Enfermer\u00eda<br \/>\n<strong>P\u00e1ginas<\/strong>: 624<br \/>\n\u00a9 2022<\/p>\n","protected":false},"featured_media":13415,"comment_status":"open","ping_status":"open","template":"","meta":{"_joinchat":[]},"product_cat":[115],"product_tag":[85,82],"class_list":{"0":"post-13414","1":"product","2":"type-product","3":"status-publish","4":"has-post-thumbnail","6":"product_cat-enfermeria","7":"product_tag-elsevier","8":"product_tag-enfermeria","10":"first","11":"instock","12":"featured","13":"taxable","14":"shipping-taxable","15":"purchasable","16":"product-type-simple"},"_links":{"self":[{"href":"https:\/\/edimeinter.com\/libreria\/wp-json\/wp\/v2\/product\/13414","targetHints":{"allow":["GET"]}}],"collection":[{"href":"https:\/\/edimeinter.com\/libreria\/wp-json\/wp\/v2\/product"}],"about":[{"href":"https:\/\/edimeinter.com\/libreria\/wp-json\/wp\/v2\/types\/product"}],"replies":[{"embeddable":true,"href":"https:\/\/edimeinter.com\/libreria\/wp-json\/wp\/v2\/comments?post=13414"}],"version-history":[{"count":2,"href":"https:\/\/edimeinter.com\/libreria\/wp-json\/wp\/v2\/product\/13414\/revisions"}],"predecessor-version":[{"id":15977,"href":"https:\/\/edimeinter.com\/libreria\/wp-json\/wp\/v2\/product\/13414\/revisions\/15977"}],"wp:featuredmedia":[{"embeddable":true,"href":"https:\/\/edimeinter.com\/libreria\/wp-json\/wp\/v2\/media\/13415"}],"wp:attachment":[{"href":"https:\/\/edimeinter.com\/libreria\/wp-json\/wp\/v2\/media?parent=13414"}],"wp:term":[{"taxonomy":"product_cat","embeddable":true,"href":"https:\/\/edimeinter.com\/libreria\/wp-json\/wp\/v2\/product_cat?post=13414"},{"taxonomy":"product_tag","embeddable":true,"href":"https:\/\/edimeinter.com\/libreria\/wp-json\/wp\/v2\/product_tag?post=13414"}],"curies":[{"name":"wp","href":"https:\/\/api.w.org\/{rel}","templated":true}]}}