{"id":13420,"date":"2025-02-19T22:23:18","date_gmt":"2025-02-19T22:23:18","guid":{"rendered":"https:\/\/edimeinter.com\/libreria\/?post_type=product&#038;p=13420"},"modified":"2025-03-11T00:16:12","modified_gmt":"2025-03-11T00:16:12","slug":"terapia-manual-pediatrica-en-las-alteraciones-neuromusculoesqueleticas-del-bebe-y-el-nino-1a-edicion","status":"publish","type":"product","link":"https:\/\/edimeinter.com\/libreria\/product\/terapia-manual-pediatrica-en-las-alteraciones-neuromusculoesqueleticas-del-bebe-y-el-nino-1a-edicion\/","title":{"rendered":"Terapia manual pedi\u00e1trica en las alteraciones neuromusculoesquel\u00e9ticas del beb\u00e9 y el ni\u00f1o. 1\u00aa Edici\u00f3n"},"content":{"rendered":"\t\t<div data-elementor-type=\"wp-post\" data-elementor-id=\"13420\" class=\"elementor elementor-13420\">\n\t\t\t\t<div class=\"elementor-element elementor-element-2612b12 e-flex e-con-boxed e-con e-parent\" data-id=\"2612b12\" data-element_type=\"container\" data-e-type=\"container\">\n\t\t\t\t\t<div class=\"e-con-inner\">\n\t\t\n\t\t<div class=\"elementor-element elementor-element-498707ae elementor-widget elementor-widget-text-editor\" data-id=\"498707ae\" data-element_type=\"widget\" data-e-type=\"widget\" data-widget_type=\"text-editor.default\">\n\t\t\t\t<div class=\"elementor-widget-container\">\n\t\t\t\t\t\t\t\t\t<p>Obra que se hace eco de todas aquellas alteraciones vinculadas\u00a0a las alteraciones musculoesquel\u00e9ticas del ni\u00f1o y que son susceptibles de ser tratados desde la \u00f3ptica de la fisitoerapia.<\/p><p>Los autores desglosan de manera pormenorizada todas aquellas t\u00e9cnicas espec\u00edficas de tratamiento en terapia manual dirigida a pacientes pedi\u00e1tricos, as\u00ed como el conocimiento de las recomendaciones b\u00e1sicas para la familia y el entorno.<\/p><p>Texto basado en la evidencia en el que todos los cap\u00edtulos est\u00e1n organizados seg\u00fan un patr\u00f3n did\u00e1ctico dise\u00f1ado por los autores que proporciona los elementos necesarios para ayudar al lector a interiorizar cada uno de los conceptos y t\u00e9cnicas descritos.<\/p>\t\t\t\t\t\t\t\t<\/div>\n\t\t\t\t<\/div>\n\t\t\t\t\t<\/div>\n\t\t\t\t<\/div>\n\t\t\t\t<\/div>\n\t\t","protected":false},"excerpt":{"rendered":"<p><strong>Autores:<\/strong>\u00a0I\u00f1aki Pastor Pons<br \/>\n<strong>ISBN:<\/strong>\u00a09788491139041<br \/>\n<strong>Editorial:<\/strong>\u00a0Elsevier<br \/>\n<strong>Edici\u00f3n:<\/strong>\u00a01\u00aa<br \/>\n<strong>Especialidad<\/strong>: Fisioterapia<br \/>\n<strong>P\u00e1ginas<\/strong>: 280<br \/>\n\u00a9 2022<\/p>\n","protected":false},"featured_media":13421,"comment_status":"open","ping_status":"open","template":"","meta":{"_joinchat":[]},"product_cat":[111],"product_tag":[85,112],"class_list":{"0":"post-13420","1":"product","2":"type-product","3":"status-publish","4":"has-post-thumbnail","6":"product_cat-fisioterapia","7":"product_tag-elsevier","8":"product_tag-fisioterapia","10":"first","11":"instock","12":"featured","13":"taxable","14":"shipping-taxable","15":"purchasable","16":"product-type-simple"},"_links":{"self":[{"href":"https:\/\/edimeinter.com\/libreria\/wp-json\/wp\/v2\/product\/13420","targetHints":{"allow":["GET"]}}],"collection":[{"href":"https:\/\/edimeinter.com\/libreria\/wp-json\/wp\/v2\/product"}],"about":[{"href":"https:\/\/edimeinter.com\/libreria\/wp-json\/wp\/v2\/types\/product"}],"replies":[{"embeddable":true,"href":"https:\/\/edimeinter.com\/libreria\/wp-json\/wp\/v2\/comments?post=13420"}],"version-history":[{"count":1,"href":"https:\/\/edimeinter.com\/libreria\/wp-json\/wp\/v2\/product\/13420\/revisions"}],"predecessor-version":[{"id":15978,"href":"https:\/\/edimeinter.com\/libreria\/wp-json\/wp\/v2\/product\/13420\/revisions\/15978"}],"wp:featuredmedia":[{"embeddable":true,"href":"https:\/\/edimeinter.com\/libreria\/wp-json\/wp\/v2\/media\/13421"}],"wp:attachment":[{"href":"https:\/\/edimeinter.com\/libreria\/wp-json\/wp\/v2\/media?parent=13420"}],"wp:term":[{"taxonomy":"product_cat","embeddable":true,"href":"https:\/\/edimeinter.com\/libreria\/wp-json\/wp\/v2\/product_cat?post=13420"},{"taxonomy":"product_tag","embeddable":true,"href":"https:\/\/edimeinter.com\/libreria\/wp-json\/wp\/v2\/product_tag?post=13420"}],"curies":[{"name":"wp","href":"https:\/\/api.w.org\/{rel}","templated":true}]}}