{"id":13432,"date":"2025-02-19T22:28:39","date_gmt":"2025-02-19T22:28:39","guid":{"rendered":"https:\/\/edimeinter.com\/libreria\/?post_type=product&#038;p=13432"},"modified":"2025-07-25T16:16:56","modified_gmt":"2025-07-25T16:16:56","slug":"fisioterapia-en-procesos-oncologicos-y-quirurgicos-de-cabeza-y-cuello-1a-edicion","status":"publish","type":"product","link":"https:\/\/edimeinter.com\/libreria\/product\/fisioterapia-en-procesos-oncologicos-y-quirurgicos-de-cabeza-y-cuello-1a-edicion\/","title":{"rendered":"Fisioterapia en procesos oncol\u00f3gicos y quir\u00fargicos de cabeza y cuello. 1\u00aa Edici\u00f3n"},"content":{"rendered":"\t\t<div data-elementor-type=\"wp-post\" data-elementor-id=\"13432\" class=\"elementor elementor-13432\">\n\t\t\t\t<div class=\"elementor-element elementor-element-2612b12 e-flex e-con-boxed e-con e-parent\" data-id=\"2612b12\" data-element_type=\"container\" data-e-type=\"container\">\n\t\t\t\t\t<div class=\"e-con-inner\">\n\t\t\n\t\t<div class=\"elementor-element elementor-element-498707ae elementor-widget elementor-widget-text-editor\" data-id=\"498707ae\" data-element_type=\"widget\" data-e-type=\"widget\" data-widget_type=\"text-editor.default\">\n\t\t\t\t<div class=\"elementor-widget-container\">\n\t\t\t\t\t\t\t\t\t<p dir=\"ltr\" align=\"justify\">Obra innovadora dentro del \u00e1mbito de la fisioterapia que tiene como objetivo principal la recopilaci\u00f3n de procedimientos basados en la evidencia que avale o desconseje la aplicaci\u00f3n de intervenciones fisioterap\u00e9utticas habituales para el tratamiento de las afecciones y secuelas ocasionadas por intervenciones quir\u00fargicas o procesos oncol\u00f3gicos de la regi\u00f3n de cabeza y cuello. Dirigida a fisioterapeutas, terapeutas manuales, rehabilitadores y cualquier otro especialista involucrado en este tipo de intervenciones. Su enfoque mixto hace que sea un contenido de inter\u00e9s para los estudiantes del Grado de Fisioterapia y dirigido a cubrir una asignatura que actualmente es de cat\u00e1cter optativo y que tiene una carga lectiva que va de los 3 a los 6 ECTS.<\/p>\t\t\t\t\t\t\t\t<\/div>\n\t\t\t\t<\/div>\n\t\t\t\t\t<\/div>\n\t\t\t\t<\/div>\n\t\t\t\t<\/div>\n\t\t","protected":false},"excerpt":{"rendered":"<p><strong>Autores:<\/strong>\u00a0Tom\u00e1s P\u00e9rez Fern\u00e1ndez &amp; \u00c1lvaro Parra Gonz\u00e1lez<br \/>\n<strong>ISBN:<\/strong>\u00a09788491138341<br \/>\n<strong>Editorial:<\/strong>\u00a0Elsevier<br \/>\n<strong>Edici\u00f3n:<\/strong>\u00a01\u00aa<br \/>\n<strong>Especialidad<\/strong>: Fisioterapia<br \/>\n<strong>P\u00e1ginas<\/strong>: 408<br \/>\n\u00a9 2022<\/p>\n","protected":false},"featured_media":13433,"comment_status":"open","ping_status":"closed","template":"","meta":{"_joinchat":[]},"product_cat":[111],"product_tag":[85,112],"class_list":{"0":"post-13432","1":"product","2":"type-product","3":"status-publish","4":"has-post-thumbnail","6":"product_cat-fisioterapia","7":"product_tag-elsevier","8":"product_tag-fisioterapia","10":"first","11":"instock","12":"featured","13":"taxable","14":"shipping-taxable","15":"purchasable","16":"product-type-simple"},"_links":{"self":[{"href":"https:\/\/edimeinter.com\/libreria\/wp-json\/wp\/v2\/product\/13432","targetHints":{"allow":["GET"]}}],"collection":[{"href":"https:\/\/edimeinter.com\/libreria\/wp-json\/wp\/v2\/product"}],"about":[{"href":"https:\/\/edimeinter.com\/libreria\/wp-json\/wp\/v2\/types\/product"}],"replies":[{"embeddable":true,"href":"https:\/\/edimeinter.com\/libreria\/wp-json\/wp\/v2\/comments?post=13432"}],"version-history":[{"count":2,"href":"https:\/\/edimeinter.com\/libreria\/wp-json\/wp\/v2\/product\/13432\/revisions"}],"predecessor-version":[{"id":16994,"href":"https:\/\/edimeinter.com\/libreria\/wp-json\/wp\/v2\/product\/13432\/revisions\/16994"}],"wp:featuredmedia":[{"embeddable":true,"href":"https:\/\/edimeinter.com\/libreria\/wp-json\/wp\/v2\/media\/13433"}],"wp:attachment":[{"href":"https:\/\/edimeinter.com\/libreria\/wp-json\/wp\/v2\/media?parent=13432"}],"wp:term":[{"taxonomy":"product_cat","embeddable":true,"href":"https:\/\/edimeinter.com\/libreria\/wp-json\/wp\/v2\/product_cat?post=13432"},{"taxonomy":"product_tag","embeddable":true,"href":"https:\/\/edimeinter.com\/libreria\/wp-json\/wp\/v2\/product_tag?post=13432"}],"curies":[{"name":"wp","href":"https:\/\/api.w.org\/{rel}","templated":true}]}}