{"id":13438,"date":"2025-02-19T22:32:26","date_gmt":"2025-02-19T22:32:26","guid":{"rendered":"https:\/\/edimeinter.com\/libreria\/?post_type=product&#038;p=13438"},"modified":"2025-03-11T00:26:20","modified_gmt":"2025-03-11T00:26:20","slug":"electroterapia-practica-2a-edicion","status":"publish","type":"product","link":"https:\/\/edimeinter.com\/libreria\/product\/electroterapia-practica-2a-edicion\/","title":{"rendered":"Electroterapia pr\u00e1ctica. 2\u00aa Edici\u00f3n"},"content":{"rendered":"\t\t<div data-elementor-type=\"wp-post\" data-elementor-id=\"13438\" class=\"elementor elementor-13438\">\n\t\t\t\t<div class=\"elementor-element elementor-element-2612b12 e-flex e-con-boxed e-con e-parent\" data-id=\"2612b12\" data-element_type=\"container\" data-e-type=\"container\">\n\t\t\t\t\t<div class=\"e-con-inner\">\n\t\t\n\t\t<div class=\"elementor-element elementor-element-498707ae elementor-widget elementor-widget-text-editor\" data-id=\"498707ae\" data-element_type=\"widget\" data-e-type=\"widget\" data-widget_type=\"text-editor.default\">\n\t\t\t\t<div class=\"elementor-widget-container\">\n\t\t\t\t\t\t\t\t\t<p>La nueva edici\u00f3n de esta obra contin\u00faa la labor de afianzar los conocimientos te\u00f3ricos de este campo de la fisioterapia, fundament\u00e1ndolos en una base cient\u00edfica e investigativa, y detallando con claridad su aplicaci\u00f3n pr\u00e1ctica.<\/p><p>Esta segunda edici\u00f3n enriquece, actualiza y ampl\u00eda la primera para recoger las \u00faltimas novedades y cumplir las necesidades formativas de la fisioterapia actual. Cada cap\u00edtulo identifica, desde la investigaci\u00f3n cl\u00ednica, los par\u00e1metros terap\u00e9uticos de dosis-respuesta m\u00e1s apropiados.<\/p><p>Los nuevos cap\u00edtulos tratan la electr\u00f3lisis percut\u00e1nea-galv\u00e1nica, la neurofisiolog\u00eda del dolor aplicada a la electroterapia de baja y media frecuencia, y la estimulaci\u00f3n inductiva de alta intensidad.<\/p><p>Se dirige a los estudiantes de Fisioterapia y los profesionales que busquen actualizarse en este campo, as\u00ed como a los estudiantes y profesionales de otras ramas de las ciencias de la salud y a los de las ciencias de la actividad f\u00edsica y el deporte.<\/p>\t\t\t\t\t\t\t\t<\/div>\n\t\t\t\t<\/div>\n\t\t\t\t\t<\/div>\n\t\t\t\t<\/div>\n\t\t\t\t<\/div>\n\t\t","protected":false},"excerpt":{"rendered":"<div>\n<p><strong>Autores:<\/strong>\u00a0Manuel Albornoz Cabello &amp; Juli\u00e1n Maya Mart\u00edn &amp; Jos\u00e9 Vicente Toledo Marhuenda<br \/>\n<strong>ISBN:<\/strong>\u00a09788491139409<br \/>\n<strong>Editorial:<\/strong>\u00a0Elsevier<br \/>\n<strong>Edici\u00f3n:<\/strong>\u00a02\u00aa<br \/>\n<strong>Especialidad<\/strong>: Fisioterapia<br \/>\n<strong>P\u00e1ginas<\/strong>: 408<br \/>\n\u00a9 2022<\/p>\n<\/div>\n","protected":false},"featured_media":13439,"comment_status":"open","ping_status":"open","template":"","meta":{"_joinchat":[]},"product_cat":[111],"product_tag":[85,112],"class_list":{"0":"post-13438","1":"product","2":"type-product","3":"status-publish","4":"has-post-thumbnail","6":"product_cat-fisioterapia","7":"product_tag-elsevier","8":"product_tag-fisioterapia","10":"first","11":"instock","12":"featured","13":"taxable","14":"shipping-taxable","15":"purchasable","16":"product-type-simple"},"_links":{"self":[{"href":"https:\/\/edimeinter.com\/libreria\/wp-json\/wp\/v2\/product\/13438","targetHints":{"allow":["GET"]}}],"collection":[{"href":"https:\/\/edimeinter.com\/libreria\/wp-json\/wp\/v2\/product"}],"about":[{"href":"https:\/\/edimeinter.com\/libreria\/wp-json\/wp\/v2\/types\/product"}],"replies":[{"embeddable":true,"href":"https:\/\/edimeinter.com\/libreria\/wp-json\/wp\/v2\/comments?post=13438"}],"version-history":[{"count":1,"href":"https:\/\/edimeinter.com\/libreria\/wp-json\/wp\/v2\/product\/13438\/revisions"}],"predecessor-version":[{"id":15982,"href":"https:\/\/edimeinter.com\/libreria\/wp-json\/wp\/v2\/product\/13438\/revisions\/15982"}],"wp:featuredmedia":[{"embeddable":true,"href":"https:\/\/edimeinter.com\/libreria\/wp-json\/wp\/v2\/media\/13439"}],"wp:attachment":[{"href":"https:\/\/edimeinter.com\/libreria\/wp-json\/wp\/v2\/media?parent=13438"}],"wp:term":[{"taxonomy":"product_cat","embeddable":true,"href":"https:\/\/edimeinter.com\/libreria\/wp-json\/wp\/v2\/product_cat?post=13438"},{"taxonomy":"product_tag","embeddable":true,"href":"https:\/\/edimeinter.com\/libreria\/wp-json\/wp\/v2\/product_tag?post=13438"}],"curies":[{"name":"wp","href":"https:\/\/api.w.org\/{rel}","templated":true}]}}