{"id":13444,"date":"2025-02-19T22:36:26","date_gmt":"2025-02-19T22:36:26","guid":{"rendered":"https:\/\/edimeinter.com\/libreria\/?post_type=product&#038;p=13444"},"modified":"2025-03-11T00:27:29","modified_gmt":"2025-03-11T00:27:29","slug":"manual-de-fisioterapia-en-traumatologia-2a-edicion","status":"publish","type":"product","link":"https:\/\/edimeinter.com\/libreria\/product\/manual-de-fisioterapia-en-traumatologia-2a-edicion\/","title":{"rendered":"Manual de fisioterapia en Traumatolog\u00eda. 2\u00aa Edici\u00f3n"},"content":{"rendered":"\t\t<div data-elementor-type=\"wp-post\" data-elementor-id=\"13444\" class=\"elementor elementor-13444\">\n\t\t\t\t<div class=\"elementor-element elementor-element-2612b12 e-flex e-con-boxed e-con e-parent\" data-id=\"2612b12\" data-element_type=\"container\" data-e-type=\"container\">\n\t\t\t\t\t<div class=\"e-con-inner\">\n\t\t\n\t\t<div class=\"elementor-element elementor-element-498707ae elementor-widget elementor-widget-text-editor\" data-id=\"498707ae\" data-element_type=\"widget\" data-e-type=\"widget\" data-widget_type=\"text-editor.default\">\n\t\t\t\t<div class=\"elementor-widget-container\">\n\t\t\t\t\t\t\t\t\t<p>Gu\u00eda en el aprendizaje y el afianzamiento de los conocimientos b\u00e1sicos para el abordaje preventivo y terap\u00e9utico, desde la fisioterapia, de pacientes con disfunciones del aparato locomotor vinculadas a causas traum\u00e1ticas, dirigida a los alumnos de Fisioterapia y a los fisioterapeutas noveles que ejercer\u00e1n su labor asistencial con pacientes que sufran disfunciones traumatol\u00f3gicas del aparato locomotor.<\/p><p>La nueva edici\u00f3n continua con el objetivo de servir de gu\u00eda, aprendizaje y recuerdo de aquellos conocimientos b\u00e1sicos expuestos en los temas desarrollados. No se pretende profundizar en complejos contenidos acad\u00e9micos ni en m\u00e9todos especiales, pero s\u00ed despertar la curiosidad y, por tanto, la motivaci\u00f3n por la Fisioterapia en las lesiones traumatol\u00f3gicas.<\/p><p>El an\u00e1lisis anatomo-biomec\u00e1nico y patol\u00f3gico marca los objetivos fisioter\u00e1picos y la elecci\u00f3n de las t\u00e9cnicas fisioter\u00e1picas adecuadas en cada una de las patolog\u00edas, ya que no existe un \u00fanico camino hacia el planteamiento exitoso.<\/p><p>El texto desarrolla los diferentes procesos patol\u00f3gicos de forma general (fracturas, luxaciones, lesiones ligamentosas, tendinopat\u00edas, etc.), matizando el tratamiento fisioterap\u00e9utico en funci\u00f3n de la localizaci\u00f3n (hombro, codo, mano, etc.) y con el respaldo de la\u00a0evidencia cient\u00edfica\u00a0al respecto.<\/p>\t\t\t\t\t\t\t\t<\/div>\n\t\t\t\t<\/div>\n\t\t\t\t\t<\/div>\n\t\t\t\t<\/div>\n\t\t\t\t<\/div>\n\t\t","protected":false},"excerpt":{"rendered":"<p><strong>Autores:<\/strong>\u00a0Esther D\u00edaz Mohedo<br \/>\n<strong>ISBN:<\/strong>\u00a09788491138976<br \/>\n<strong>Editorial:<\/strong>\u00a0Elsevier<br \/>\n<strong>Edici\u00f3n:<\/strong>\u00a02\u00aa<br \/>\n<strong>Especialidad<\/strong>: Fisioterapia<br \/>\n<strong>P\u00e1ginas<\/strong>: 288<br \/>\n\u00a9 2022<\/p>\n","protected":false},"featured_media":13445,"comment_status":"open","ping_status":"open","template":"","meta":{"_joinchat":[]},"product_cat":[111],"product_tag":[85,112],"class_list":{"0":"post-13444","1":"product","2":"type-product","3":"status-publish","4":"has-post-thumbnail","6":"product_cat-fisioterapia","7":"product_tag-elsevier","8":"product_tag-fisioterapia","10":"first","11":"instock","12":"featured","13":"taxable","14":"shipping-taxable","15":"purchasable","16":"product-type-simple"},"_links":{"self":[{"href":"https:\/\/edimeinter.com\/libreria\/wp-json\/wp\/v2\/product\/13444","targetHints":{"allow":["GET"]}}],"collection":[{"href":"https:\/\/edimeinter.com\/libreria\/wp-json\/wp\/v2\/product"}],"about":[{"href":"https:\/\/edimeinter.com\/libreria\/wp-json\/wp\/v2\/types\/product"}],"replies":[{"embeddable":true,"href":"https:\/\/edimeinter.com\/libreria\/wp-json\/wp\/v2\/comments?post=13444"}],"version-history":[{"count":1,"href":"https:\/\/edimeinter.com\/libreria\/wp-json\/wp\/v2\/product\/13444\/revisions"}],"predecessor-version":[{"id":15983,"href":"https:\/\/edimeinter.com\/libreria\/wp-json\/wp\/v2\/product\/13444\/revisions\/15983"}],"wp:featuredmedia":[{"embeddable":true,"href":"https:\/\/edimeinter.com\/libreria\/wp-json\/wp\/v2\/media\/13445"}],"wp:attachment":[{"href":"https:\/\/edimeinter.com\/libreria\/wp-json\/wp\/v2\/media?parent=13444"}],"wp:term":[{"taxonomy":"product_cat","embeddable":true,"href":"https:\/\/edimeinter.com\/libreria\/wp-json\/wp\/v2\/product_cat?post=13444"},{"taxonomy":"product_tag","embeddable":true,"href":"https:\/\/edimeinter.com\/libreria\/wp-json\/wp\/v2\/product_tag?post=13444"}],"curies":[{"name":"wp","href":"https:\/\/api.w.org\/{rel}","templated":true}]}}