{"id":13450,"date":"2025-02-19T22:43:03","date_gmt":"2025-02-19T22:43:03","guid":{"rendered":"https:\/\/edimeinter.com\/libreria\/?post_type=product&#038;p=13450"},"modified":"2025-03-11T00:28:38","modified_gmt":"2025-03-11T00:28:38","slug":"williams-nutricion-basica-y-dietoterapia-16a-edicion","status":"publish","type":"product","link":"https:\/\/edimeinter.com\/libreria\/product\/williams-nutricion-basica-y-dietoterapia-16a-edicion\/","title":{"rendered":"Williams. Nutrici\u00f3n b\u00e1sica y dietoterapia. 16\u00aa Edici\u00f3n"},"content":{"rendered":"\t\t<div data-elementor-type=\"wp-post\" data-elementor-id=\"13450\" class=\"elementor elementor-13450\">\n\t\t\t\t<div class=\"elementor-element elementor-element-2612b12 e-flex e-con-boxed e-con e-parent\" data-id=\"2612b12\" data-element_type=\"container\" data-e-type=\"container\">\n\t\t\t\t\t<div class=\"e-con-inner\">\n\t\t\n\t\t<div class=\"elementor-element elementor-element-498707ae elementor-widget elementor-widget-text-editor\" data-id=\"498707ae\" data-element_type=\"widget\" data-e-type=\"widget\" data-widget_type=\"text-editor.default\">\n\t\t\t\t<div class=\"elementor-widget-container\">\n\t\t\t\t\t\t\t\t\t<p>Obra que refleja el car\u00e1cter evolutivo de la ciencia de la nutrici\u00f3n y de sus directrices basadas en la evidencia. Con un contenido actualizado que sigue las l\u00edneas marcadas por la m\u00e1s reciente bibliograf\u00eda especializada, su objetivo es presentar los principios cient\u00edficos fundacionales de la nutrici\u00f3n y de sus aplicaciones, orientadas a la atenci\u00f3n centrada en la persona.<\/p><p>La actualizaci\u00f3n de los contenidos recoge las mejores pr\u00e1cticas actuales y las directrices basadas en la evidencia m\u00e1s recientes y la iconograf\u00eda ayuda a comprender los conceptos y la pr\u00e1ctica cl\u00ednica.<\/p><p>Incluye diferentes ayudas al aprendizaje como las aperturas de cap\u00edtulo que centran al estudiante en el objeto de estudio, los cuadros especiales que optimizan la interpretaci\u00f3n de los conceptos, los casos cl\u00ednicos o las gu\u00edas de dietoterapia, las definiciones de t\u00e9rminos clave a lo largo de los cap\u00edtulos y en un glosario, al final del libro; res\u00famenes en formato de lista para el repaso, preguntas de opci\u00f3n m\u00faltiple y referencias bibliogr\u00e1ficas.<\/p><p>Dirigido a los estudiantes de los diferentes programas de estudios de Enfermer\u00eda, y a los t\u00e9cnicos en diet\u00e9tica, tambi\u00e9n ser\u00e1 de utilidad en los programas de otros estudios sanitarios.<\/p>\t\t\t\t\t\t\t\t<\/div>\n\t\t\t\t<\/div>\n\t\t\t\t\t<\/div>\n\t\t\t\t<\/div>\n\t\t\t\t<\/div>\n\t\t","protected":false},"excerpt":{"rendered":"<p><strong>Autores:<\/strong>\u00a0Staci Nix McIntosh<br \/>\n<strong>ISBN:<\/strong>\u00a09788413822440<br \/>\n<strong>Editorial:<\/strong>\u00a0Elsevier<br \/>\n<strong>Edici\u00f3n:<\/strong>\u00a016\u00aa<br \/>\n<strong>Especialidad<\/strong>: Nutrici\u00f3n y Dietoterapia<br \/>\n<strong>P\u00e1ginas<\/strong>: 576<br \/>\n\u00a9 2022<\/p>\n","protected":false},"featured_media":13451,"comment_status":"open","ping_status":"open","template":"","meta":{"_joinchat":[]},"product_cat":[106],"product_tag":[85,107],"class_list":{"0":"post-13450","1":"product","2":"type-product","3":"status-publish","4":"has-post-thumbnail","6":"product_cat-nutricion-y-dietoterapia","7":"product_tag-elsevier","8":"product_tag-nutricion-y-dietoterapia","10":"first","11":"instock","12":"featured","13":"taxable","14":"shipping-taxable","15":"purchasable","16":"product-type-simple"},"_links":{"self":[{"href":"https:\/\/edimeinter.com\/libreria\/wp-json\/wp\/v2\/product\/13450","targetHints":{"allow":["GET"]}}],"collection":[{"href":"https:\/\/edimeinter.com\/libreria\/wp-json\/wp\/v2\/product"}],"about":[{"href":"https:\/\/edimeinter.com\/libreria\/wp-json\/wp\/v2\/types\/product"}],"replies":[{"embeddable":true,"href":"https:\/\/edimeinter.com\/libreria\/wp-json\/wp\/v2\/comments?post=13450"}],"version-history":[{"count":1,"href":"https:\/\/edimeinter.com\/libreria\/wp-json\/wp\/v2\/product\/13450\/revisions"}],"predecessor-version":[{"id":15984,"href":"https:\/\/edimeinter.com\/libreria\/wp-json\/wp\/v2\/product\/13450\/revisions\/15984"}],"wp:featuredmedia":[{"embeddable":true,"href":"https:\/\/edimeinter.com\/libreria\/wp-json\/wp\/v2\/media\/13451"}],"wp:attachment":[{"href":"https:\/\/edimeinter.com\/libreria\/wp-json\/wp\/v2\/media?parent=13450"}],"wp:term":[{"taxonomy":"product_cat","embeddable":true,"href":"https:\/\/edimeinter.com\/libreria\/wp-json\/wp\/v2\/product_cat?post=13450"},{"taxonomy":"product_tag","embeddable":true,"href":"https:\/\/edimeinter.com\/libreria\/wp-json\/wp\/v2\/product_tag?post=13450"}],"curies":[{"name":"wp","href":"https:\/\/api.w.org\/{rel}","templated":true}]}}